{"id":1621,"date":"2026-01-08T08:08:05","date_gmt":"2026-01-08T08:08:05","guid":{"rendered":"https:\/\/thespinsahara.com\/app\/"},"modified":"2026-01-08T09:40:39","modified_gmt":"2026-01-08T09:40:39","slug":"app","status":"publish","type":"page","link":"https:\/\/thespinsahara.com\/de\/app\/","title":{"rendered":"App"},"content":{"rendered":"<h1>Spinsahara App<\/h1>\n<p>Die neueste Spinsahara App ist bereit, der Casino-Branche unser reibungsloses mobiles Spielerlebnis zu demonstrieren. Wir sind das perfekte Tool f\u00fcr Menschen, die ihre Lieblings-Online-Casinospiele jederzeit und \u00fcberall nonstop spielen m\u00f6chten. Die App ist f\u00fcr eine schnelle und bequeme Nutzung konzipiert und bietet eine sichere und benutzerfreundliche Plattform, die die Desktop-Version der Spiele auf dem kleineren Bildschirm von Mobilger\u00e4ten darstellt. Unabh\u00e4ngig davon, ob Sie ein Android- oder iOS-Ger\u00e4t verwenden, garantiert Spin Sahara schnellen Zugriff auf eine gro\u00dfe Auswahl an Online-Slots, Tischspielen und Live-Gl\u00fccksspieloptionen.<\/p>\n<div class=\"banner-wrap\" aria-label=\"Banner\"><img src=\"https:\/\/thespinsahara.com\/wp-content\/uploads\/2026\/01\/Spinsahara-banner-carousel-932\u0445400-12.webp\" class=\"w-100 d-none d-lg-block img-pc main-banner-img\" alt=\"Spinsahara banner carousel 932\u0445400-12\" fetchpriority=\"high\" decoding=\"async\"><img src=\"https:\/\/thespinsahara.com\/wp-content\/uploads\/2026\/01\/Frame-35.webp\" class=\"w-100 d-none d-md-block d-lg-none main-banner-img\" alt=\"Frame 35\" fetchpriority=\"high\" decoding=\"async\"><img src=\"https:\/\/thespinsahara.com\/wp-content\/uploads\/2026\/01\/Frame-35.webp\" class=\"w-100 d-md-none\" alt=\"Frame 35\" fetchpriority=\"high\" decoding=\"async\"><div class=\"banner-description\">\n<div class=\"banner-title\">Willkommensboni<\/div>\n<p class=\"banner-header-title\">\u20ac1500<\/p>\n<div class=\"banner-header-AdditionalText\">+250 Freispiele<\/div>\n<p>&nbsp;<\/p>\n<div class=\"m-button-content\"><button data-item=\"homepage_banner_link\" class=\"goto m-button m-gradient-border m-button--primary m-button--large banner-button btn-orange\">\n            <div class=\"m-button-content\">\n                <span>Jetzt anmelden<\/span>\n                <span><\/span>\n            <\/div>\n        <\/button><\/div>\n<p>&nbsp;<\/p>\n<\/div>\n<div class=\"WelcomePack\">\n<p><img loading=\"lazy\" decoding=\"async\" class=\"alignnone size-full wp-image-1373\" src=\"https:\/\/thespinsahara.com\/wp-content\/uploads\/2026\/01\/welcome-crown.svg\" alt=\"welcome crown\" width=\"25\" height=\"26\" \/><\/p>\n<div class=\"WelcomePack-Info\">W\u00f6chentliches Cashback bis zu 25 %<\/div>\n<p><img loading=\"lazy\" decoding=\"async\" class=\"alignnone size-full wp-image-1373\" src=\"https:\/\/thespinsahara.com\/wp-content\/uploads\/2026\/01\/welcome-crown.svg\" alt=\"welcome crown\" width=\"25\" height=\"26\" \/><\/p>\n<\/div>\n<\/div>\n<h2>Spinsahara Casino in Ihrer Tasche<\/h2>\n<p>Unsere neu entwickelte Spinsahara-App verwandelt Ihr mobiles Ger\u00e4t in ein vollwertiges Casino. Wir bieten Ihnen ein schnelles und reibungsloses Spielerlebnis, ohne dass Sie einen PC ben\u00f6tigen. Normalerweise mussten Sie zum Spielen von Casinospielen Ihren Computer starten, warten, bis alles geladen war, und konnten dann endlich loslegen. Das ist jetzt nicht mehr n\u00f6tig. Das bedeutet, dass Sie gro\u00dfartige Spiele \u00fcberall genie\u00dfen k\u00f6nnen, da das Spielerlebnis auf h\u00f6chstem Niveau ist. Sie haben sofortigen Zugriff auf unsere zahlreichen Spielautomaten \u2013 All Lucky Clovers, Burning Chilli warten auf Sie. Wir haben mobile, einfache Zahlungsdienste und Support in Echtzeit eingerichtet. Die einfache Bedienung unserer Spinsahara-App und ihre gro\u00dfartigen Bilder machen den Spielprozess sehr einfach und interessant, unabh\u00e4ngig von der Gr\u00f6\u00dfe Ihres Ger\u00e4ts oder dessen Betriebssystem. Neben dieser Bequemlichkeit und aufgrund der fortschrittlichen Sicherheitsfunktionen ist Spin Sahara die erste Wahl f\u00fcr Liebhaber des mobilen Gl\u00fccksspiels.<\/p>\n<h3>Vor- und Nachteile der mobilen Version<\/h3>\n<p>Werfen Sie einen Blick auf die Tabelle, die die Vor- und Nachteile der Nutzung unserer mobilen Version im Vergleich zur Vollversion aufzeigt, und entscheiden Sie selbst, was f\u00fcr Sie am besten geeignet ist:<\/p>\n<table>\n<tbody>\n<tr>\n<td>Vorteile<\/td>\n<td>Nachteile<\/td>\n<\/tr>\n<tr>\n<td>Einfache Installation \u00fcber PWA<\/td>\n<td>Erfordert eine stabile Internetverbindung<\/td>\n<\/tr>\n<tr>\n<td>Schneller Zugriff<\/td>\n<td>Einige Spiele sind nicht verf\u00fcgbar<\/td>\n<\/tr>\n<tr>\n<td>Unterst\u00fctzt Android, iOS und \u00e4ltere Ger\u00e4te<\/td>\n<td>Die Leistung kann auf sehr alten Ger\u00e4ten variieren<\/td>\n<\/tr>\n<tr>\n<td>Sichere Transaktionen<\/td>\n<td><\/td>\n<\/tr>\n<tr>\n<td>Kein Speicherplatz erforderlich<\/td>\n<td><\/td>\n<\/tr>\n<\/tbody>\n<\/table>\n<p><span style=\"font-size: 16px\"><div style=\"clear: both\"><\/div><div class=\"d-flex justify-content-center\"><button data-item=\"seo-link\" data-group=\"website_links\" class=\"goto fw-bold rounded-pill btn btn-orange\" aria-label=\"Laden Sie die Spinsahara-App herunter\" >Laden Sie die Spinsahara-App herunter<\/button><\/div><div class=\"scrollable-content-wrap my-5\"><div class=\"scrollable-content-inner\"><h2>Spinsahara App f\u00fcr Android<\/h2>\n<p>Nach intensiven \u00dcberlegungen mit unseren Entwicklern hat die Spinsahara Casino Android-App folgende Funktionen ver\u00f6ffentlicht: eine einfach zu installierende Progressive Web App (PWA), die den Nutzern einen schnellen und problemlosen Zugriff erm\u00f6glicht, ohne dass eine gro\u00dfe Spinsahara-APK-Datei heruntergeladen werden muss. Klicken Sie zur Installation auf die Schaltfl\u00e4che \u201eCasino-App\u201d unten auf der Hauptseite, um unsere Spinsahara-App auf Ihrem Startbildschirm zu installieren und sofortigen Zugriff auf Ihr Spielkonto zu erhalten. Das Design unserer App entspricht der Desktop-Version. Auf diese Weise haben wir allen unseren Nutzern ein einheitliches Erlebnis mit einfacher Navigation und Spielanordnung geboten.<\/p>\n<p>Was sind die wichtigsten Funktionen unserer App, die Sie davon \u00fcberzeugen k\u00f6nnten, sie zu installieren?<\/p>\n<ul>\n<li>Einfache Installation als PWA ohne Herunterladen einer gro\u00dfen APK-Datei<\/li>\n<li>Schneller Zugriff auf unsere Spiele und die Kontoverwaltung<\/li>\n<li>Unterst\u00fctzung f\u00fcr Echtgeldtransaktionen und Auszahlungen<\/li>\n<li>Optimiert f\u00fcr alle Ger\u00e4te \u2013 auch f\u00fcr \u00e4ltere Versionen<\/li>\n<li>Benutzerfreundliche Oberfl\u00e4che, die jeder Spieler bedienen kann<\/li>\n<\/ul>\n<p>Unsere Android-Version verf\u00fcgt \u00fcber alle wesentlichen Funktionen, die f\u00fcr eine gute Benutzererfahrung erforderlich sind. Dazu geh\u00f6ren sichere Transaktionen mit Echtgeld, Informationen zu aktuellen Aktionen und uneingeschr\u00e4nkter Zugriff auf Spielautomaten, Tischspiele und das Live-Casino. Die Spinsahara-App ist so konzipiert, dass sie weniger ressourcenintensiv ist, sodass sie auch auf \u00e4lteren Ger\u00e4ten schnell geladen wird und reibungslos l\u00e4uft. Die erste Auszahlung (f\u00fcr die \u00fcbrigens eine Verifizierung erforderlich ist) erfolgt in der App selbst, wodurch die Auszahlung sicherer und den Regeln entsprechend erfolgt.<\/p>\n<h3>Spinsahara APK oder PWA<\/h3>\n<p>Im Vergleich zu herk\u00f6mmlichen Casino-Apps ist Spinsahara Casino nicht mehr auf direkte manuelle APK-Downloads angewiesen. Au\u00dferdem: Wer m\u00f6chte schon seinen Speicherplatz mit dem Laden von Dateien belegen? Unsere Plattform hat sich f\u00fcr einen Progressive Web App (PWA)-Ansatz entschieden, der sicher, leichtgewichtig und sehr einfach direkt \u00fcber den Browser zu installieren ist. Die Spieler m\u00fcssen lediglich auf den Button \u201eCasino App\u201d auf unserer Hauptseite klicken, und die App wird ohne Unterbrechung \u00fcbertragen. Diese Methode beseitigt Sicherheitsrisiken, die mit APK-Dateien einhergehen, und erm\u00f6glicht dennoch die automatische Aktualisierung der App, sodass stets die neuesten Funktionen, Spiele und Sicherheitspatches bereitgestellt werden.<\/p>\n<p>Die Leistung unserer PWA ist sehr gut \u2013 daran besteht kein Zweifel: Sie l\u00e4dt schnell und die Grafiken sind f\u00fcr alle Android-Ger\u00e4te optimiert. Mit dieser L\u00f6sung sind keine Updates oder Downloads erforderlich, sodass die Spieler von Spinsahara Casino alle Funktionen nutzen und ein unterbrechungsfreies Spielerlebnis genie\u00dfen k\u00f6nnen.<\/p>\n<p><img loading=\"lazy\" decoding=\"async\" class=\"alignnone size-full wp-image-1453\" src=\"https:\/\/thespinsahara.com\/wp-content\/uploads\/2026\/01\/Spinsahara-Android-App.webp\" alt=\"Spinsahara Android\" width=\"1248\" height=\"536\" srcset=\"https:\/\/thespinsahara.com\/wp-content\/uploads\/2026\/01\/Spinsahara-Android-App.webp 1248w, https:\/\/thespinsahara.com\/wp-content\/uploads\/2026\/01\/Spinsahara-Android-App-300x129.webp 300w, https:\/\/thespinsahara.com\/wp-content\/uploads\/2026\/01\/Spinsahara-Android-App-1024x440.webp 1024w, https:\/\/thespinsahara.com\/wp-content\/uploads\/2026\/01\/Spinsahara-Android-App-768x330.webp 768w\" sizes=\"auto, (max-width: 1248px) 100vw, 1248px\" \/><\/p>\n<\/div><\/div><div style=\"clear: both\"><\/div><div class=\"d-flex justify-content-center\"><button data-item=\"seo-link\" data-group=\"website_links\" class=\"goto fw-bold rounded-pill btn btn-orange\" aria-label=\"Laden Sie die Spinsahara-App herunter\" >Laden Sie die Spinsahara-App herunter<\/button><\/div><div class=\"scrollable-content-wrap my-5\"><div class=\"scrollable-content-inner\"><h2>Spinsahara iOS Casino-Erlebnis<\/h2>\n<p>Spin Sahara bietet auch eine PWA f\u00fcr iOS-Nutzer an \u2013 der Vorgang ist \u00e4hnlich wie bei Android: Durch einfaches Klicken auf die Schaltfl\u00e4che \u201eCasino-App\u201d werden Sie weitergeleitet. Und f\u00fcr einen schnelleren Zugriff k\u00f6nnen Sie das Verkn\u00fcpfungssymbol mit der Funktion \u201eZum Startbildschirm hinzuf\u00fcgen\u201d zu Ihrem Startbildschirm in Safari hinzuf\u00fcgen. Wenn Sie die Anweisungen korrekt befolgt haben, was wir sicher sind, erscheint ein neues Symbol auf Ihrem Startbildschirm, \u00fcber das Sie sofortigen, app-\u00e4hnlichen Zugriff auf das Spinsahara Casino erhalten. Dar\u00fcber hinaus ist die Online-Funktionalit\u00e4t dieser Version nicht eingeschr\u00e4nkt, sodass Benutzer weiterhin wie gewohnt Online-Slots, Live-Casinospiele oder Tischspiele spielen k\u00f6nnen, die alle f\u00fcr einen reibungslosen Ablauf auf iPhones und iPads optimiert sind.<\/p>\n<p>Dar\u00fcber hinaus bieten iOS-Ger\u00e4te Sicherheit durch verschl\u00fcsselte Verbindungen. Wir nehmen die Sicherheit sehr ernst und garantieren, dass Transaktionen sicher sind und Daten w\u00e4hrend des gesamten Spielprozesses gesch\u00fctzt sind. Wir m\u00f6chten hinzuf\u00fcgen, dass unsere Benutzeroberfl\u00e4che nicht nur vollst\u00e4ndig responsiv ist, sondern auch ein fl\u00fcssiges Gameplay und eine schnelle Transaktionsabwicklung bietet. All dies macht Spin Sahara zu einem vertrauensw\u00fcrdigen mobilen Casino f\u00fcr anspruchsvolle iOS-Nutzer.<\/p>\n<p><img loading=\"lazy\" decoding=\"async\" class=\"alignnone size-full wp-image-1533\" src=\"https:\/\/thespinsahara.com\/wp-content\/uploads\/2026\/01\/Spinsahara-iOS-App.webp\" alt=\"Spinsahara iOS\" width=\"1248\" height=\"536\" srcset=\"https:\/\/thespinsahara.com\/wp-content\/uploads\/2026\/01\/Spinsahara-iOS-App.webp 1248w, https:\/\/thespinsahara.com\/wp-content\/uploads\/2026\/01\/Spinsahara-iOS-App-300x129.webp 300w, https:\/\/thespinsahara.com\/wp-content\/uploads\/2026\/01\/Spinsahara-iOS-App-1024x440.webp 1024w, https:\/\/thespinsahara.com\/wp-content\/uploads\/2026\/01\/Spinsahara-iOS-App-768x330.webp 768w\" sizes=\"auto, (max-width: 1248px) 100vw, 1248px\" \/><\/p>\n<\/div><\/div><div style=\"clear: both\"><\/div><div class=\"d-flex justify-content-center\"><button data-item=\"seo-link\" data-group=\"website_links\" class=\"goto fw-bold rounded-pill btn btn-orange\" aria-label=\"Laden Sie die Spinsahara-App herunter\" >Laden Sie die Spinsahara-App herunter<\/button><\/div><div class=\"scrollable-content-wrap my-5\"><div class=\"scrollable-content-inner\"><h2>Windows- und macOS-App-Downloads<\/h2>\n<p>Neben mobilen L\u00f6sungen verf\u00fcgt Spin Sahara \u00fcber eine eigene Desktop-Anwendung. Diese funktioniert sowohl mit Windows als auch mit macOS. Die Desktop-Version kann als ultimative Gaming-Plattform dienen und bietet erstklassige Grafiken, eine benutzerfreundliche Navigation und Konto-\/Sicherheitsverwaltung. Dar\u00fcber hinaus k\u00f6nnen Benutzer \u00fcber moderne Browser einfach auf die Plattform zugreifen oder, wenn sie m\u00f6chten, einfach eine Verkn\u00fcpfung auf ihrem Desktop platzieren, um sich schnell anzumelden.<\/p>\n<p>Unsere Desktop-App unterst\u00fctzt alle Spieltypen. Sie k\u00f6nnen wie gewohnt Ihre Online-Slots, Live-Dealer-Spiele und alle Arten von Roulette- und Tischspielen spielen. Wir sorgen f\u00fcr ein einheitliches Erlebnis auf allen Ger\u00e4ten. Unser Support-Team steht Ihnen per Live-Chat f\u00fcr Hilfe bei technischen Problemen oder der Kontoverwaltung zur Verf\u00fcgung. Wir werden nie m\u00fcde werden, einen hohen Standard im Kundenservice aufrechtzuerhalten, damit Sie in unserem Casino gl\u00fccklich und zufrieden sind.<\/p>\n<p><img loading=\"lazy\" decoding=\"async\" class=\"alignnone size-full wp-image-1525\" src=\"https:\/\/thespinsahara.com\/wp-content\/uploads\/2026\/01\/Spinsahara-Desktop-App.webp\" alt=\"Spinsahara Desktop\" width=\"1248\" height=\"536\" srcset=\"https:\/\/thespinsahara.com\/wp-content\/uploads\/2026\/01\/Spinsahara-Desktop-App.webp 1248w, https:\/\/thespinsahara.com\/wp-content\/uploads\/2026\/01\/Spinsahara-Desktop-App-300x129.webp 300w, https:\/\/thespinsahara.com\/wp-content\/uploads\/2026\/01\/Spinsahara-Desktop-App-1024x440.webp 1024w, https:\/\/thespinsahara.com\/wp-content\/uploads\/2026\/01\/Spinsahara-Desktop-App-768x330.webp 768w\" sizes=\"auto, (max-width: 1248px) 100vw, 1248px\" \/><\/p>\n<\/div><\/div><div style=\"clear: both\"><\/div><div class=\"d-flex justify-content-center\"><button data-item=\"seo-link\" data-group=\"website_links\" class=\"goto fw-bold rounded-pill btn btn-orange\" aria-label=\"Laden Sie die Spinsahara-App herunter\" >Laden Sie die Spinsahara-App herunter<\/button><\/div><div class=\"scrollable-content-wrap my-5\"><div class=\"scrollable-content-inner\"><h2>FAQ<\/h2>\n<h3>Bietet die Spinsahara Casino-App Kundensupport?<\/h3>\n<p>Spin Sahara bietet einen rund um die Uhr verf\u00fcgbaren Live-Chat-Support, der Ihnen bei technischen Problemen, Fragen zu Transaktionen oder zum Spielverlauf zur Seite steht. Der Support ist direkt in der App verf\u00fcgbar und gew\u00e4hrleistet schnelle Antworten und L\u00f6sungen f\u00fcr alle Probleme.<\/p>\n<h3>Ist f\u00fcr die Nutzung der Spinsahara App die Erstellung eines Kontos erforderlich?<\/h3>\n<p>Wenn Sie mehr als nur Demospiele spielen m\u00f6chten, m\u00fcssen Sie sich registrieren und Ihr Konto verifizieren, um auf alle Funktionen von Spinsahara Casino zugreifen zu k\u00f6nnen, einschlie\u00dflich Ein- und Auszahlungen und Spielfunktionen. Der Verifizierungsprozess ist wichtig, um die Sicherheit und die Einhaltung der gesetzlichen Standards zu gew\u00e4hrleisten.<\/p>\n<h3>Sind alle Spiele in der Spinsahara-App verf\u00fcgbar?<\/h3>\n<p>Alle Spiele, die auf der Desktop-Plattform des Spinsahara Casinos verf\u00fcgbar sind, k\u00f6nnen \u00fcber die mobile App aufgerufen werden. Dazu geh\u00f6ren alle Spiele, einschlie\u00dflich unserer Online-Slots, des Live-Casinos, der Buchsammlung und der Tischspiele. Unsere Plattform ist f\u00fcr ein reibungsloses Spielvergn\u00fcgen auf allen Ger\u00e4ten optimiert.<\/p>\n<h3>Wie kann ich die Spinsahara Casino-App aktualisieren?<\/h3>\n<p>Unsere PWA wird automatisch aktualisiert und bietet Spielern die neuesten Funktionen und Sicherheitsverbesserungen ohne manuelles Eingreifen \u2013 eine Neuinstallation ist nicht erforderlich. Bei den Desktop- oder iOS-Versionen werden Updates \u00fcber den App Store oder Browser Ihres Ger\u00e4ts verwaltet, sodass immer die neueste Version verwendet wird und Sie keine zus\u00e4tzlichen Ma\u00dfnahmen ergreifen m\u00fcssen.<\/p>\n<h3>Was soll ich tun, wenn meine App langsam ist?<\/h3>\n<p>Wenn die Spinsahara-App verz\u00f6gert oder Leistungsprobleme aufweist, stellen Sie zun\u00e4chst sicher, dass Ihr Ger\u00e4t die empfohlenen Systemanforderungen erf\u00fcllt und Ihre Internetverbindung stabil ist. Das L\u00f6schen des App-Caches oder der Browserdaten kann ebenfalls die Leistung verbessern. F\u00fcr alle unsere PWA-Benutzer stellt die Aktualisierung der App \u00fcber den Browser sicher, dass Sie die neueste Version verwenden, die m\u00f6glicherweise Leistungsverbesserungen enth\u00e4lt. Wenn die Probleme weiterhin bestehen, wenden Sie sich \u00fcber den Live-Chat an unser Support-Team, um weitere Unterst\u00fctzung zu erhalten.<\/p>\n<\/div><\/div><\/span><\/p>\n","protected":false},"excerpt":{"rendered":"<p>Spinsahara App Die neueste Spinsahara App ist bereit, der Casino-Branche unser reibungsloses mobiles Spielerlebnis zu demonstrieren. Wir sind das perfekte Tool f\u00fcr Menschen, die ihre Lieblings-Online-Casinospiele jederzeit und \u00fcberall nonstop spielen m\u00f6chten. Die App ist f\u00fcr eine schnelle und bequeme Nutzung konzipiert und bietet eine sichere und benutzerfreundliche Plattform, die die Desktop-Version der Spiele auf [&hellip;]<\/p>\n","protected":false},"author":1,"featured_media":0,"parent":0,"menu_order":0,"comment_status":"closed","ping_status":"closed","template":"template-builder.php","meta":{"_acf_changed":false,"inline_featured_image":false,"footnotes":""},"class_list":["post-1621","page","type-page","status-publish","hentry"],"acf":[],"yoast_head":"<!-- This site is optimized with the Yoast SEO plugin v27.3 - https:\/\/yoast.com\/product\/yoast-seo-wordpress\/ -->\n<title>Spinsahara App herunterladen | iOS &amp; Android<\/title>\n<meta name=\"description\" content=\"Die Spinsahara-App bietet reibungsloses Casino-Gaming auf Android, iOS, Windows und macOS mit synchronisierten Konten, regelm\u00e4\u00dfigen Updates und integriertem Kundensupport, um ein problemloses Spiel zu gew\u00e4hrleisten.\" \/>\n<meta name=\"robots\" content=\"index, follow, max-snippet:-1, max-image-preview:large, max-video-preview:-1\" \/>\n<link rel=\"canonical\" href=\"https:\/\/thespinsahara.com\/de\/app\/\" \/>\n<meta property=\"og:locale\" content=\"de_DE\" \/>\n<meta property=\"og:type\" content=\"article\" \/>\n<meta property=\"og:title\" content=\"Spinsahara App herunterladen | iOS &amp; Android\" \/>\n<meta property=\"og:description\" content=\"Die Spinsahara-App bietet reibungsloses Casino-Gaming auf Android, iOS, Windows und macOS mit synchronisierten Konten, regelm\u00e4\u00dfigen Updates und integriertem Kundensupport, um ein problemloses Spiel zu gew\u00e4hrleisten.\" \/>\n<meta property=\"og:url\" content=\"https:\/\/thespinsahara.com\/de\/app\/\" \/>\n<meta property=\"og:site_name\" content=\"spinsahara\" \/>\n<meta property=\"article:modified_time\" content=\"2026-01-08T09:40:39+00:00\" \/>\n<meta name=\"twitter:card\" content=\"summary_large_image\" \/>\n<meta name=\"twitter:label1\" content=\"Gesch\u00e4tzte Lesezeit\" \/>\n\t<meta name=\"twitter:data1\" content=\"2\u00a0Minuten\" \/>\n<script type=\"application\/ld+json\" class=\"yoast-schema-graph\">{\"@context\":\"https:\\\/\\\/schema.org\",\"@graph\":[{\"@type\":\"WebPage\",\"@id\":\"https:\\\/\\\/thespinsahara.com\\\/de\\\/app\\\/\",\"url\":\"https:\\\/\\\/thespinsahara.com\\\/de\\\/app\\\/\",\"name\":\"Spinsahara App herunterladen | iOS & Android\",\"isPartOf\":{\"@id\":\"https:\\\/\\\/thespinsahara.com\\\/de\\\/#website\"},\"datePublished\":\"2026-01-08T08:08:05+00:00\",\"dateModified\":\"2026-01-08T09:40:39+00:00\",\"description\":\"Die Spinsahara-App bietet reibungsloses Casino-Gaming auf Android, iOS, Windows und macOS mit synchronisierten Konten, regelm\u00e4\u00dfigen Updates und integriertem Kundensupport, um ein problemloses Spiel zu gew\u00e4hrleisten.\",\"breadcrumb\":{\"@id\":\"https:\\\/\\\/thespinsahara.com\\\/de\\\/app\\\/#breadcrumb\"},\"inLanguage\":\"de\",\"potentialAction\":[{\"@type\":\"ReadAction\",\"target\":[\"https:\\\/\\\/thespinsahara.com\\\/de\\\/app\\\/\"]}]},{\"@type\":\"BreadcrumbList\",\"@id\":\"https:\\\/\\\/thespinsahara.com\\\/de\\\/app\\\/#breadcrumb\",\"itemListElement\":[{\"@type\":\"ListItem\",\"position\":1,\"name\":\"Spinsahara\",\"item\":\"https:\\\/\\\/thespinsahara.com\\\/de\\\/\"},{\"@type\":\"ListItem\",\"position\":2,\"name\":\"App\"}]},{\"@type\":\"WebSite\",\"@id\":\"https:\\\/\\\/thespinsahara.com\\\/de\\\/#website\",\"url\":\"https:\\\/\\\/thespinsahara.com\\\/de\\\/\",\"name\":\"Spinsahara\",\"description\":\"\",\"publisher\":{\"@id\":\"https:\\\/\\\/thespinsahara.com\\\/de\\\/#organization\"},\"potentialAction\":[{\"@type\":\"SearchAction\",\"target\":{\"@type\":\"EntryPoint\",\"urlTemplate\":\"https:\\\/\\\/thespinsahara.com\\\/de\\\/?s={search_term_string}\"},\"query-input\":{\"@type\":\"PropertyValueSpecification\",\"valueRequired\":true,\"valueName\":\"search_term_string\"}}],\"inLanguage\":\"de\"},{\"@type\":\"Organization\",\"@id\":\"https:\\\/\\\/thespinsahara.com\\\/de\\\/#organization\",\"name\":\"Spinsahara\",\"url\":\"https:\\\/\\\/thespinsahara.com\\\/de\\\/\",\"logo\":{\"@type\":\"ImageObject\",\"inLanguage\":\"de\",\"@id\":\"https:\\\/\\\/thespinsahara.com\\\/de\\\/#\\\/schema\\\/logo\\\/image\\\/\",\"url\":\"https:\\\/\\\/thespinsahara.com\\\/wp-content\\\/uploads\\\/2026\\\/01\\\/logo.svg\",\"contentUrl\":\"https:\\\/\\\/thespinsahara.com\\\/wp-content\\\/uploads\\\/2026\\\/01\\\/logo.svg\",\"caption\":\"Spinsahara\"},\"image\":{\"@id\":\"https:\\\/\\\/thespinsahara.com\\\/de\\\/#\\\/schema\\\/logo\\\/image\\\/\"}}]}<\/script>\n<!-- \/ Yoast SEO plugin. -->","yoast_head_json":{"title":"Spinsahara App herunterladen | iOS & Android","description":"Die Spinsahara-App bietet reibungsloses Casino-Gaming auf Android, iOS, Windows und macOS mit synchronisierten Konten, regelm\u00e4\u00dfigen Updates und integriertem Kundensupport, um ein problemloses Spiel zu gew\u00e4hrleisten.","robots":{"index":"index","follow":"follow","max-snippet":"max-snippet:-1","max-image-preview":"max-image-preview:large","max-video-preview":"max-video-preview:-1"},"canonical":"https:\/\/thespinsahara.com\/de\/app\/","og_locale":"de_DE","og_type":"article","og_title":"Spinsahara App herunterladen | iOS & Android","og_description":"Die Spinsahara-App bietet reibungsloses Casino-Gaming auf Android, iOS, Windows und macOS mit synchronisierten Konten, regelm\u00e4\u00dfigen Updates und integriertem Kundensupport, um ein problemloses Spiel zu gew\u00e4hrleisten.","og_url":"https:\/\/thespinsahara.com\/de\/app\/","og_site_name":"spinsahara","article_modified_time":"2026-01-08T09:40:39+00:00","twitter_card":"summary_large_image","twitter_misc":{"Gesch\u00e4tzte Lesezeit":"2\u00a0Minuten"},"schema":{"@context":"https:\/\/schema.org","@graph":[{"@type":"WebPage","@id":"https:\/\/thespinsahara.com\/de\/app\/","url":"https:\/\/thespinsahara.com\/de\/app\/","name":"Spinsahara App herunterladen | iOS & Android","isPartOf":{"@id":"https:\/\/thespinsahara.com\/de\/#website"},"datePublished":"2026-01-08T08:08:05+00:00","dateModified":"2026-01-08T09:40:39+00:00","description":"Die Spinsahara-App bietet reibungsloses Casino-Gaming auf Android, iOS, Windows und macOS mit synchronisierten Konten, regelm\u00e4\u00dfigen Updates und integriertem Kundensupport, um ein problemloses Spiel zu gew\u00e4hrleisten.","breadcrumb":{"@id":"https:\/\/thespinsahara.com\/de\/app\/#breadcrumb"},"inLanguage":"de","potentialAction":[{"@type":"ReadAction","target":["https:\/\/thespinsahara.com\/de\/app\/"]}]},{"@type":"BreadcrumbList","@id":"https:\/\/thespinsahara.com\/de\/app\/#breadcrumb","itemListElement":[{"@type":"ListItem","position":1,"name":"Spinsahara","item":"https:\/\/thespinsahara.com\/de\/"},{"@type":"ListItem","position":2,"name":"App"}]},{"@type":"WebSite","@id":"https:\/\/thespinsahara.com\/de\/#website","url":"https:\/\/thespinsahara.com\/de\/","name":"Spinsahara","description":"","publisher":{"@id":"https:\/\/thespinsahara.com\/de\/#organization"},"potentialAction":[{"@type":"SearchAction","target":{"@type":"EntryPoint","urlTemplate":"https:\/\/thespinsahara.com\/de\/?s={search_term_string}"},"query-input":{"@type":"PropertyValueSpecification","valueRequired":true,"valueName":"search_term_string"}}],"inLanguage":"de"},{"@type":"Organization","@id":"https:\/\/thespinsahara.com\/de\/#organization","name":"Spinsahara","url":"https:\/\/thespinsahara.com\/de\/","logo":{"@type":"ImageObject","inLanguage":"de","@id":"https:\/\/thespinsahara.com\/de\/#\/schema\/logo\/image\/","url":"https:\/\/thespinsahara.com\/wp-content\/uploads\/2026\/01\/logo.svg","contentUrl":"https:\/\/thespinsahara.com\/wp-content\/uploads\/2026\/01\/logo.svg","caption":"Spinsahara"},"image":{"@id":"https:\/\/thespinsahara.com\/de\/#\/schema\/logo\/image\/"}}]}},"_links":{"self":[{"href":"https:\/\/thespinsahara.com\/de\/wp-json\/wp\/v2\/pages\/1621","targetHints":{"allow":["GET"]}}],"collection":[{"href":"https:\/\/thespinsahara.com\/de\/wp-json\/wp\/v2\/pages"}],"about":[{"href":"https:\/\/thespinsahara.com\/de\/wp-json\/wp\/v2\/types\/page"}],"author":[{"embeddable":true,"href":"https:\/\/thespinsahara.com\/de\/wp-json\/wp\/v2\/users\/1"}],"replies":[{"embeddable":true,"href":"https:\/\/thespinsahara.com\/de\/wp-json\/wp\/v2\/comments?post=1621"}],"version-history":[{"count":2,"href":"https:\/\/thespinsahara.com\/de\/wp-json\/wp\/v2\/pages\/1621\/revisions"}],"predecessor-version":[{"id":1719,"href":"https:\/\/thespinsahara.com\/de\/wp-json\/wp\/v2\/pages\/1621\/revisions\/1719"}],"wp:attachment":[{"href":"https:\/\/thespinsahara.com\/de\/wp-json\/wp\/v2\/media?parent=1621"}],"curies":[{"name":"wp","href":"https:\/\/api.w.org\/{rel}","templated":true}]}}