{"id":1640,"date":"2026-01-08T08:10:55","date_gmt":"2026-01-08T08:10:55","guid":{"rendered":"https:\/\/thespinsahara.com\/login-and-registration\/"},"modified":"2026-01-08T09:42:27","modified_gmt":"2026-01-08T09:42:27","slug":"anmeldung-und-registrierung","status":"publish","type":"page","link":"https:\/\/thespinsahara.com\/de\/anmeldung-und-registrierung\/","title":{"rendered":"Anmeldung und Registrierung"},"content":{"rendered":"<h1>Spinsahara Anmeldung und Kontoverwaltung<\/h1>\n<p>Die Spinsahara Login bietet Ihnen ununterbrochenen Zugriff auf Ihr privates Spielkonto. Damit k\u00f6nnen Sie sich jederzeit problemlos in unser Casino einloggen. Der Registrierungsprozess ist einfach gestaltet, sodass neue Spieler sich in wenigen Sekunden registrieren und sofort mit dem Spielen ihrer Wahl beginnen k\u00f6nnen. Unser Fokus bei Spinsahara Casino liegt darauf, eine sichere Umgebung mit effektiver Kontoverwaltung und mehrsprachigem Support zu bieten.<\/p>\n<p><span style=\"font-size: 16px\"><div class=\"banner-wrap\" aria-label=\"Banner\"><img src=\"https:\/\/thespinsahara.com\/wp-content\/uploads\/2026\/01\/Spinsahara-banner-carousel-932\u0445400-12.webp\" class=\"w-100 d-none d-lg-block img-pc main-banner-img\" alt=\"Spinsahara banner carousel 932\u0445400-12\" fetchpriority=\"high\" decoding=\"async\"><img src=\"https:\/\/thespinsahara.com\/wp-content\/uploads\/2026\/01\/Frame-35.webp\" class=\"w-100 d-none d-md-block d-lg-none main-banner-img\" alt=\"Frame 35\" fetchpriority=\"high\" decoding=\"async\"><img src=\"https:\/\/thespinsahara.com\/wp-content\/uploads\/2026\/01\/Frame-35.webp\" class=\"w-100 d-md-none\" alt=\"Frame 35\" fetchpriority=\"high\" decoding=\"async\"><div class=\"banner-description\">\n<div class=\"banner-title\">Willkommensboni<\/div>\n<p class=\"banner-header-title\">\u20ac1500<\/p>\n<div class=\"banner-header-AdditionalText\">+250 Freispiele<\/div>\n<p>&nbsp;<\/p>\n<div class=\"m-button-content\"><button data-item=\"homepage_banner_link\" class=\"goto m-button m-gradient-border m-button--primary m-button--large banner-button btn-orange\">\n            <div class=\"m-button-content\">\n                <span>Jetzt anmelden<\/span>\n                <span><\/span>\n            <\/div>\n        <\/button><\/div>\n<p>&nbsp;<\/p>\n<\/div>\n<div class=\"WelcomePack\">\n<p><img loading=\"lazy\" decoding=\"async\" class=\"alignnone size-full wp-image-1373\" src=\"https:\/\/thespinsahara.com\/wp-content\/uploads\/2026\/01\/welcome-crown.svg\" alt=\"welcome crown\" width=\"25\" height=\"26\" \/><\/p>\n<div class=\"WelcomePack-Info\">W\u00f6chentliches Cashback bis zu 25 %<\/div>\n<p><img loading=\"lazy\" decoding=\"async\" class=\"alignnone size-full wp-image-1373\" src=\"https:\/\/thespinsahara.com\/wp-content\/uploads\/2026\/01\/welcome-crown.svg\" alt=\"welcome crown\" width=\"25\" height=\"26\" \/><\/p>\n<\/div>\n<\/div><div class=\"scrollable-content-wrap my-5\"><div class=\"scrollable-content-inner\"><h2>Spielerregistrierung bei Spinsahara Casino<\/h2>\n<p>Die Erstellung eines Kontos bei Spinsahara Casino er\u00f6ffnet Ihnen eine Reihe von tollen Vorteilen, die Ihr Spielerlebnis noch interessanter machen. Unsere neuen Spieler erhalten einen hochwertigen Willkommensbonus, Zugang zu Sonderangeboten und die M\u00f6glichkeit, an Live-Casinospielen und Turnieren teilzunehmen. Durch die Registrierung k\u00f6nnen Sie au\u00dferdem Ihre Ein- und Auszahlungen sowie Ihre pers\u00f6nlichen Daten einfach verwalten und von einer sicheren Spielumgebung profitieren.<\/p>\n<p>Was Ihnen die Registrierung als Vorteil bietet:<\/p>\n<ul>\n<li>Wir verschenken ein hei\u00dfes Willkommensbonuspaket, das aus Bonusguthaben und Freispielen besteht.<\/li>\n<li>Unbegrenzte M\u00f6glichkeiten mit der umfangreichen Liste der Spinsahara Casino-Spiele.<\/li>\n<li>Sichere Auszahlungs- und Speichervorg\u00e4nge.<\/li>\n<li>Teilnahme an regelm\u00e4\u00dfigen Aktionen und Treueprogrammen.<\/li>\n<li>Mehrsprachige Dienste f\u00fcr unsere internationale Kundschaft.<\/li>\n<li>Einfache Kontof\u00fchrung und -\u00fcberpr\u00fcfung.<\/li>\n<\/ul>\n<h3>Erstellen Sie Ihr Konto bei Spinsahara Casino<\/h3>\n<p>Die Schritte zur Erstellung eines Spin Sahara-Kontos sind sehr einfach und erfordern in der Regel keine besonderen Kenntnisse.<\/p>\n<p>Suchen Sie zun\u00e4chst den auff\u00e4lligen Registrierungsbutton auf der Hauptseite, der sich in der Regel in der oberen rechten Ecke neben dem Login-Bereich befindet; beide sind nebeneinander angeordnet. Wenn Sie auf diesen Button klicken, gelangen Sie zum Formular f\u00fcr die Registrierung bei Spin Sahara. Geben Sie die erforderlichen pers\u00f6nlichen Daten ein, wie z. B. Ihre E-Mail-Adresse und ein sicheres Passwort mit mindestens sechs Zeichen, damit Ihr Passwort nicht leicht zu erraten ist. Verwenden Sie Ihr Geburtsdatum nicht als Passwort. Sie k\u00f6nnen auch einen Promo-Code verwenden, um Sonderangebote zu erhalten; daf\u00fcr gibt es ein spezielles Feld.<\/p>\n<p>Stellen Sie sicher, dass Sie Ihr Alter best\u00e4tigen, indem Sie angeben, dass Sie mindestens 18 Jahre alt sind, und akzeptieren Sie die Allgemeinen Gesch\u00e4ftsbedingungen und die Datenschutzerkl\u00e4rung, indem Sie die entsprechenden K\u00e4stchen ankreuzen. Wir nehmen diesen Punkt sehr ernst, da wir eine strikte Politik der Nichtzulassung von Minderj\u00e4hrigen verfolgen. Schlie\u00dfen Sie den Registrierungsprozess ab, indem Sie das Formular ausf\u00fcllen. Sie erhalten eine Best\u00e4tigungs-E-Mail an die von Ihnen angegebene Adresse. Die Registrierung ist abgeschlossen, sobald Sie auf den Link in der E-Mail klicken. Nach der Best\u00e4tigung haben Sie Zugriff auf das gesamte Spinsahara-Casino.<\/p>\n<h2>Spinsahara-Anmeldung und Kontoverwaltung<\/h2>\n<p>Die Anmeldung bei Ihrem Spin Sahara-Konto geht schnell. Das Spinsahara-Anmeldeportal befindet sich in der oberen rechten Ecke unserer Homepage, und die Schaltfl\u00e4che zum Anmelden befindet sich ebenfalls in der oberen linken Ecke. Wenn Sie darauf klicken, werden sie sogar f\u00fcr einen schnellen Wechsel (Anmeldung oder Einloggen) miteinander verbunden. Geben Sie die E-Mail-Adresse und das Passwort ein, mit denen Sie sich registriert haben, und klicken Sie dann auf die Schaltfl\u00e4che \u201eAnmelden\u201d. Nach der erfolgreichen Anmeldung in unserem Spin Sahara-System wird Ihnen automatisch ein Konto-Dashboard angezeigt, in dem Sie Ihr Konto verwalten, auf Ihre Transaktionshistorie zugreifen und Ihre Spielaktivit\u00e4ten kontrollieren k\u00f6nnen.<\/p>\n<p>\u00dcber Ihr Konto-Dashboard k\u00f6nnen Sie Ihre pers\u00f6nlichen Daten aktualisieren, Ein- und Auszahlungslimits festlegen, Ihren Spielverlauf einsehen und auf Sonderangebote zugreifen. Wenn Sie Probleme mit der Selbstkontrolle haben, k\u00f6nnen Sie von dort aus auch Ihre Selbstsperre regulieren. Unsere Website ist in verschiedenen Sprachen verf\u00fcgbar, sodass Sie sich unabh\u00e4ngig von Ihrem Heimatland problemlos zurechtfinden k\u00f6nnen. Dar\u00fcber hinaus steht Ihnen unser Support-Team \u00fcber einen Live-Chat zur Verf\u00fcgung, um Ihnen Hilfe zu leisten oder Ihre Fragen zu beantworten.<\/p>\n<h2>Spinsahara Casino-Kontoauthentifizierungsprozess<\/h2>\n<p>Bei Spinsahara Casino haben wir ein gr\u00fcndliches, fortschrittliches Verifizierungssystem eingef\u00fchrt, um die Sicherheit und Integrit\u00e4t unserer Plattform zu gew\u00e4hrleisten. Dazu m\u00fcssen Sie g\u00fcltige Ausweisdokumente vorlegen, um Ihre Identit\u00e4t und Ihre Adresse zu best\u00e4tigen, da wir sicherstellen m\u00fcssen, dass die Spieler echt sind, auch wenn unser Casino online ist.<\/p>\n<p>Der Verifizierungsprozess ist ebenfalls einfach: Sie m\u00fcssen die erforderlichen Dokumente in das Dashboard Ihres Kontos hochladen, wobei der Vorgang genau beschrieben wird. Unser Spin Sahara-Supportteam bearbeitet die Antr\u00e4ge innerhalb von etwa 48 Stunden, was im Vergleich zu anderen Casinos sehr schnell ist. Nach der Genehmigung profitieren Sie von einem h\u00f6heren Auszahlungslimit und einer h\u00f6heren Kontosicherheit. Der Verifizierungsprozess entspricht den gesetzlichen Bestimmungen und Ma\u00dfnahmen zur Betrugsbek\u00e4mpfung und gew\u00e4hrleistet eine faire Spielumgebung f\u00fcr die Spieler.<\/p>\n<table>\n<tbody>\n<tr>\n<td>Verifizierungsanforderungen<\/td>\n<td>Beschreibung<\/td>\n<\/tr>\n<tr>\n<td>G\u00fcltiger Ausweis<\/td>\n<td>Reisepass, F\u00fchrerschein oder Personalausweis<\/td>\n<\/tr>\n<tr>\n<td>Adressnachweis<\/td>\n<td>Strom-, Gas- oder Wasserrechnung oder Kontoauszug (nicht \u00e4lter als 6 Monate)<\/td>\n<\/tr>\n<\/tbody>\n<\/table>\n<h3>Probleme bei der Anmeldung bei Spinsahara<\/h3>\n<p>Wir alle vergessen manchmal etwas, das ist ganz normal. Wenn Sie Ihr Spinsahara-Login-Passwort vergessen haben, k\u00f6nnen Sie es schnell und stressfrei wiederherstellen. Geben Sie auf der Startseite Ihr Login ein und w\u00e4hlen Sie die Option \u201ePasswort vergessen?\u201c etwas weiter unten. Geben Sie Ihre registrierte E-Mail-Adresse ein und rufen Sie Ihren E-Mail-Posteingang auf, um einen Link zum Zur\u00fccksetzen Ihres Passworts zu erhalten. Klicken Sie auf den Link, um ein neues Passwort zu erstellen und wieder Zugriff auf Ihr Spinsahara-Konto zu erhalten. So bleibt Ihr Konto sicher und privat und Sie k\u00f6nnen so schnell wie m\u00f6glich weiter spielen.<\/p>\n<h2>FAQ<\/h2>\n<h3>Wie l\u00e4uft die Verifizierung meines Kontos ab?<\/h3>\n<p>Die Verifizierung kann durchgef\u00fchrt werden, indem Sie Ihren echten Reisepass und aktuelle Adressnachweise in Form eines klaren Scans oder Fotos \u00fcber Ihr Konto-Dashboard hochladen. Unser Support-Team pr\u00fcft die eingereichten Unterlagen innerhalb von 48 Stunden und genehmigt sie, sobald alle Anforderungen erf\u00fcllt sind. Laden Sie einfach Ihre echten Daten hoch, und alles wird reibungslos ablaufen. Dieser Vorgang dient der Verbesserung der Sicherheit Ihres Kontos und erh\u00f6ht Ihre Auszahlungsm\u00f6glichkeiten.<\/p>\n<h3>Kann ich mein Passwort oder meine E-Mail-Adresse \u00e4ndern?<\/h3>\n<p>Bei Bedarf k\u00f6nnen Sie diese ganz einfach \u00e4ndern. Zu den Informationen, die in den Kontoeinstellungen ge\u00e4ndert werden k\u00f6nnen, geh\u00f6ren die Aktualisierung Ihrer Kontakt- und Sicherheitsdaten. Gehen Sie zur Kontoverwaltung und w\u00e4hlen Sie dort die Option zum \u00c4ndern Ihres Passworts oder Ihrer E-Mail-Adresse. Wenn Sie weitere Hilfe ben\u00f6tigen, hinterlassen Sie unserem mehrsprachigen Support-Team eine Nachricht \u00fcber den Live-Chat.<\/p>\n<h3>Was soll ich tun, wenn mein Konto gesperrt ist?<\/h3>\n<p>Wenn unser System aus irgendeinem Grund einen Verdacht hegt, besteht die M\u00f6glichkeit, dass Ihr Konto gesperrt wird. Wenn Sie jedoch keine betr\u00fcgerischen Aktivit\u00e4ten durchgef\u00fchrt haben und dies nachweisen k\u00f6nnen, melden Sie sich einfach bei Spinsahara an und wenden Sie sich per Live-Chat oder E-Mail an unser Support-Team. Dieses wird Ihnen helfen, Ihre Identit\u00e4t zu best\u00e4tigen und wieder Zugriff zu erhalten. Kontosperrungen sind in der Regel das Ergebnis von Sicherheitsma\u00dfnahmen oder ausstehenden Verifizierungen, und durch rechtzeitige Unterst\u00fctzung lassen sich viele Unannehmlichkeiten vermeiden.<\/p>\n<h3>Wie kann ich mein Konto schlie\u00dfen oder vor\u00fcbergehend sperren?<\/h3>\n<p>Sowohl eine L\u00f6schung als auch eine Sperrung sind m\u00f6glich. F\u00fcr eine vor\u00fcbergehende Sperrung wenden Sie sich einfach per Live-Chat oder E-Mail an unser Support-Team. Anfragen werden schnell und vertraulich bearbeitet. Bitte beachten Sie, dass gesperrte oder geschlossene Konten ohne erneute Registrierung nicht reaktiviert werden k\u00f6nnen und dass ausstehende Ein- und Auszahlungen zuvor vorgenommen werden m\u00fcssen. Treffen Sie Ihre Entscheidung daher bewusst, da eine sp\u00e4tere R\u00fcckkehr zu Spinsahara nicht mehr m\u00f6glich ist.<\/p>\n<\/div><\/div><\/span><\/p>\n","protected":false},"excerpt":{"rendered":"<p>Spinsahara Anmeldung und Kontoverwaltung Die Spinsahara Login bietet Ihnen ununterbrochenen Zugriff auf Ihr privates Spielkonto. Damit k\u00f6nnen Sie sich jederzeit problemlos in unser Casino einloggen. Der Registrierungsprozess ist einfach gestaltet, sodass neue Spieler sich in wenigen Sekunden registrieren und sofort mit dem Spielen ihrer Wahl beginnen k\u00f6nnen. Unser Fokus bei Spinsahara Casino liegt darauf, eine [&hellip;]<\/p>\n","protected":false},"author":1,"featured_media":0,"parent":0,"menu_order":0,"comment_status":"closed","ping_status":"closed","template":"template-builder.php","meta":{"_acf_changed":false,"inline_featured_image":false,"footnotes":""},"class_list":["post-1640","page","type-page","status-publish","hentry"],"acf":[],"yoast_head":"<!-- This site is optimized with the Yoast SEO plugin v27.3 - https:\/\/yoast.com\/product\/yoast-seo-wordpress\/ -->\n<title>Spinsahara Login \u2013 Registrieren &amp; Konto verwalten<\/title>\n<meta name=\"description\" content=\"Erstellen, verwalten und verifizieren Sie Ihr Spinsahara Casino-Konto m\u00fchelos. Nutzen Sie Spinsahara Login f\u00fcr eine schnelle Registrierung, Kontowiederherstellung und sichere Schlie\u00dfung mit garantiertem Schutz.\" \/>\n<meta name=\"robots\" content=\"index, follow, max-snippet:-1, max-image-preview:large, max-video-preview:-1\" \/>\n<link rel=\"canonical\" href=\"https:\/\/thespinsahara.com\/de\/anmeldung-und-registrierung\/\" \/>\n<meta property=\"og:locale\" content=\"de_DE\" \/>\n<meta property=\"og:type\" content=\"article\" \/>\n<meta property=\"og:title\" content=\"Spinsahara Login \u2013 Registrieren &amp; Konto verwalten\" \/>\n<meta property=\"og:description\" content=\"Erstellen, verwalten und verifizieren Sie Ihr Spinsahara Casino-Konto m\u00fchelos. Nutzen Sie Spinsahara Login f\u00fcr eine schnelle Registrierung, Kontowiederherstellung und sichere Schlie\u00dfung mit garantiertem Schutz.\" \/>\n<meta property=\"og:url\" content=\"https:\/\/thespinsahara.com\/de\/anmeldung-und-registrierung\/\" \/>\n<meta property=\"og:site_name\" content=\"spinsahara\" \/>\n<meta property=\"article:modified_time\" content=\"2026-01-08T09:42:27+00:00\" \/>\n<meta name=\"twitter:card\" content=\"summary_large_image\" \/>\n<meta name=\"twitter:label1\" content=\"Gesch\u00e4tzte Lesezeit\" \/>\n\t<meta name=\"twitter:data1\" content=\"1\u00a0Minute\" \/>\n<script type=\"application\/ld+json\" class=\"yoast-schema-graph\">{\"@context\":\"https:\\\/\\\/schema.org\",\"@graph\":[{\"@type\":\"WebPage\",\"@id\":\"https:\\\/\\\/thespinsahara.com\\\/de\\\/anmeldung-und-registrierung\\\/\",\"url\":\"https:\\\/\\\/thespinsahara.com\\\/de\\\/anmeldung-und-registrierung\\\/\",\"name\":\"Spinsahara Login \u2013 Registrieren & Konto verwalten\",\"isPartOf\":{\"@id\":\"https:\\\/\\\/thespinsahara.com\\\/de\\\/#website\"},\"datePublished\":\"2026-01-08T08:10:55+00:00\",\"dateModified\":\"2026-01-08T09:42:27+00:00\",\"description\":\"Erstellen, verwalten und verifizieren Sie Ihr Spinsahara Casino-Konto m\u00fchelos. Nutzen Sie Spinsahara Login f\u00fcr eine schnelle Registrierung, Kontowiederherstellung und sichere Schlie\u00dfung mit garantiertem Schutz.\",\"breadcrumb\":{\"@id\":\"https:\\\/\\\/thespinsahara.com\\\/de\\\/anmeldung-und-registrierung\\\/#breadcrumb\"},\"inLanguage\":\"de\",\"potentialAction\":[{\"@type\":\"ReadAction\",\"target\":[\"https:\\\/\\\/thespinsahara.com\\\/de\\\/anmeldung-und-registrierung\\\/\"]}]},{\"@type\":\"BreadcrumbList\",\"@id\":\"https:\\\/\\\/thespinsahara.com\\\/de\\\/anmeldung-und-registrierung\\\/#breadcrumb\",\"itemListElement\":[{\"@type\":\"ListItem\",\"position\":1,\"name\":\"Spinsahara\",\"item\":\"https:\\\/\\\/thespinsahara.com\\\/de\\\/\"},{\"@type\":\"ListItem\",\"position\":2,\"name\":\"Anmeldung und Registrierung\"}]},{\"@type\":\"WebSite\",\"@id\":\"https:\\\/\\\/thespinsahara.com\\\/de\\\/#website\",\"url\":\"https:\\\/\\\/thespinsahara.com\\\/de\\\/\",\"name\":\"Spinsahara\",\"description\":\"\",\"publisher\":{\"@id\":\"https:\\\/\\\/thespinsahara.com\\\/de\\\/#organization\"},\"potentialAction\":[{\"@type\":\"SearchAction\",\"target\":{\"@type\":\"EntryPoint\",\"urlTemplate\":\"https:\\\/\\\/thespinsahara.com\\\/de\\\/?s={search_term_string}\"},\"query-input\":{\"@type\":\"PropertyValueSpecification\",\"valueRequired\":true,\"valueName\":\"search_term_string\"}}],\"inLanguage\":\"de\"},{\"@type\":\"Organization\",\"@id\":\"https:\\\/\\\/thespinsahara.com\\\/de\\\/#organization\",\"name\":\"Spinsahara\",\"url\":\"https:\\\/\\\/thespinsahara.com\\\/de\\\/\",\"logo\":{\"@type\":\"ImageObject\",\"inLanguage\":\"de\",\"@id\":\"https:\\\/\\\/thespinsahara.com\\\/de\\\/#\\\/schema\\\/logo\\\/image\\\/\",\"url\":\"https:\\\/\\\/thespinsahara.com\\\/wp-content\\\/uploads\\\/2026\\\/01\\\/logo.svg\",\"contentUrl\":\"https:\\\/\\\/thespinsahara.com\\\/wp-content\\\/uploads\\\/2026\\\/01\\\/logo.svg\",\"caption\":\"Spinsahara\"},\"image\":{\"@id\":\"https:\\\/\\\/thespinsahara.com\\\/de\\\/#\\\/schema\\\/logo\\\/image\\\/\"}}]}<\/script>\n<!-- \/ Yoast SEO plugin. -->","yoast_head_json":{"title":"Spinsahara Login \u2013 Registrieren & Konto verwalten","description":"Erstellen, verwalten und verifizieren Sie Ihr Spinsahara Casino-Konto m\u00fchelos. Nutzen Sie Spinsahara Login f\u00fcr eine schnelle Registrierung, Kontowiederherstellung und sichere Schlie\u00dfung mit garantiertem Schutz.","robots":{"index":"index","follow":"follow","max-snippet":"max-snippet:-1","max-image-preview":"max-image-preview:large","max-video-preview":"max-video-preview:-1"},"canonical":"https:\/\/thespinsahara.com\/de\/anmeldung-und-registrierung\/","og_locale":"de_DE","og_type":"article","og_title":"Spinsahara Login \u2013 Registrieren & Konto verwalten","og_description":"Erstellen, verwalten und verifizieren Sie Ihr Spinsahara Casino-Konto m\u00fchelos. Nutzen Sie Spinsahara Login f\u00fcr eine schnelle Registrierung, Kontowiederherstellung und sichere Schlie\u00dfung mit garantiertem Schutz.","og_url":"https:\/\/thespinsahara.com\/de\/anmeldung-und-registrierung\/","og_site_name":"spinsahara","article_modified_time":"2026-01-08T09:42:27+00:00","twitter_card":"summary_large_image","twitter_misc":{"Gesch\u00e4tzte Lesezeit":"1\u00a0Minute"},"schema":{"@context":"https:\/\/schema.org","@graph":[{"@type":"WebPage","@id":"https:\/\/thespinsahara.com\/de\/anmeldung-und-registrierung\/","url":"https:\/\/thespinsahara.com\/de\/anmeldung-und-registrierung\/","name":"Spinsahara Login \u2013 Registrieren & Konto verwalten","isPartOf":{"@id":"https:\/\/thespinsahara.com\/de\/#website"},"datePublished":"2026-01-08T08:10:55+00:00","dateModified":"2026-01-08T09:42:27+00:00","description":"Erstellen, verwalten und verifizieren Sie Ihr Spinsahara Casino-Konto m\u00fchelos. Nutzen Sie Spinsahara Login f\u00fcr eine schnelle Registrierung, Kontowiederherstellung und sichere Schlie\u00dfung mit garantiertem Schutz.","breadcrumb":{"@id":"https:\/\/thespinsahara.com\/de\/anmeldung-und-registrierung\/#breadcrumb"},"inLanguage":"de","potentialAction":[{"@type":"ReadAction","target":["https:\/\/thespinsahara.com\/de\/anmeldung-und-registrierung\/"]}]},{"@type":"BreadcrumbList","@id":"https:\/\/thespinsahara.com\/de\/anmeldung-und-registrierung\/#breadcrumb","itemListElement":[{"@type":"ListItem","position":1,"name":"Spinsahara","item":"https:\/\/thespinsahara.com\/de\/"},{"@type":"ListItem","position":2,"name":"Anmeldung und Registrierung"}]},{"@type":"WebSite","@id":"https:\/\/thespinsahara.com\/de\/#website","url":"https:\/\/thespinsahara.com\/de\/","name":"Spinsahara","description":"","publisher":{"@id":"https:\/\/thespinsahara.com\/de\/#organization"},"potentialAction":[{"@type":"SearchAction","target":{"@type":"EntryPoint","urlTemplate":"https:\/\/thespinsahara.com\/de\/?s={search_term_string}"},"query-input":{"@type":"PropertyValueSpecification","valueRequired":true,"valueName":"search_term_string"}}],"inLanguage":"de"},{"@type":"Organization","@id":"https:\/\/thespinsahara.com\/de\/#organization","name":"Spinsahara","url":"https:\/\/thespinsahara.com\/de\/","logo":{"@type":"ImageObject","inLanguage":"de","@id":"https:\/\/thespinsahara.com\/de\/#\/schema\/logo\/image\/","url":"https:\/\/thespinsahara.com\/wp-content\/uploads\/2026\/01\/logo.svg","contentUrl":"https:\/\/thespinsahara.com\/wp-content\/uploads\/2026\/01\/logo.svg","caption":"Spinsahara"},"image":{"@id":"https:\/\/thespinsahara.com\/de\/#\/schema\/logo\/image\/"}}]}},"_links":{"self":[{"href":"https:\/\/thespinsahara.com\/de\/wp-json\/wp\/v2\/pages\/1640","targetHints":{"allow":["GET"]}}],"collection":[{"href":"https:\/\/thespinsahara.com\/de\/wp-json\/wp\/v2\/pages"}],"about":[{"href":"https:\/\/thespinsahara.com\/de\/wp-json\/wp\/v2\/types\/page"}],"author":[{"embeddable":true,"href":"https:\/\/thespinsahara.com\/de\/wp-json\/wp\/v2\/users\/1"}],"replies":[{"embeddable":true,"href":"https:\/\/thespinsahara.com\/de\/wp-json\/wp\/v2\/comments?post=1640"}],"version-history":[{"count":2,"href":"https:\/\/thespinsahara.com\/de\/wp-json\/wp\/v2\/pages\/1640\/revisions"}],"predecessor-version":[{"id":1721,"href":"https:\/\/thespinsahara.com\/de\/wp-json\/wp\/v2\/pages\/1640\/revisions\/1721"}],"wp:attachment":[{"href":"https:\/\/thespinsahara.com\/de\/wp-json\/wp\/v2\/media?parent=1640"}],"curies":[{"name":"wp","href":"https:\/\/api.w.org\/{rel}","templated":true}]}}