{"id":1625,"date":"2026-01-08T08:08:05","date_gmt":"2026-01-08T08:08:05","guid":{"rendered":"https:\/\/thespinsahara.com\/app\/"},"modified":"2026-01-08T13:04:16","modified_gmt":"2026-01-08T13:04:16","slug":"aplicacion","status":"publish","type":"page","link":"https:\/\/thespinsahara.com\/es\/aplicacion\/","title":{"rendered":"Aplicaci\u00f3n"},"content":{"rendered":"<h1>Aplicaci\u00f3n Spinsahara<\/h1>\n<p>La nueva Spinsahara app est\u00e1 lista para demostrar nuestra fluida experiencia de juego m\u00f3vil a la industria del casino. Somos la herramienta perfecta para las personas a las que les gusta jugar a sus juegos de casino online favoritos sin parar, en cualquier momento y en cualquier lugar. Est\u00e1 dise\u00f1ada para un uso r\u00e1pido y c\u00f3modo, y tambi\u00e9n ofrece una plataforma segura y f\u00e1cil de usar que reproduce la versi\u00f3n de escritorio de los juegos en la pantalla m\u00e1s peque\u00f1a de los dispositivos m\u00f3viles. Tanto si se utiliza un dispositivo Android como iOS, Spin Sahara garantiza un acceso r\u00e1pido a una amplia selecci\u00f3n de tragamonedas online, juegos de mesa y opciones de apuestas en vivo.<\/p>\n<div class=\"banner-wrap\" aria-label=\"Banner\"><img src=\"https:\/\/thespinsahara.com\/wp-content\/uploads\/2026\/01\/Spinsahara-banner-carousel-932\u0445400-12.webp\" class=\"w-100 d-none d-lg-block img-pc main-banner-img\" alt=\"Spinsahara banner carousel 932\u0445400-12\" fetchpriority=\"high\" decoding=\"async\"><img src=\"https:\/\/thespinsahara.com\/wp-content\/uploads\/2026\/01\/Frame-35.webp\" class=\"w-100 d-none d-md-block d-lg-none main-banner-img\" alt=\"Frame 35\" fetchpriority=\"high\" decoding=\"async\"><img src=\"https:\/\/thespinsahara.com\/wp-content\/uploads\/2026\/01\/Frame-35.webp\" class=\"w-100 d-md-none\" alt=\"Frame 35\" fetchpriority=\"high\" decoding=\"async\"><div class=\"banner-description\">\n<div class=\"banner-title\">Bonos de bienvenida<\/div>\n<p class=\"banner-header-title\">1500 \u20ac<\/p>\n<div class=\"banner-header-AdditionalText\">+ 250 Giros Gratis<\/div>\n<p>&nbsp;<\/p>\n<div class=\"m-button-content\"><button data-item=\"homepage_banner_link\" class=\"goto m-button m-gradient-border m-button--primary m-button--large banner-button btn-orange\">\n            <div class=\"m-button-content\">\n                <span>Reg\u00edstrate ahora<\/span>\n                <span><\/span>\n            <\/div>\n        <\/button><\/div>\n<p>&nbsp;<\/p>\n<\/div>\n<div class=\"WelcomePack\">\n<p><img loading=\"lazy\" decoding=\"async\" class=\"alignnone size-full wp-image-1373\" src=\"https:\/\/thespinsahara.com\/wp-content\/uploads\/2026\/01\/welcome-crown.svg\" alt=\"welcome crown\" width=\"25\" height=\"26\" \/><\/p>\n<div class=\"WelcomePack-Info\">Reembolso semanal de hasta el 25 %<\/div>\n<p><img loading=\"lazy\" decoding=\"async\" class=\"alignnone size-full wp-image-1373\" src=\"https:\/\/thespinsahara.com\/wp-content\/uploads\/2026\/01\/welcome-crown.svg\" alt=\"welcome crown\" width=\"25\" height=\"26\" \/><\/p>\n<\/div>\n<\/div>\n<h2>Spinsahara Casino en tu bolsillo<\/h2>\n<p>Nuestra nueva aplicaci\u00f3n Spinsahara convierte tu dispositivo m\u00f3vil en un casino completo. Podemos ofrecerte f\u00e1cilmente una experiencia de juego r\u00e1pida y fluida sin necesidad de un ordenador. Normalmente, para jugar a juegos de casino, ten\u00edas que encender el ordenador, esperar a que se cargara todo y, finalmente, disfrutar. Pero ahora ya no. Esto significa que puedes disfrutar de fant\u00e1sticos juegos donde quieras, ya que la experiencia de juego es del m\u00e1s alto nivel. Tienes acceso instant\u00e1neo a nuestras numerosas tragamonedas: All Lucky Clovers, Burning Chilli te est\u00e1n esperando. Hemos creado servicios de pago m\u00f3vil f\u00e1ciles y asistencia en tiempo real. El sencillo funcionamiento de nuestra aplicaci\u00f3n Spinsahara y sus excelentes im\u00e1genes hacen que el proceso de juego sea muy f\u00e1cil e interesante, independientemente del tama\u00f1o de tu dispositivo o de su sistema operativo. Adem\u00e1s de esta comodidad y gracias a sus avanzadas funciones de seguridad, Spin Sahara es la mejor opci\u00f3n para los amantes de los juegos de azar m\u00f3viles.<\/p>\n<h3>Ventajas e inconvenientes de la versi\u00f3n m\u00f3vil<\/h3>\n<p>Echa un vistazo a la tabla que muestra las ventajas y desventajas de utilizar nuestra versi\u00f3n m\u00f3vil en comparaci\u00f3n con la versi\u00f3n completa y decide por ti mismo cu\u00e1l te conviene m\u00e1s:<\/p>\n<table>\n<tbody>\n<tr>\n<td>Ventajas<\/td>\n<td>Contras<\/td>\n<\/tr>\n<tr>\n<td>F\u00e1cil instalaci\u00f3n a trav\u00e9s de PWA<\/td>\n<td>Requiere una conexi\u00f3n a Internet estable<\/td>\n<\/tr>\n<tr>\n<td>Acceso r\u00e1pido<\/td>\n<td>Algunos juegos no est\u00e1n disponibles<\/td>\n<\/tr>\n<tr>\n<td>Compatible con Android, iOS y dispositivos antiguos<\/td>\n<td>El rendimiento puede variar en dispositivos muy antiguos<\/td>\n<\/tr>\n<tr>\n<td>Transacciones seguras<\/td>\n<td><\/td>\n<\/tr>\n<tr>\n<td>No se necesita espacio de almacenamiento<\/td>\n<td><\/td>\n<\/tr>\n<\/tbody>\n<\/table>\n<p><span style=\"font-size: 16px\"><div style=\"clear: both\"><\/div><div class=\"d-flex justify-content-center\"><button data-item=\"seo-link\" data-group=\"website_links\" class=\"goto fw-bold rounded-pill btn btn-orange\" aria-label=\"Descarga la aplicaci\u00f3n Spinsahara\" >Descarga la aplicaci\u00f3n Spinsahara<\/button><\/div><div class=\"scrollable-content-wrap my-5\"><div class=\"scrollable-content-inner\"><h2>Aplicaci\u00f3n Spinsahara para Android<\/h2>\n<p>Despu\u00e9s de mucho pensar con nuestros desarrolladores, la aplicaci\u00f3n Spinsahara Casino para Android ha lanzado nuevas funciones: una aplicaci\u00f3n web progresiva (PWA) f\u00e1cil de instalar que tiene como objetivo proporcionar a los usuarios un acceso r\u00e1pido y sin problemas, sin necesidad de descargar un archivo APK de Spinsahara de gran tama\u00f1o. Para instalarla, haz clic en el bot\u00f3n \u00abAplicaci\u00f3n del casino\u00bb en la parte inferior de la p\u00e1gina principal y nuestra aplicaci\u00f3n Spinsahara aparecer\u00e1 en tu pantalla de inicio, proporcion\u00e1ndote acceso instant\u00e1neo a tu cuenta de juego. El dise\u00f1o de nuestra aplicaci\u00f3n es el mismo que el de la versi\u00f3n de escritorio. De esta manera, hemos conseguido que todos nuestros usuarios disfruten de una experiencia coherente con una navegaci\u00f3n y un dise\u00f1o de juego sencillos.<\/p>\n<p>\u00bfCu\u00e1les son las caracter\u00edsticas clave de nuestra aplicaci\u00f3n que pueden convencerte de instalarla?<\/p>\n<ul>\n<li>F\u00e1cil instalaci\u00f3n como PWA sin necesidad de descargar un archivo APK de gran tama\u00f1o.<\/li>\n<li>Acceso r\u00e1pido a nuestros juegos y a la gesti\u00f3n de la cuenta.<\/li>\n<li>Compatibilidad con transacciones y retiradas de dinero real.<\/li>\n<li>Optimizada para cualquier dispositivo, incluso las versiones m\u00e1s antiguas.<\/li>\n<li>Interfaz f\u00e1cil de usar que cualquier jugador puede navegar<\/li>\n<\/ul>\n<p>Nuestra versi\u00f3n para Android tiene todas las caracter\u00edsticas esenciales que se requieren para una buena experiencia de usuario. Por lo tanto, estas son las posibilidades para realizar transacciones seguras con dinero real, obtener informaci\u00f3n sobre las promociones actuales y tener acceso completo a los juegos de tragamonedas, juegos de mesa y casino en vivo. La aplicaci\u00f3n Spinsahara est\u00e1 dise\u00f1ada para consumir menos recursos, por lo que se carga r\u00e1pidamente y funciona con fluidez incluso en dispositivos antiguos. La primera vez que desees realizar un retiro (para lo cual es necesaria una verificaci\u00f3n, tenlo en cuenta) se hace desde la propia aplicaci\u00f3n, lo que hace que el retiro sea m\u00e1s seguro y cumpla con las normas.<\/p>\n<h3>Spinsahara APK o PWA<\/h3>\n<p>En comparaci\u00f3n con las aplicaciones de casino tradicionales, Spinsahara Casino ya no depende de descargas manuales directas de APK. Adem\u00e1s, \u00bfqui\u00e9n quiere gastar su memoria con la carga? Nuestra plataforma ha optado por una aplicaci\u00f3n web progresiva (PWA), que es segura, ligera y muy f\u00e1cil de instalar directamente desde el navegador. Los jugadores solo tienen que pulsar el bot\u00f3n \u00abAplicaci\u00f3n del casino\u00bb en nuestra p\u00e1gina principal y la aplicaci\u00f3n se transferir\u00e1 sin interrupciones. Este m\u00e9todo elimina las amenazas de seguridad que conllevan los archivos APK y permite que la aplicaci\u00f3n se actualice autom\u00e1ticamente, por lo que siempre ofrece las \u00faltimas funciones, juegos y parches de seguridad.<\/p>\n<p>El rendimiento de nuestra PWA es muy bueno, no hay duda: se carga r\u00e1pidamente y los gr\u00e1ficos est\u00e1n optimizados para todos los dispositivos Android. Con esta soluci\u00f3n, no es necesario realizar actualizaciones ni descargas, por lo que los jugadores de Spinsahara Casino pueden utilizar todas las funciones y disfrutar de una experiencia de juego ininterrumpida.<\/p>\n<p><img loading=\"lazy\" decoding=\"async\" class=\"alignnone size-full wp-image-1453\" src=\"https:\/\/thespinsahara.com\/wp-content\/uploads\/2026\/01\/Spinsahara-Android-App.webp\" alt=\"Spinsahara Android\" width=\"1248\" height=\"536\" srcset=\"https:\/\/thespinsahara.com\/wp-content\/uploads\/2026\/01\/Spinsahara-Android-App.webp 1248w, https:\/\/thespinsahara.com\/wp-content\/uploads\/2026\/01\/Spinsahara-Android-App-300x129.webp 300w, https:\/\/thespinsahara.com\/wp-content\/uploads\/2026\/01\/Spinsahara-Android-App-1024x440.webp 1024w, https:\/\/thespinsahara.com\/wp-content\/uploads\/2026\/01\/Spinsahara-Android-App-768x330.webp 768w\" sizes=\"auto, (max-width: 1248px) 100vw, 1248px\" \/><\/p>\n<\/div><\/div><div style=\"clear: both\"><\/div><div class=\"d-flex justify-content-center\"><button data-item=\"seo-link\" data-group=\"website_links\" class=\"goto fw-bold rounded-pill btn btn-orange\" aria-label=\"Descarga la aplicaci\u00f3n Spinsahara\" >Descarga la aplicaci\u00f3n Spinsahara<\/button><\/div><div class=\"scrollable-content-wrap my-5\"><div class=\"scrollable-content-inner\"><h2>Experiencia de Spinsahara iOS Casino<\/h2>\n<p>Spin Sahara tambi\u00e9n ofrece una PWA para usuarios de iOS; el proceso es similar al de Android: con solo hacer clic en el bot\u00f3n \u00abAplicaci\u00f3n del casino\u00bb, se le redirigir\u00e1. Y para un acceso m\u00e1s r\u00e1pido, puede a\u00f1adir el icono de acceso directo a su pantalla de inicio en Safari utilizando la funci\u00f3n \u00abA\u00f1adir a la pantalla de inicio\u00bb. Si ha seguido correctamente las instrucciones, que estamos seguros de que ha hecho, aparecer\u00e1 un nuevo icono en su pantalla de inicio, que le proporcionar\u00e1 un acceso instant\u00e1neo, similar al de una aplicaci\u00f3n, a Spinsahara Casino. Adem\u00e1s, la funcionalidad en l\u00ednea de esta versi\u00f3n no est\u00e1 limitada, por lo que los usuarios siguen teniendo libertad para jugar a las tragamonedas en l\u00ednea, a los juegos de casino en vivo o a los juegos de mesa como suelen hacer, todos ellos optimizados para funcionar sin problemas en iPhones y iPads.<\/p>\n<p>Adem\u00e1s, los dispositivos iOS cuentan con seguridad a trav\u00e9s de conexiones cifradas. Nos tomamos muy en serio la seguridad y garantizamos que las transacciones son seguras y que los datos est\u00e1n protegidos durante todo el proceso de juego. Debemos a\u00f1adir que nuestra interfaz no solo es totalmente responsiva, sino que tambi\u00e9n ofrece una jugabilidad fluida y un procesamiento r\u00e1pido de las transacciones. Todo ello convierte a Spin Sahara en un casino m\u00f3vil de confianza para los usuarios de iOS m\u00e1s exigentes.<\/p>\n<p><img loading=\"lazy\" decoding=\"async\" class=\"alignnone size-full wp-image-1533\" src=\"https:\/\/thespinsahara.com\/wp-content\/uploads\/2026\/01\/Spinsahara-iOS-App.webp\" alt=\"Spinsahara iOS\" width=\"1248\" height=\"536\" srcset=\"https:\/\/thespinsahara.com\/wp-content\/uploads\/2026\/01\/Spinsahara-iOS-App.webp 1248w, https:\/\/thespinsahara.com\/wp-content\/uploads\/2026\/01\/Spinsahara-iOS-App-300x129.webp 300w, https:\/\/thespinsahara.com\/wp-content\/uploads\/2026\/01\/Spinsahara-iOS-App-1024x440.webp 1024w, https:\/\/thespinsahara.com\/wp-content\/uploads\/2026\/01\/Spinsahara-iOS-App-768x330.webp 768w\" sizes=\"auto, (max-width: 1248px) 100vw, 1248px\" \/><\/p>\n<\/div><\/div><div style=\"clear: both\"><\/div><div class=\"d-flex justify-content-center\"><button data-item=\"seo-link\" data-group=\"website_links\" class=\"goto fw-bold rounded-pill btn btn-orange\" aria-label=\"Descarga la aplicaci\u00f3n Spinsahara\" >Descarga la aplicaci\u00f3n Spinsahara<\/button><\/div><div class=\"scrollable-content-wrap my-5\"><div class=\"scrollable-content-inner\"><h2>Descargas de aplicaciones para Windows y macOS<\/h2>\n<p>Adem\u00e1s de las soluciones m\u00f3viles, Spin Sahara tiene su propia aplicaci\u00f3n de escritorio. Funciona tanto con Windows como con macOS. La versi\u00f3n de escritorio puede servir como la plataforma de juego definitiva, ya que ofrece gr\u00e1ficos de primera categor\u00eda, una navegaci\u00f3n f\u00e1cil de usar y gesti\u00f3n de cuentas y seguridad. Adem\u00e1s, los usuarios pueden acceder f\u00e1cilmente a la plataforma a trav\u00e9s de navegadores modernos o, si lo desean, pueden simplemente colocar un acceso directo en su escritorio para iniciar sesi\u00f3n r\u00e1pidamente.<\/p>\n<p>Nuestra aplicaci\u00f3n de escritorio es compatible con todos los tipos de juegos. Puedes jugar a tus tragamonedas en l\u00ednea, juegos con crupier en vivo y todo tipo de ruletas y juegos de mesa como de costumbre. Garantizamos una experiencia consistente en todos los dispositivos. Nuestro equipo de soporte t\u00e9cnico permanece accesible a trav\u00e9s del chat en vivo para ayudar con problemas t\u00e9cnicos o la gesti\u00f3n de cuentas. Nunca nos cansaremos de mantener un alto nivel de servicio al cliente para que est\u00e9s feliz y satisfecho en nuestro casino.<\/p>\n<p><img loading=\"lazy\" decoding=\"async\" class=\"alignnone size-full wp-image-1525\" src=\"https:\/\/thespinsahara.com\/wp-content\/uploads\/2026\/01\/Spinsahara-Desktop-App.webp\" alt=\"Spinsahara Desktop\" width=\"1248\" height=\"536\" srcset=\"https:\/\/thespinsahara.com\/wp-content\/uploads\/2026\/01\/Spinsahara-Desktop-App.webp 1248w, https:\/\/thespinsahara.com\/wp-content\/uploads\/2026\/01\/Spinsahara-Desktop-App-300x129.webp 300w, https:\/\/thespinsahara.com\/wp-content\/uploads\/2026\/01\/Spinsahara-Desktop-App-1024x440.webp 1024w, https:\/\/thespinsahara.com\/wp-content\/uploads\/2026\/01\/Spinsahara-Desktop-App-768x330.webp 768w\" sizes=\"auto, (max-width: 1248px) 100vw, 1248px\" \/><\/p>\n<\/div><\/div><div style=\"clear: both\"><\/div><div class=\"d-flex justify-content-center\"><button data-item=\"seo-link\" data-group=\"website_links\" class=\"goto fw-bold rounded-pill btn btn-orange\" aria-label=\"Descarga la aplicaci\u00f3n Spinsahara\" >Descarga la aplicaci\u00f3n Spinsahara<\/button><\/div><div class=\"scrollable-content-wrap my-5\"><div class=\"scrollable-content-inner\"><h2>Preguntas frecuentes<\/h2>\n<h3>\u00bfLa aplicaci\u00f3n Spinsahara Casino ofrece atenci\u00f3n al cliente?<\/h3>\n<p>Spin Sahara ofrece un equipo de asistencia por chat en vivo las 24 horas del d\u00eda, los 7 d\u00edas de la semana, dedicado a ayudar con problemas t\u00e9cnicos, consultas sobre transacciones o preguntas sobre el juego. Se puede acceder a la asistencia directamente desde la aplicaci\u00f3n, lo que garantiza respuestas r\u00e1pidas y soluciones a todos los problemas.<\/p>\n<h3>\u00bfEs necesario crear una cuenta para utilizar la aplicaci\u00f3n Spinsahara?<\/h3>\n<p>Si desea jugar a algo m\u00e1s que a juegos de demostraci\u00f3n, debe registrarse y verificar su cuenta para acceder a todas las funciones de Spinsahara Casino, incluidos los dep\u00f3sitos, los retiros y el juego. El proceso de verificaci\u00f3n es importante para garantizar la seguridad y el cumplimiento de las normas reglamentarias.<\/p>\n<h3>\u00bfTodos los juegos est\u00e1n disponibles en la aplicaci\u00f3n Spinsahara?<\/h3>\n<p>Todos los juegos disponibles en la plataforma de escritorio del casino Spinsahara son accesibles a trav\u00e9s de la aplicaci\u00f3n m\u00f3vil. Todos los juegos, incluyendo nuestras tragamonedas en l\u00ednea, casino en vivo, colecci\u00f3n de libros y juegos de mesa. Nuestra plataforma est\u00e1 optimizada para un juego fluido en todos los dispositivos.<\/p>\n<h3>\u00bfC\u00f3mo puedo actualizar la aplicaci\u00f3n Spinsahara Casino?<\/h3>\n<p>Nuestra PWA se actualiza autom\u00e1ticamente, proporcionando a los jugadores las \u00faltimas funciones y mejoras de seguridad sin intervenci\u00f3n manual, sin necesidad de reinstalar nada. Para las versiones de escritorio o iOS, las actualizaciones se gestionan a trav\u00e9s de la tienda de aplicaciones o el navegador de tu dispositivo, lo que garantiza que siempre se utilice la \u00faltima versi\u00f3n, por lo que no es necesario realizar ninguna acci\u00f3n adicional por tu parte.<\/p>\n<h3>\u00bfQu\u00e9 debo hacer si mi aplicaci\u00f3n va lenta?<\/h3>\n<p>Si la aplicaci\u00f3n Spinsahara se ralentiza o tiene problemas de rendimiento, primero aseg\u00farate de que tu dispositivo cumple los requisitos del sistema recomendados y de que tu conexi\u00f3n a Internet es estable. Borrar la cach\u00e9 de la aplicaci\u00f3n o los datos del navegador tambi\u00e9n puede mejorar el rendimiento. Para todos nuestros usuarios de PWA, actualizar la aplicaci\u00f3n a trav\u00e9s del navegador garantiza que est\u00e1s utilizando la \u00faltima versi\u00f3n, que puede contener mejoras de rendimiento. Si los problemas persisten, ponte en contacto con nuestro equipo de asistencia a trav\u00e9s del chat en vivo para obtener m\u00e1s ayuda.<\/p>\n<\/div><\/div><\/span><\/p>\n","protected":false},"excerpt":{"rendered":"<p>Aplicaci\u00f3n Spinsahara La nueva Spinsahara app est\u00e1 lista para demostrar nuestra fluida experiencia de juego m\u00f3vil a la industria del casino. Somos la herramienta perfecta para las personas a las que les gusta jugar a sus juegos de casino online favoritos sin parar, en cualquier momento y en cualquier lugar. Est\u00e1 dise\u00f1ada para un uso [&hellip;]<\/p>\n","protected":false},"author":1,"featured_media":0,"parent":0,"menu_order":0,"comment_status":"closed","ping_status":"closed","template":"template-builder.php","meta":{"_acf_changed":false,"inline_featured_image":false,"footnotes":""},"class_list":["post-1625","page","type-page","status-publish","hentry"],"acf":[],"yoast_head":"<!-- This site is optimized with the Yoast SEO plugin v27.3 - https:\/\/yoast.com\/product\/yoast-seo-wordpress\/ -->\n<title>Spinsahara Descarga de la aplicaci\u00f3n | iOS &amp; Android\ufeff<\/title>\n<meta name=\"description\" content=\"La aplicaci\u00f3n Spinsahara ofrece una experiencia de juego fluida en Android, iOS, Windows y macOS, con cuentas sincronizadas, actualizaciones peri\u00f3dicas y servicio de atenci\u00f3n al cliente integrado para garantizar una experiencia de juego sin complicaciones.\" \/>\n<meta name=\"robots\" content=\"index, follow, max-snippet:-1, max-image-preview:large, max-video-preview:-1\" \/>\n<link rel=\"canonical\" href=\"https:\/\/thespinsahara.com\/es\/aplicacion\/\" \/>\n<meta property=\"og:locale\" content=\"es_ES\" \/>\n<meta property=\"og:type\" content=\"article\" \/>\n<meta property=\"og:title\" content=\"Spinsahara Descarga de la aplicaci\u00f3n | iOS &amp; Android\ufeff\" \/>\n<meta property=\"og:description\" content=\"La aplicaci\u00f3n Spinsahara ofrece una experiencia de juego fluida en Android, iOS, Windows y macOS, con cuentas sincronizadas, actualizaciones peri\u00f3dicas y servicio de atenci\u00f3n al cliente integrado para garantizar una experiencia de juego sin complicaciones.\" \/>\n<meta property=\"og:url\" content=\"https:\/\/thespinsahara.com\/es\/aplicacion\/\" \/>\n<meta property=\"og:site_name\" content=\"spinsahara\" \/>\n<meta property=\"article:modified_time\" content=\"2026-01-08T13:04:16+00:00\" \/>\n<meta name=\"twitter:card\" content=\"summary_large_image\" \/>\n<meta name=\"twitter:label1\" content=\"Est. reading time\" \/>\n\t<meta name=\"twitter:data1\" content=\"2 minutos\" \/>\n<script type=\"application\/ld+json\" class=\"yoast-schema-graph\">{\"@context\":\"https:\\\/\\\/schema.org\",\"@graph\":[{\"@type\":\"WebPage\",\"@id\":\"https:\\\/\\\/thespinsahara.com\\\/es\\\/aplicacion\\\/\",\"url\":\"https:\\\/\\\/thespinsahara.com\\\/es\\\/aplicacion\\\/\",\"name\":\"Spinsahara Descarga de la aplicaci\u00f3n | iOS & Android\ufeff\",\"isPartOf\":{\"@id\":\"https:\\\/\\\/thespinsahara.com\\\/es\\\/#website\"},\"datePublished\":\"2026-01-08T08:08:05+00:00\",\"dateModified\":\"2026-01-08T13:04:16+00:00\",\"description\":\"La aplicaci\u00f3n Spinsahara ofrece una experiencia de juego fluida en Android, iOS, Windows y macOS, con cuentas sincronizadas, actualizaciones peri\u00f3dicas y servicio de atenci\u00f3n al cliente integrado para garantizar una experiencia de juego sin complicaciones.\",\"breadcrumb\":{\"@id\":\"https:\\\/\\\/thespinsahara.com\\\/es\\\/aplicacion\\\/#breadcrumb\"},\"inLanguage\":\"es\",\"potentialAction\":[{\"@type\":\"ReadAction\",\"target\":[\"https:\\\/\\\/thespinsahara.com\\\/es\\\/aplicacion\\\/\"]}]},{\"@type\":\"BreadcrumbList\",\"@id\":\"https:\\\/\\\/thespinsahara.com\\\/es\\\/aplicacion\\\/#breadcrumb\",\"itemListElement\":[{\"@type\":\"ListItem\",\"position\":1,\"name\":\"Spinsahara\",\"item\":\"https:\\\/\\\/thespinsahara.com\\\/es\\\/\"},{\"@type\":\"ListItem\",\"position\":2,\"name\":\"Aplicaci\u00f3n\"}]},{\"@type\":\"WebSite\",\"@id\":\"https:\\\/\\\/thespinsahara.com\\\/es\\\/#website\",\"url\":\"https:\\\/\\\/thespinsahara.com\\\/es\\\/\",\"name\":\"Spinsahara\",\"description\":\"\",\"publisher\":{\"@id\":\"https:\\\/\\\/thespinsahara.com\\\/es\\\/#organization\"},\"potentialAction\":[{\"@type\":\"SearchAction\",\"target\":{\"@type\":\"EntryPoint\",\"urlTemplate\":\"https:\\\/\\\/thespinsahara.com\\\/es\\\/?s={search_term_string}\"},\"query-input\":{\"@type\":\"PropertyValueSpecification\",\"valueRequired\":true,\"valueName\":\"search_term_string\"}}],\"inLanguage\":\"es\"},{\"@type\":\"Organization\",\"@id\":\"https:\\\/\\\/thespinsahara.com\\\/es\\\/#organization\",\"name\":\"Spinsahara\",\"url\":\"https:\\\/\\\/thespinsahara.com\\\/es\\\/\",\"logo\":{\"@type\":\"ImageObject\",\"inLanguage\":\"es\",\"@id\":\"https:\\\/\\\/thespinsahara.com\\\/es\\\/#\\\/schema\\\/logo\\\/image\\\/\",\"url\":\"https:\\\/\\\/thespinsahara.com\\\/wp-content\\\/uploads\\\/2026\\\/01\\\/logo.svg\",\"contentUrl\":\"https:\\\/\\\/thespinsahara.com\\\/wp-content\\\/uploads\\\/2026\\\/01\\\/logo.svg\",\"caption\":\"Spinsahara\"},\"image\":{\"@id\":\"https:\\\/\\\/thespinsahara.com\\\/es\\\/#\\\/schema\\\/logo\\\/image\\\/\"}}]}<\/script>\n<!-- \/ Yoast SEO plugin. -->","yoast_head_json":{"title":"Spinsahara Descarga de la aplicaci\u00f3n | iOS & Android\ufeff","description":"La aplicaci\u00f3n Spinsahara ofrece una experiencia de juego fluida en Android, iOS, Windows y macOS, con cuentas sincronizadas, actualizaciones peri\u00f3dicas y servicio de atenci\u00f3n al cliente integrado para garantizar una experiencia de juego sin complicaciones.","robots":{"index":"index","follow":"follow","max-snippet":"max-snippet:-1","max-image-preview":"max-image-preview:large","max-video-preview":"max-video-preview:-1"},"canonical":"https:\/\/thespinsahara.com\/es\/aplicacion\/","og_locale":"es_ES","og_type":"article","og_title":"Spinsahara Descarga de la aplicaci\u00f3n | iOS & Android\ufeff","og_description":"La aplicaci\u00f3n Spinsahara ofrece una experiencia de juego fluida en Android, iOS, Windows y macOS, con cuentas sincronizadas, actualizaciones peri\u00f3dicas y servicio de atenci\u00f3n al cliente integrado para garantizar una experiencia de juego sin complicaciones.","og_url":"https:\/\/thespinsahara.com\/es\/aplicacion\/","og_site_name":"spinsahara","article_modified_time":"2026-01-08T13:04:16+00:00","twitter_card":"summary_large_image","twitter_misc":{"Est. reading time":"2 minutos"},"schema":{"@context":"https:\/\/schema.org","@graph":[{"@type":"WebPage","@id":"https:\/\/thespinsahara.com\/es\/aplicacion\/","url":"https:\/\/thespinsahara.com\/es\/aplicacion\/","name":"Spinsahara Descarga de la aplicaci\u00f3n | iOS & Android\ufeff","isPartOf":{"@id":"https:\/\/thespinsahara.com\/es\/#website"},"datePublished":"2026-01-08T08:08:05+00:00","dateModified":"2026-01-08T13:04:16+00:00","description":"La aplicaci\u00f3n Spinsahara ofrece una experiencia de juego fluida en Android, iOS, Windows y macOS, con cuentas sincronizadas, actualizaciones peri\u00f3dicas y servicio de atenci\u00f3n al cliente integrado para garantizar una experiencia de juego sin complicaciones.","breadcrumb":{"@id":"https:\/\/thespinsahara.com\/es\/aplicacion\/#breadcrumb"},"inLanguage":"es","potentialAction":[{"@type":"ReadAction","target":["https:\/\/thespinsahara.com\/es\/aplicacion\/"]}]},{"@type":"BreadcrumbList","@id":"https:\/\/thespinsahara.com\/es\/aplicacion\/#breadcrumb","itemListElement":[{"@type":"ListItem","position":1,"name":"Spinsahara","item":"https:\/\/thespinsahara.com\/es\/"},{"@type":"ListItem","position":2,"name":"Aplicaci\u00f3n"}]},{"@type":"WebSite","@id":"https:\/\/thespinsahara.com\/es\/#website","url":"https:\/\/thespinsahara.com\/es\/","name":"Spinsahara","description":"","publisher":{"@id":"https:\/\/thespinsahara.com\/es\/#organization"},"potentialAction":[{"@type":"SearchAction","target":{"@type":"EntryPoint","urlTemplate":"https:\/\/thespinsahara.com\/es\/?s={search_term_string}"},"query-input":{"@type":"PropertyValueSpecification","valueRequired":true,"valueName":"search_term_string"}}],"inLanguage":"es"},{"@type":"Organization","@id":"https:\/\/thespinsahara.com\/es\/#organization","name":"Spinsahara","url":"https:\/\/thespinsahara.com\/es\/","logo":{"@type":"ImageObject","inLanguage":"es","@id":"https:\/\/thespinsahara.com\/es\/#\/schema\/logo\/image\/","url":"https:\/\/thespinsahara.com\/wp-content\/uploads\/2026\/01\/logo.svg","contentUrl":"https:\/\/thespinsahara.com\/wp-content\/uploads\/2026\/01\/logo.svg","caption":"Spinsahara"},"image":{"@id":"https:\/\/thespinsahara.com\/es\/#\/schema\/logo\/image\/"}}]}},"_links":{"self":[{"href":"https:\/\/thespinsahara.com\/es\/wp-json\/wp\/v2\/pages\/1625","targetHints":{"allow":["GET"]}}],"collection":[{"href":"https:\/\/thespinsahara.com\/es\/wp-json\/wp\/v2\/pages"}],"about":[{"href":"https:\/\/thespinsahara.com\/es\/wp-json\/wp\/v2\/types\/page"}],"author":[{"embeddable":true,"href":"https:\/\/thespinsahara.com\/es\/wp-json\/wp\/v2\/users\/1"}],"replies":[{"embeddable":true,"href":"https:\/\/thespinsahara.com\/es\/wp-json\/wp\/v2\/comments?post=1625"}],"version-history":[{"count":2,"href":"https:\/\/thespinsahara.com\/es\/wp-json\/wp\/v2\/pages\/1625\/revisions"}],"predecessor-version":[{"id":1879,"href":"https:\/\/thespinsahara.com\/es\/wp-json\/wp\/v2\/pages\/1625\/revisions\/1879"}],"wp:attachment":[{"href":"https:\/\/thespinsahara.com\/es\/wp-json\/wp\/v2\/media?parent=1625"}],"curies":[{"name":"wp","href":"https:\/\/api.w.org\/{rel}","templated":true}]}}