{"id":1644,"date":"2026-01-08T08:10:55","date_gmt":"2026-01-08T08:10:55","guid":{"rendered":"https:\/\/thespinsahara.com\/login-and-registration\/"},"modified":"2026-01-08T13:05:59","modified_gmt":"2026-01-08T13:05:59","slug":"inicio-de-sesion-y-registro","status":"publish","type":"page","link":"https:\/\/thespinsahara.com\/es\/inicio-de-sesion-y-registro\/","title":{"rendered":"Inicio de sesi\u00f3n y Registro"},"content":{"rendered":"<h1>Inicio de sesi\u00f3n y gesti\u00f3n de la cuenta en Spinsahara<\/h1>\n<p>El Spinsahara login le proporciona acceso ininterrumpido a su cuenta de juego privada. Con ello, disfrutar\u00e1 de una experiencia sin complicaciones cada vez que inicie sesi\u00f3n en nuestro casino. El proceso de registro es muy sencillo, de modo que los nuevos jugadores pueden registrarse en pocos segundos y empezar a jugar a los juegos que elijan de inmediato. Nuestro objetivo en el casino Spinsahara es proporcionar un entorno seguro con una gesti\u00f3n eficaz de las cuentas y asistencia multiling\u00fce.<\/p>\n<p><span style=\"font-size: 16px\"><div class=\"banner-wrap\" aria-label=\"Banner\"><img src=\"https:\/\/thespinsahara.com\/wp-content\/uploads\/2026\/01\/Spinsahara-banner-carousel-932\u0445400-12.webp\" class=\"w-100 d-none d-lg-block img-pc main-banner-img\" alt=\"Spinsahara banner carousel 932\u0445400-12\" fetchpriority=\"high\" decoding=\"async\"><img src=\"https:\/\/thespinsahara.com\/wp-content\/uploads\/2026\/01\/Frame-35.webp\" class=\"w-100 d-none d-md-block d-lg-none main-banner-img\" alt=\"Frame 35\" fetchpriority=\"high\" decoding=\"async\"><img src=\"https:\/\/thespinsahara.com\/wp-content\/uploads\/2026\/01\/Frame-35.webp\" class=\"w-100 d-md-none\" alt=\"Frame 35\" fetchpriority=\"high\" decoding=\"async\"><div class=\"banner-description\">\n<div class=\"banner-title\">Bonos de bienvenida<\/div>\n<p class=\"banner-header-title\">1500 \u20ac<\/p>\n<div class=\"banner-header-AdditionalText\">+ 250 Giros Gratis<\/div>\n<p>&nbsp;<\/p>\n<div class=\"m-button-content\"><button data-item=\"homepage_banner_link\" class=\"goto m-button m-gradient-border m-button--primary m-button--large banner-button btn-orange\">\n            <div class=\"m-button-content\">\n                <span>Reg\u00edstrate ahora<\/span>\n                <span><\/span>\n            <\/div>\n        <\/button><\/div>\n<p>&nbsp;<\/p>\n<\/div>\n<div class=\"WelcomePack\">\n<p><img loading=\"lazy\" decoding=\"async\" class=\"alignnone size-full wp-image-1373\" src=\"https:\/\/thespinsahara.com\/wp-content\/uploads\/2026\/01\/welcome-crown.svg\" alt=\"welcome crown\" width=\"25\" height=\"26\" \/><\/p>\n<div class=\"WelcomePack-Info\">Reembolso semanal de hasta el 25 %<\/div>\n<p><img loading=\"lazy\" decoding=\"async\" class=\"alignnone size-full wp-image-1373\" src=\"https:\/\/thespinsahara.com\/wp-content\/uploads\/2026\/01\/welcome-crown.svg\" alt=\"welcome crown\" width=\"25\" height=\"26\" \/><\/p>\n<\/div>\n<\/div><div class=\"scrollable-content-wrap my-5\"><div class=\"scrollable-content-inner\"><h2>Registro de jugadores en Spinsahara Casino<\/h2>\n<p>Crear una cuenta en el casino Spinsahara te abre una serie de privilegios muy interesantes que har\u00e1n que tu experiencia de juego sea m\u00e1s interesante. Nuestros nuevos jugadores reciben un bono de bienvenida de calidad, ofertas especiales y la posibilidad de participar en juegos y torneos de casino en vivo. El registro tambi\u00e9n te permite controlar tus dep\u00f3sitos y retiradas, as\u00ed como tu informaci\u00f3n personal, de forma f\u00e1cil y segura.<\/p>\n<p>Ventajas del registro:<\/p>\n<ul>\n<li>Regalamos un atractivo paquete de bonificaci\u00f3n de bienvenida, que consiste en cr\u00e9ditos de bonificaci\u00f3n y giros gratis.<\/li>\n<li>Oportunidades infinitas con la amplia lista de juegos del casino Spinsahara.<\/li>\n<li>Procedimientos seguros de retirada y ahorro.<\/li>\n<li>Participaci\u00f3n en promociones peri\u00f3dicas y programas de fidelidad.<\/li>\n<li>Servicios multiling\u00fces para atender a la clientela internacional.<\/li>\n<li>F\u00e1cil mantenimiento y consulta de la cuenta.<\/li>\n<\/ul>\n<h3>Crea tu cuenta en Spinsahara Casino<\/h3>\n<p>Los pasos para crear una cuenta en Spin Sahara son muy sencillos y, por lo general, no requieren ning\u00fan conocimiento especial.<\/p>\n<p>Para empezar, busca el bot\u00f3n de registro, que suele estar situado en la esquina superior derecha de la p\u00e1gina principal, junto al lugar donde se inicia sesi\u00f3n; ambos est\u00e1n juntos. Al hacer clic en este bot\u00f3n, se te redirigir\u00e1 al formulario de registro de Spin Sahara. Rellena la informaci\u00f3n personal requerida, como la direcci\u00f3n de correo electr\u00f3nico y una contrase\u00f1a segura de al menos seis caracteres, que es lo m\u00e1s seguro para que tu contrase\u00f1a no sea f\u00e1cil de adivinar. No utilices tu fecha de nacimiento como contrase\u00f1a. Tambi\u00e9n puedes utilizar un c\u00f3digo promocional para obtener ofertas especiales; hay una l\u00ednea especial para introducirlo.<\/p>\n<p>Aseg\u00farate de validar tu edad indicando que tienes 18 a\u00f1os o m\u00e1s y acepta los T\u00e9rminos y condiciones y la Pol\u00edtica de privacidad marcando las casillas correspondientes. Nos tomamos muy en serio este punto, ya que tenemos una pol\u00edtica estricta de no admitir a menores. Completa el proceso de registro rellenando el formulario. Recibir\u00e1s un correo electr\u00f3nico de verificaci\u00f3n en la direcci\u00f3n que hayas registrado. El registro se completar\u00e1 una vez que hagas clic en el enlace del correo electr\u00f3nico. Una vez verificado, tendr\u00e1s acceso a todo el casino Spinsahara.<\/p>\n<h2>Inicio de sesi\u00f3n y control de la cuenta en Spinsahara<\/h2>\n<p>Iniciar sesi\u00f3n en su cuenta de Spin Sahara es muy r\u00e1pido. El portal de inicio de sesi\u00f3n de Spinsahara se encuentra en la esquina superior derecha de nuestra p\u00e1gina de inicio, y el bot\u00f3n para iniciar sesi\u00f3n tambi\u00e9n se encuentra en la esquina superior izquierda. Al hacer clic en \u00e9l, ambos se unen para un cambio r\u00e1pido (registrarse o iniciar sesi\u00f3n). Introduce el correo electr\u00f3nico y la contrase\u00f1a con los que te registraste y, a continuaci\u00f3n, pulsa el bot\u00f3n de inicio de sesi\u00f3n. Una vez que hayas iniciado sesi\u00f3n correctamente en nuestro sistema Spin Sahara, se te mostrar\u00e1 autom\u00e1ticamente un panel de control de la cuenta, donde podr\u00e1s administrar tu cuenta y acceder a tu historial de transacciones, adem\u00e1s de poder controlar tus acciones de juego.<\/p>\n<p>A trav\u00e9s del panel de control de su cuenta, podr\u00e1 actualizar su informaci\u00f3n personal, establecer l\u00edmites de dep\u00f3sito y retirada, consultar su historial de juego y acceder a ofertas especiales. Si tiene problemas de autocontrol, tambi\u00e9n puede regular su autoexclusi\u00f3n desde all\u00ed. Nuestro sitio web est\u00e1 disponible en varios idiomas, por lo que, independientemente de su pa\u00eds de origen, podr\u00e1 navegar por \u00e9l f\u00e1cilmente. Adem\u00e1s, contamos con un equipo de asistencia con el que puede comunicarse a trav\u00e9s de un chat en vivo para obtener ayuda o hacer preguntas.<\/p>\n<h2>Proceso de autenticaci\u00f3n de la cuenta de Spinsahara Casino<\/h2>\n<p>En Spinsahara Casino, hemos adoptado un sistema de verificaci\u00f3n exhaustivo y avanzado con el fin de garantizar la seguridad y la integridad de nuestra plataforma. Para ello, es necesario proporcionar documentos de identificaci\u00f3n v\u00e1lidos que acrediten su identidad y su direcci\u00f3n, ya que debemos asegurarnos de que, aunque nuestro casino sea online, los jugadores son reales.<\/p>\n<p>El proceso de verificaci\u00f3n tambi\u00e9n es sencillo: solo tienes que subir los documentos necesarios al panel de control de tu cuenta, y el proceso se describe con precisi\u00f3n. Nuestro equipo de asistencia de Spin Sahara procesa las solicitudes en unas 48 horas, lo que es muy r\u00e1pido en comparaci\u00f3n con otros casinos. Una vez aprobada, disfrutar\u00e1s de un l\u00edmite de retirada m\u00e1s alto y una mayor seguridad en tu cuenta. El proceso de verificaci\u00f3n se ajusta a las disposiciones legales y a las medidas de prevenci\u00f3n del fraude, lo que garantiza un entorno de juego justo para los jugadores.<\/p>\n<table>\n<tbody>\n<tr>\n<td>Requisitos de verificaci\u00f3n<\/td>\n<td>Descripci\u00f3n<\/td>\n<\/tr>\n<tr>\n<td>Documento de identidad v\u00e1lido<\/td>\n<td>Pasaporte, permiso de conducir o documento de identidad<\/td>\n<\/tr>\n<tr>\n<td>Prueba de domicilio<\/td>\n<td>Factura de servicios p\u00fablicos o extracto bancario (con menos de 6 meses de antig\u00fcedad)<\/td>\n<\/tr>\n<\/tbody>\n<\/table>\n<h3>Problemas de inicio de sesi\u00f3n en Spinsahara<\/h3>\n<p>Siempre se nos olvidan cosas, es algo normal. Si pierdes la contrase\u00f1a de inicio de sesi\u00f3n en Spinsahara, recuperarla es r\u00e1pido y sencillo. En la p\u00e1gina de inicio, utiliza tu nombre de usuario y selecciona la opci\u00f3n \u00ab\u00bfHas olvidado tu contrase\u00f1a?\u00bb, que se encuentra un poco m\u00e1s abajo. Escribe tu direcci\u00f3n de correo electr\u00f3nico registrada y ve a tu bandeja de entrada para obtener un enlace para restablecer la contrase\u00f1a. Haz clic en el enlace para crear una nueva contrase\u00f1a y recuperar el acceso a tu cuenta de Spinsahara. Esto mantendr\u00e1 tu cuenta segura y privada y te permitir\u00e1 seguir jugando lo antes posible.<\/p>\n<h2>Preguntas frecuentes<\/h2>\n<h3>\u00bfCu\u00e1l es el proceso para verificar mi cuenta?<\/h3>\n<p>El proceso de verificaci\u00f3n se puede llevar a cabo subiendo una copia escaneada o una foto n\u00edtida de su pasaporte real y de pruebas de su direcci\u00f3n actual a trav\u00e9s del panel de control de su cuenta. Nuestro equipo de asistencia revisa las solicitudes en un plazo de 48 horas y las aprueba una vez que se cumplen todos los requisitos. Solo tiene que subir su informaci\u00f3n real y todo ir\u00e1 sobre ruedas. El proceso mejora la seguridad de su cuenta, as\u00ed como la capacidad de retirar m\u00e1s dinero.<\/p>\n<h3>\u00bfPuedo cambiar mi contrase\u00f1a o mi direcci\u00f3n de correo electr\u00f3nico?<\/h3>\n<p>Se puede cambiar f\u00e1cilmente cuando sea necesario. La informaci\u00f3n que se puede cambiar en la configuraci\u00f3n de la cuenta incluye la actualizaci\u00f3n de los datos de contacto y de seguridad. Ve a la gesti\u00f3n de la cuenta y all\u00ed podr\u00e1s elegir cambiar tu contrase\u00f1a o tu correo electr\u00f3nico. Para obtener m\u00e1s ayuda, deja un mensaje a nuestro equipo de asistencia multiling\u00fce a trav\u00e9s del chat en vivo.<\/p>\n<h3>\u00bfQu\u00e9 debo hacer si mi cuenta est\u00e1 bloqueada?<\/h3>\n<p>Si por cualquier motivo nuestro sistema sospecha que hay algo incorrecto, existe la posibilidad de que se bloquee. Pero si no est\u00e1s involucrado en ninguna actividad fraudulenta y puedes demostrarlo, solo tienes que completar el inicio de sesi\u00f3n en Spinsahara y ponerte en contacto con nuestro equipo de asistencia a trav\u00e9s del chat en vivo o por correo electr\u00f3nico. Te ayudar\u00e1n a identificarte y a recuperar el acceso. Los bloqueos de cuentas suelen ser el resultado de medidas de seguridad o de verificaciones pendientes, y una asistencia oportuna evitar\u00e1 muchos inconvenientes.<\/p>\n<h3>\u00bfC\u00f3mo puedo cerrar o suspender temporalmente mi cuenta?<\/h3>\n<p>Es posible tanto la eliminaci\u00f3n como la suspensi\u00f3n. Para una pausa, solo tienes que solicitarlo a nuestro equipo de asistencia a trav\u00e9s del chat en vivo o por correo electr\u00f3nico. Las solicitudes se tramitan en poco tiempo y con total privacidad. Cabe se\u00f1alar que las cuentas que han sido suspendidas o cerradas no pueden reactivarse sin volver a registrarse, y cualquier dep\u00f3sito o retirada pendiente debe realizarse antes. Por lo tanto, toma una decisi\u00f3n consciente, porque m\u00e1s adelante, cuando quieras volver a iniciar sesi\u00f3n en Spinsahara, no ser\u00e1 posible.<\/p>\n<\/div><\/div><\/span><\/p>\n","protected":false},"excerpt":{"rendered":"<p>Inicio de sesi\u00f3n y gesti\u00f3n de la cuenta en Spinsahara El Spinsahara login le proporciona acceso ininterrumpido a su cuenta de juego privada. Con ello, disfrutar\u00e1 de una experiencia sin complicaciones cada vez que inicie sesi\u00f3n en nuestro casino. El proceso de registro es muy sencillo, de modo que los nuevos jugadores pueden registrarse en [&hellip;]<\/p>\n","protected":false},"author":1,"featured_media":0,"parent":0,"menu_order":0,"comment_status":"closed","ping_status":"closed","template":"template-builder.php","meta":{"_acf_changed":false,"inline_featured_image":false,"footnotes":""},"class_list":["post-1644","page","type-page","status-publish","hentry"],"acf":[],"yoast_head":"<!-- This site is optimized with the Yoast SEO plugin v27.3 - https:\/\/yoast.com\/product\/yoast-seo-wordpress\/ -->\n<title>Spinsahara Inicio de sesi\u00f3n \u2013 Registrarse y gestionar cuenta\ufeff<\/title>\n<meta name=\"description\" content=\"Crea, gestiona y verifica tu cuenta de Spinsahara Casino sin esfuerzo. Utiliza Spinsahara Login para registrarte r\u00e1pidamente, recuperar tu cuenta y cerrarla de forma segura con protecci\u00f3n garantizada.\" \/>\n<meta name=\"robots\" content=\"index, follow, max-snippet:-1, max-image-preview:large, max-video-preview:-1\" \/>\n<link rel=\"canonical\" href=\"https:\/\/thespinsahara.com\/es\/inicio-de-sesion-y-registro\/\" \/>\n<meta property=\"og:locale\" content=\"es_ES\" \/>\n<meta property=\"og:type\" content=\"article\" \/>\n<meta property=\"og:title\" content=\"Spinsahara Inicio de sesi\u00f3n \u2013 Registrarse y gestionar cuenta\ufeff\" \/>\n<meta property=\"og:description\" content=\"Crea, gestiona y verifica tu cuenta de Spinsahara Casino sin esfuerzo. Utiliza Spinsahara Login para registrarte r\u00e1pidamente, recuperar tu cuenta y cerrarla de forma segura con protecci\u00f3n garantizada.\" \/>\n<meta property=\"og:url\" content=\"https:\/\/thespinsahara.com\/es\/inicio-de-sesion-y-registro\/\" \/>\n<meta property=\"og:site_name\" content=\"spinsahara\" \/>\n<meta property=\"article:modified_time\" content=\"2026-01-08T13:05:59+00:00\" \/>\n<meta name=\"twitter:card\" content=\"summary_large_image\" \/>\n<meta name=\"twitter:label1\" content=\"Est. reading time\" \/>\n\t<meta name=\"twitter:data1\" content=\"1 minuto\" \/>\n<script type=\"application\/ld+json\" class=\"yoast-schema-graph\">{\"@context\":\"https:\\\/\\\/schema.org\",\"@graph\":[{\"@type\":\"WebPage\",\"@id\":\"https:\\\/\\\/thespinsahara.com\\\/es\\\/inicio-de-sesion-y-registro\\\/\",\"url\":\"https:\\\/\\\/thespinsahara.com\\\/es\\\/inicio-de-sesion-y-registro\\\/\",\"name\":\"Spinsahara Inicio de sesi\u00f3n \u2013 Registrarse y gestionar cuenta\ufeff\",\"isPartOf\":{\"@id\":\"https:\\\/\\\/thespinsahara.com\\\/es\\\/#website\"},\"datePublished\":\"2026-01-08T08:10:55+00:00\",\"dateModified\":\"2026-01-08T13:05:59+00:00\",\"description\":\"Crea, gestiona y verifica tu cuenta de Spinsahara Casino sin esfuerzo. Utiliza Spinsahara Login para registrarte r\u00e1pidamente, recuperar tu cuenta y cerrarla de forma segura con protecci\u00f3n garantizada.\",\"breadcrumb\":{\"@id\":\"https:\\\/\\\/thespinsahara.com\\\/es\\\/inicio-de-sesion-y-registro\\\/#breadcrumb\"},\"inLanguage\":\"es\",\"potentialAction\":[{\"@type\":\"ReadAction\",\"target\":[\"https:\\\/\\\/thespinsahara.com\\\/es\\\/inicio-de-sesion-y-registro\\\/\"]}]},{\"@type\":\"BreadcrumbList\",\"@id\":\"https:\\\/\\\/thespinsahara.com\\\/es\\\/inicio-de-sesion-y-registro\\\/#breadcrumb\",\"itemListElement\":[{\"@type\":\"ListItem\",\"position\":1,\"name\":\"Spinsahara\",\"item\":\"https:\\\/\\\/thespinsahara.com\\\/es\\\/\"},{\"@type\":\"ListItem\",\"position\":2,\"name\":\"Inicio de sesi\u00f3n y Registro\"}]},{\"@type\":\"WebSite\",\"@id\":\"https:\\\/\\\/thespinsahara.com\\\/es\\\/#website\",\"url\":\"https:\\\/\\\/thespinsahara.com\\\/es\\\/\",\"name\":\"Spinsahara\",\"description\":\"\",\"publisher\":{\"@id\":\"https:\\\/\\\/thespinsahara.com\\\/es\\\/#organization\"},\"potentialAction\":[{\"@type\":\"SearchAction\",\"target\":{\"@type\":\"EntryPoint\",\"urlTemplate\":\"https:\\\/\\\/thespinsahara.com\\\/es\\\/?s={search_term_string}\"},\"query-input\":{\"@type\":\"PropertyValueSpecification\",\"valueRequired\":true,\"valueName\":\"search_term_string\"}}],\"inLanguage\":\"es\"},{\"@type\":\"Organization\",\"@id\":\"https:\\\/\\\/thespinsahara.com\\\/es\\\/#organization\",\"name\":\"Spinsahara\",\"url\":\"https:\\\/\\\/thespinsahara.com\\\/es\\\/\",\"logo\":{\"@type\":\"ImageObject\",\"inLanguage\":\"es\",\"@id\":\"https:\\\/\\\/thespinsahara.com\\\/es\\\/#\\\/schema\\\/logo\\\/image\\\/\",\"url\":\"https:\\\/\\\/thespinsahara.com\\\/wp-content\\\/uploads\\\/2026\\\/01\\\/logo.svg\",\"contentUrl\":\"https:\\\/\\\/thespinsahara.com\\\/wp-content\\\/uploads\\\/2026\\\/01\\\/logo.svg\",\"caption\":\"Spinsahara\"},\"image\":{\"@id\":\"https:\\\/\\\/thespinsahara.com\\\/es\\\/#\\\/schema\\\/logo\\\/image\\\/\"}}]}<\/script>\n<!-- \/ Yoast SEO plugin. -->","yoast_head_json":{"title":"Spinsahara Inicio de sesi\u00f3n \u2013 Registrarse y gestionar cuenta\ufeff","description":"Crea, gestiona y verifica tu cuenta de Spinsahara Casino sin esfuerzo. Utiliza Spinsahara Login para registrarte r\u00e1pidamente, recuperar tu cuenta y cerrarla de forma segura con protecci\u00f3n garantizada.","robots":{"index":"index","follow":"follow","max-snippet":"max-snippet:-1","max-image-preview":"max-image-preview:large","max-video-preview":"max-video-preview:-1"},"canonical":"https:\/\/thespinsahara.com\/es\/inicio-de-sesion-y-registro\/","og_locale":"es_ES","og_type":"article","og_title":"Spinsahara Inicio de sesi\u00f3n \u2013 Registrarse y gestionar cuenta\ufeff","og_description":"Crea, gestiona y verifica tu cuenta de Spinsahara Casino sin esfuerzo. Utiliza Spinsahara Login para registrarte r\u00e1pidamente, recuperar tu cuenta y cerrarla de forma segura con protecci\u00f3n garantizada.","og_url":"https:\/\/thespinsahara.com\/es\/inicio-de-sesion-y-registro\/","og_site_name":"spinsahara","article_modified_time":"2026-01-08T13:05:59+00:00","twitter_card":"summary_large_image","twitter_misc":{"Est. reading time":"1 minuto"},"schema":{"@context":"https:\/\/schema.org","@graph":[{"@type":"WebPage","@id":"https:\/\/thespinsahara.com\/es\/inicio-de-sesion-y-registro\/","url":"https:\/\/thespinsahara.com\/es\/inicio-de-sesion-y-registro\/","name":"Spinsahara Inicio de sesi\u00f3n \u2013 Registrarse y gestionar cuenta\ufeff","isPartOf":{"@id":"https:\/\/thespinsahara.com\/es\/#website"},"datePublished":"2026-01-08T08:10:55+00:00","dateModified":"2026-01-08T13:05:59+00:00","description":"Crea, gestiona y verifica tu cuenta de Spinsahara Casino sin esfuerzo. Utiliza Spinsahara Login para registrarte r\u00e1pidamente, recuperar tu cuenta y cerrarla de forma segura con protecci\u00f3n garantizada.","breadcrumb":{"@id":"https:\/\/thespinsahara.com\/es\/inicio-de-sesion-y-registro\/#breadcrumb"},"inLanguage":"es","potentialAction":[{"@type":"ReadAction","target":["https:\/\/thespinsahara.com\/es\/inicio-de-sesion-y-registro\/"]}]},{"@type":"BreadcrumbList","@id":"https:\/\/thespinsahara.com\/es\/inicio-de-sesion-y-registro\/#breadcrumb","itemListElement":[{"@type":"ListItem","position":1,"name":"Spinsahara","item":"https:\/\/thespinsahara.com\/es\/"},{"@type":"ListItem","position":2,"name":"Inicio de sesi\u00f3n y Registro"}]},{"@type":"WebSite","@id":"https:\/\/thespinsahara.com\/es\/#website","url":"https:\/\/thespinsahara.com\/es\/","name":"Spinsahara","description":"","publisher":{"@id":"https:\/\/thespinsahara.com\/es\/#organization"},"potentialAction":[{"@type":"SearchAction","target":{"@type":"EntryPoint","urlTemplate":"https:\/\/thespinsahara.com\/es\/?s={search_term_string}"},"query-input":{"@type":"PropertyValueSpecification","valueRequired":true,"valueName":"search_term_string"}}],"inLanguage":"es"},{"@type":"Organization","@id":"https:\/\/thespinsahara.com\/es\/#organization","name":"Spinsahara","url":"https:\/\/thespinsahara.com\/es\/","logo":{"@type":"ImageObject","inLanguage":"es","@id":"https:\/\/thespinsahara.com\/es\/#\/schema\/logo\/image\/","url":"https:\/\/thespinsahara.com\/wp-content\/uploads\/2026\/01\/logo.svg","contentUrl":"https:\/\/thespinsahara.com\/wp-content\/uploads\/2026\/01\/logo.svg","caption":"Spinsahara"},"image":{"@id":"https:\/\/thespinsahara.com\/es\/#\/schema\/logo\/image\/"}}]}},"_links":{"self":[{"href":"https:\/\/thespinsahara.com\/es\/wp-json\/wp\/v2\/pages\/1644","targetHints":{"allow":["GET"]}}],"collection":[{"href":"https:\/\/thespinsahara.com\/es\/wp-json\/wp\/v2\/pages"}],"about":[{"href":"https:\/\/thespinsahara.com\/es\/wp-json\/wp\/v2\/types\/page"}],"author":[{"embeddable":true,"href":"https:\/\/thespinsahara.com\/es\/wp-json\/wp\/v2\/users\/1"}],"replies":[{"embeddable":true,"href":"https:\/\/thespinsahara.com\/es\/wp-json\/wp\/v2\/comments?post=1644"}],"version-history":[{"count":2,"href":"https:\/\/thespinsahara.com\/es\/wp-json\/wp\/v2\/pages\/1644\/revisions"}],"predecessor-version":[{"id":1881,"href":"https:\/\/thespinsahara.com\/es\/wp-json\/wp\/v2\/pages\/1644\/revisions\/1881"}],"wp:attachment":[{"href":"https:\/\/thespinsahara.com\/es\/wp-json\/wp\/v2\/media?parent=1644"}],"curies":[{"name":"wp","href":"https:\/\/api.w.org\/{rel}","templated":true}]}}