{"id":1639,"date":"2026-01-08T08:10:55","date_gmt":"2026-01-08T08:10:55","guid":{"rendered":"https:\/\/thespinsahara.com\/login-and-registration\/"},"modified":"2026-01-08T09:21:32","modified_gmt":"2026-01-08T09:21:32","slug":"connexion-et-inscription","status":"publish","type":"page","link":"https:\/\/thespinsahara.com\/fr\/connexion-et-inscription\/","title":{"rendered":"Connexion et inscription"},"content":{"rendered":"<h1>Connexion \u00e0 Spinsahara et gestion de compte<\/h1>\n<p>Le Spinsahara login vous permet d&rsquo;acc\u00e9der sans interruption \u00e0 votre compte de jeu priv\u00e9. Gr\u00e2ce \u00e0 cela, vous pourrez vous connecter \u00e0 notre casino en toute simplicit\u00e9. Le processus d&rsquo;inscription est simplifi\u00e9 afin que les nouveaux joueurs puissent s&rsquo;inscrire en quelques secondes et commencer imm\u00e9diatement \u00e0 jouer aux jeux de leur choix. Chez Spinsahara Casino, notre objectif est de fournir un environnement s\u00fbr, avec une gestion efficace des comptes et une assistance multilingue.<\/p>\n<p><div class=\"banner-wrap\" aria-label=\"Banner\"><img src=\"https:\/\/thespinsahara.com\/wp-content\/uploads\/2026\/01\/Spinsahara-banner-carousel-932\u0445400-12.webp\" class=\"w-100 d-none d-lg-block img-pc main-banner-img\" alt=\"Spinsahara banner carousel 932\u0445400-12\" fetchpriority=\"high\" decoding=\"async\"><img src=\"https:\/\/thespinsahara.com\/wp-content\/uploads\/2026\/01\/Frame-35.webp\" class=\"w-100 d-none d-md-block d-lg-none main-banner-img\" alt=\"Frame 35\" fetchpriority=\"high\" decoding=\"async\"><img src=\"https:\/\/thespinsahara.com\/wp-content\/uploads\/2026\/01\/Frame-35.webp\" class=\"w-100 d-md-none\" alt=\"Frame 35\" fetchpriority=\"high\" decoding=\"async\"><div class=\"banner-description\">\n<div class=\"banner-title\">Bonus de bienvenue<\/div>\n<p class=\"banner-header-title\">1500 \u20ac<\/p>\n<div class=\"banner-header-AdditionalText\">+ 250 Tours gratuits<\/div>\n<button data-item=\"homepage_banner_link\" class=\"goto m-button m-gradient-border m-button--primary m-button--large banner-button btn-orange\">\n            <div class=\"m-button-content\">\n                <span>Inscrivez-vous d\u00e8s maintenant<\/span>\n                <span><\/span>\n            <\/div>\n        <\/button>\n<\/div>\n<div class=\"WelcomePack\">\n<p><img loading=\"lazy\" decoding=\"async\" class=\"alignnone size-full wp-image-1373\" src=\"https:\/\/thespinsahara.com\/wp-content\/uploads\/2026\/01\/welcome-crown.svg\" alt=\"welcome crown\" width=\"25\" height=\"26\" \/><\/p>\n<div class=\"WelcomePack-Info\">Cashback hebdomadaire jusqu&rsquo;\u00e0 25 %<\/div>\n<p><img loading=\"lazy\" decoding=\"async\" class=\"alignnone size-full wp-image-1373\" src=\"https:\/\/thespinsahara.com\/wp-content\/uploads\/2026\/01\/welcome-crown.svg\" alt=\"welcome crown\" width=\"25\" height=\"26\" \/><\/p>\n<\/div>\n<\/div><div class=\"scrollable-content-wrap my-5\"><div class=\"scrollable-content-inner\"><h2>Inscription des joueurs au casino Spinsahara<\/h2>\n<p>La cr\u00e9ation d&rsquo;un compte sur le casino Spinsahara vous donne acc\u00e8s \u00e0 une s\u00e9rie d&rsquo;avantages tr\u00e8s int\u00e9ressants qui rendront votre exp\u00e9rience de jeu encore plus passionnante. Nos nouveaux joueurs b\u00e9n\u00e9ficient d&rsquo;un bonus de bienvenue de qualit\u00e9, d&rsquo;offres sp\u00e9ciales et de la possibilit\u00e9 de participer \u00e0 des jeux de casino en direct et \u00e0 des tournois. L&rsquo;inscription vous permet \u00e9galement de contr\u00f4ler facilement vos d\u00e9p\u00f4ts et retraits ainsi que vos informations personnelles, et de profiter d&rsquo;un environnement de jeu s\u00e9curis\u00e9.<\/p>\n<p>Les avantages de l&rsquo;inscription :<\/p>\n<ul>\n<li>Nous offrons un bonus de bienvenue tr\u00e8s int\u00e9ressant, qui comprend des cr\u00e9dits bonus et des tours gratuits.<\/li>\n<li>Des possibilit\u00e9s infinies gr\u00e2ce \u00e0 la vaste liste de jeux du casino Spinsahara.<\/li>\n<li>Des proc\u00e9dures de retrait et d&rsquo;\u00e9pargne s\u00e9curis\u00e9es.<\/li>\n<li>Participation \u00e0 des promotions r\u00e9guli\u00e8res et \u00e0 des programmes de fid\u00e9lit\u00e9.<\/li>\n<li>Services multilingues pour r\u00e9pondre aux besoins d&rsquo;une client\u00e8le internationale.<\/li>\n<li>Gestion et v\u00e9rification faciles de votre compte.<\/li>\n<\/ul>\n<h3>Cr\u00e9ez votre compte sur Spinsahara Casino<\/h3>\n<p>Les \u00e9tapes pour cr\u00e9er un compte Spin Sahara sont tr\u00e8s simples et ne n\u00e9cessitent g\u00e9n\u00e9ralement aucune connaissance particuli\u00e8re.<\/p>\n<p>Pour commencer, trouvez le bouton d&rsquo;inscription bien visible sur la page principale, qui se trouve g\u00e9n\u00e9ralement dans le coin sup\u00e9rieur droit, \u00e0 c\u00f4t\u00e9 de l&#8217;emplacement des identifiants de connexion ; ils sont regroup\u00e9s. En cliquant sur ce bouton, vous acc\u00e9derez au formulaire d&rsquo;inscription \u00e0 Spin Sahara. Remplissez les informations personnelles requises, telles que votre adresse e-mail et un mot de passe s\u00e9curis\u00e9 d&rsquo;au moins six caract\u00e8res, ce qui est la solution la plus s\u00fbre pour que votre mot de passe ne soit pas facilement devin\u00e9. N&rsquo;utilisez pas votre date de naissance comme mot de passe. Vous pouvez \u00e9galement utiliser un code promotionnel pour b\u00e9n\u00e9ficier d&rsquo;offres sp\u00e9ciales ; une ligne sp\u00e9ciale est pr\u00e9vue \u00e0 cet effet.<\/p>\n<p>Assurez-vous de valider votre \u00e2ge en d\u00e9clarant que vous avez 18 ans ou plus et acceptez les conditions g\u00e9n\u00e9rales et la politique de confidentialit\u00e9 en cochant les cases correspondantes. Nous prenons ce point tr\u00e8s au s\u00e9rieux, car nous avons une politique stricte interdisant l&rsquo;acc\u00e8s aux mineurs. Terminez le processus d&rsquo;inscription en remplissant le formulaire. Vous recevrez un e-mail de v\u00e9rification \u00e0 l&rsquo;adresse que vous avez enregistr\u00e9e. L&rsquo;inscription est termin\u00e9e une fois que vous avez cliqu\u00e9 sur le lien dans l&rsquo;e-mail. Une fois v\u00e9rifi\u00e9, vous aurez acc\u00e8s \u00e0 l&rsquo;ensemble du casino Spinsahara.<\/p>\n<h2>Connexion \u00e0 Spinsahara et gestion du compte<\/h2>\n<p>La connexion \u00e0 votre compte Spin Sahara est rapide. Le portail de connexion Spinsahara est disponible dans le coin sup\u00e9rieur droit de notre page d&rsquo;accueil, et le bouton de connexion est \u00e9galement situ\u00e9 dans le coin sup\u00e9rieur gauche. Lorsque vous cliquez dessus, ils sont m\u00eame r\u00e9unis pour un changement rapide (inscription ou connexion). Saisissez l&rsquo;adresse e-mail et le mot de passe que vous avez utilis\u00e9s lors de votre inscription, puis appuyez sur le bouton de connexion. Une fois connect\u00e9 \u00e0 notre syst\u00e8me Spin Sahara, vous acc\u00e9dez automatiquement \u00e0 un tableau de bord o\u00f9 vous pouvez g\u00e9rer votre compte et consulter l&rsquo;historique de vos transactions, en plus de pouvoir contr\u00f4ler vos actions de jeu.<\/p>\n<p>Gr\u00e2ce au tableau de bord de votre compte, vous pourrez mettre \u00e0 jour vos informations personnelles, fixer des limites de d\u00e9p\u00f4t et de retrait, consulter votre historique de jeu et acc\u00e9der \u00e0 des offres sp\u00e9ciales. Si vous rencontrez des probl\u00e8mes de ma\u00eetrise de vous-m\u00eame, vous pouvez \u00e9galement r\u00e9gler votre auto-exclusion \u00e0 partir de l\u00e0. Notre site est disponible en plusieurs langues, vous pouvez donc facilement vous y retrouver, quel que soit votre pays d&rsquo;origine. De plus, notre \u00e9quipe d&rsquo;assistance est \u00e0 votre disposition via un chat en direct pour vous aider ou r\u00e9pondre \u00e0 vos questions.<\/p>\n<h2>Processus d&rsquo;authentification du compte Spinsahara Casino<\/h2>\n<p>Au casino Spinsahara, nous avons adopt\u00e9 un syst\u00e8me de v\u00e9rification avanc\u00e9 et rigoureux afin de garantir la s\u00e9curit\u00e9 et l&rsquo;int\u00e9grit\u00e9 de notre plateforme. Pour cela, vous devez fournir des documents d&rsquo;identit\u00e9 valides prouvant votre identit\u00e9 et votre adresse, car nous devons nous assurer que, m\u00eame si notre casino est en ligne, les joueurs sont bien r\u00e9els.<\/p>\n<p>Le processus de v\u00e9rification est \u00e9galement simple : vous devez t\u00e9l\u00e9charger les documents n\u00e9cessaires sur le tableau de bord de votre compte, et la proc\u00e9dure est d\u00e9crite avec pr\u00e9cision. Notre \u00e9quipe d&rsquo;assistance Spin Sahara traite les demandes en 48 heures environ, ce qui est tr\u00e8s rapide par rapport \u00e0 d&rsquo;autres casinos. Une fois votre demande approuv\u00e9e, vous b\u00e9n\u00e9ficiez d&rsquo;une limite de retrait plus \u00e9lev\u00e9e et d&rsquo;une s\u00e9curit\u00e9 accrue pour votre compte. Le processus de v\u00e9rification est conforme aux dispositions l\u00e9gales et aux mesures de pr\u00e9vention de la fraude, garantissant ainsi un environnement de jeu \u00e9quitable pour les joueurs.<\/p>\n<table>\n<tbody>\n<tr>\n<td>Exigences de v\u00e9rification<\/td>\n<td>Description<\/td>\n<\/tr>\n<tr>\n<td>Pi\u00e8ce d&rsquo;identit\u00e9 valide<\/td>\n<td>Passeport, permis de conduire ou carte d&rsquo;identit\u00e9<\/td>\n<\/tr>\n<tr>\n<td>Justificatif de domicile<\/td>\n<td>Facture de services publics ou relev\u00e9 bancaire (datant de moins de 6 mois)<\/td>\n<\/tr>\n<\/tbody>\n<\/table>\n<h3>Probl\u00e8mes de connexion \u00e0 Spinsahara<\/h3>\n<p>Nous oublions tous des choses, c&rsquo;est la vie. Si vous perdez votre mot de passe de connexion \u00e0 Spinsahara, vous pouvez le r\u00e9cup\u00e9rer rapidement et sans stress. Sur la page d&rsquo;accueil, utilisez votre identifiant de connexion et s\u00e9lectionnez l&rsquo;option \u00ab Mot de passe oubli\u00e9 ? \u00bb situ\u00e9e un peu plus bas. Saisissez votre adresse e-mail enregistr\u00e9e, puis rendez-vous dans votre bo\u00eete de r\u00e9ception pour obtenir un lien de r\u00e9initialisation de mot de passe. Cliquez sur le lien pour cr\u00e9er un nouveau mot de passe et r\u00e9cup\u00e9rer l&rsquo;acc\u00e8s \u00e0 votre compte Spinsahara. Cela permettra de prot\u00e9ger la s\u00e9curit\u00e9 et la confidentialit\u00e9 de votre compte et vous permettra de continuer \u00e0 jouer d\u00e8s que possible.<\/p>\n<h2>FAQ<\/h2>\n<h3>Quelle est la proc\u00e9dure \u00e0 suivre pour v\u00e9rifier mon compte ?<\/h3>\n<p>Le processus de v\u00e9rification peut \u00eatre effectu\u00e9 en t\u00e9l\u00e9chargeant une copie num\u00e9ris\u00e9e ou une photo claire de votre passeport et d&rsquo;un justificatif de domicile r\u00e9cent via le tableau de bord de votre compte. Notre \u00e9quipe d&rsquo;assistance examine les demandes dans un d\u00e9lai de 48 heures et les approuve une fois que toutes les exigences d&rsquo; s sont remplies. Il vous suffit de t\u00e9l\u00e9charger vos informations r\u00e9elles et tout se passera sans encombre. Ce processus am\u00e9liore la s\u00e9curit\u00e9 de votre compte et vous permet de retirer davantage d&rsquo;argent.<\/p>\n<h3>Puis-je modifier mon mot de passe ou mon adresse e-mail ?<\/h3>\n<p>Vous pouvez facilement les modifier si n\u00e9cessaire. Les informations pouvant \u00eatre modifi\u00e9es dans les param\u00e8tres du compte comprennent la mise \u00e0 jour des coordonn\u00e9es et des d\u00e9tails de s\u00e9curit\u00e9. Rendez-vous dans la gestion de votre compte et vous pourrez choisir de modifier votre mot de passe ou votre adresse e-mail. Pour obtenir de l&rsquo;aide, laissez un message \u00e0 notre \u00e9quipe d&rsquo;assistance multilingue via le chat en direct.<\/p>\n<h3>Que dois-je faire si mon compte est bloqu\u00e9 ?<\/h3>\n<p>Si, pour une raison quelconque, notre syst\u00e8me soup\u00e7onne une anomalie, votre compte risque d&rsquo;\u00eatre bloqu\u00e9. Mais si vous n&rsquo;\u00eates impliqu\u00e9 dans aucune activit\u00e9 frauduleuse et que vous pouvez le prouver, il vous suffit de vous connecter \u00e0 Spinsahara et de contacter notre \u00e9quipe d&rsquo;assistance par chat en direct ou par e-mail. Elle vous aidera \u00e0 vous identifier et \u00e0 retrouver l&rsquo;acc\u00e8s \u00e0 votre compte. Les blocages de compte sont g\u00e9n\u00e9ralement le r\u00e9sultat d&rsquo;une v\u00e9rification de s\u00e9curit\u00e9 ou d&rsquo;une v\u00e9rification en attente, et une assistance rapide vous \u00e9vitera bien des d\u00e9sagr\u00e9ments.<\/p>\n<h3>Comment puis-je fermer ou suspendre temporairement mon compte ?<\/h3>\n<p>La suppression et la suspension sont toutes deux possibles. Pour une suspension temporaire, il suffit de demander \u00e0 notre \u00e9quipe d&rsquo;assistance de le faire par chat en direct ou par e-mail. Les demandes sont trait\u00e9es rapidement et en toute confidentialit\u00e9. Il convient de noter que les comptes qui ont \u00e9t\u00e9 suspendus ou ferm\u00e9s ne peuvent pas \u00eatre r\u00e9activ\u00e9s sans une nouvelle inscription, et que tous les d\u00e9p\u00f4ts ou retraits en attente doivent \u00eatre effectu\u00e9s au pr\u00e9alable. Veuillez donc prendre une d\u00e9cision m\u00fbrement r\u00e9fl\u00e9chie, car par la suite, si vous souhaitez vous reconnecter \u00e0 Spinsahara, cela ne sera plus possible.<\/p>\n<\/div><\/div><\/p>\n","protected":false},"excerpt":{"rendered":"<p>Connexion \u00e0 Spinsahara et gestion de compte Le Spinsahara login vous permet d&rsquo;acc\u00e9der sans interruption \u00e0 votre compte de jeu priv\u00e9. Gr\u00e2ce \u00e0 cela, vous pourrez vous connecter \u00e0 notre casino en toute simplicit\u00e9. Le processus d&rsquo;inscription est simplifi\u00e9 afin que les nouveaux joueurs puissent s&rsquo;inscrire en quelques secondes et commencer imm\u00e9diatement \u00e0 jouer aux [&hellip;]<\/p>\n","protected":false},"author":1,"featured_media":0,"parent":0,"menu_order":0,"comment_status":"closed","ping_status":"closed","template":"template-builder.php","meta":{"_acf_changed":false,"inline_featured_image":false,"footnotes":""},"class_list":["post-1639","page","type-page","status-publish","hentry"],"acf":[],"yoast_head":"<!-- This site is optimized with the Yoast SEO plugin v27.3 - https:\/\/yoast.com\/product\/yoast-seo-wordpress\/ -->\n<title>Spinsahara Connexion \u2013 Inscription et gestion du compte\ufeff<\/title>\n<meta name=\"description\" content=\"Cr\u00e9ez, g\u00e9rez et v\u00e9rifiez votre compte Spinsahara Casino en toute simplicit\u00e9. Utilisez Spinsahara Login pour vous inscrire rapidement, r\u00e9cup\u00e9rer votre compte et le fermer en toute s\u00e9curit\u00e9 avec une protection garantie.\" \/>\n<meta name=\"robots\" content=\"index, follow, max-snippet:-1, max-image-preview:large, max-video-preview:-1\" \/>\n<link rel=\"canonical\" href=\"https:\/\/thespinsahara.com\/fr\/connexion-et-inscription\/\" \/>\n<meta property=\"og:locale\" content=\"fr_FR\" \/>\n<meta property=\"og:type\" content=\"article\" \/>\n<meta property=\"og:title\" content=\"Spinsahara Connexion \u2013 Inscription et gestion du compte\ufeff\" \/>\n<meta property=\"og:description\" content=\"Cr\u00e9ez, g\u00e9rez et v\u00e9rifiez votre compte Spinsahara Casino en toute simplicit\u00e9. Utilisez Spinsahara Login pour vous inscrire rapidement, r\u00e9cup\u00e9rer votre compte et le fermer en toute s\u00e9curit\u00e9 avec une protection garantie.\" \/>\n<meta property=\"og:url\" content=\"https:\/\/thespinsahara.com\/fr\/connexion-et-inscription\/\" \/>\n<meta property=\"og:site_name\" content=\"spinsahara\" \/>\n<meta property=\"article:modified_time\" content=\"2026-01-08T09:21:32+00:00\" \/>\n<meta name=\"twitter:card\" content=\"summary_large_image\" \/>\n<meta name=\"twitter:label1\" content=\"Dur\u00e9e de lecture estim\u00e9e\" \/>\n\t<meta name=\"twitter:data1\" content=\"1 minute\" \/>\n<script type=\"application\/ld+json\" class=\"yoast-schema-graph\">{\"@context\":\"https:\\\/\\\/schema.org\",\"@graph\":[{\"@type\":\"WebPage\",\"@id\":\"https:\\\/\\\/thespinsahara.com\\\/fr\\\/connexion-et-inscription\\\/\",\"url\":\"https:\\\/\\\/thespinsahara.com\\\/fr\\\/connexion-et-inscription\\\/\",\"name\":\"Spinsahara Connexion \u2013 Inscription et gestion du compte\ufeff\",\"isPartOf\":{\"@id\":\"https:\\\/\\\/thespinsahara.com\\\/fr\\\/#website\"},\"datePublished\":\"2026-01-08T08:10:55+00:00\",\"dateModified\":\"2026-01-08T09:21:32+00:00\",\"description\":\"Cr\u00e9ez, g\u00e9rez et v\u00e9rifiez votre compte Spinsahara Casino en toute simplicit\u00e9. Utilisez Spinsahara Login pour vous inscrire rapidement, r\u00e9cup\u00e9rer votre compte et le fermer en toute s\u00e9curit\u00e9 avec une protection garantie.\",\"breadcrumb\":{\"@id\":\"https:\\\/\\\/thespinsahara.com\\\/fr\\\/connexion-et-inscription\\\/#breadcrumb\"},\"inLanguage\":\"fr-FR\",\"potentialAction\":[{\"@type\":\"ReadAction\",\"target\":[\"https:\\\/\\\/thespinsahara.com\\\/fr\\\/connexion-et-inscription\\\/\"]}]},{\"@type\":\"BreadcrumbList\",\"@id\":\"https:\\\/\\\/thespinsahara.com\\\/fr\\\/connexion-et-inscription\\\/#breadcrumb\",\"itemListElement\":[{\"@type\":\"ListItem\",\"position\":1,\"name\":\"Spinsahara\",\"item\":\"https:\\\/\\\/thespinsahara.com\\\/fr\\\/\"},{\"@type\":\"ListItem\",\"position\":2,\"name\":\"Connexion et inscription\"}]},{\"@type\":\"WebSite\",\"@id\":\"https:\\\/\\\/thespinsahara.com\\\/fr\\\/#website\",\"url\":\"https:\\\/\\\/thespinsahara.com\\\/fr\\\/\",\"name\":\"Spinsahara\",\"description\":\"\",\"publisher\":{\"@id\":\"https:\\\/\\\/thespinsahara.com\\\/fr\\\/#organization\"},\"potentialAction\":[{\"@type\":\"SearchAction\",\"target\":{\"@type\":\"EntryPoint\",\"urlTemplate\":\"https:\\\/\\\/thespinsahara.com\\\/fr\\\/?s={search_term_string}\"},\"query-input\":{\"@type\":\"PropertyValueSpecification\",\"valueRequired\":true,\"valueName\":\"search_term_string\"}}],\"inLanguage\":\"fr-FR\"},{\"@type\":\"Organization\",\"@id\":\"https:\\\/\\\/thespinsahara.com\\\/fr\\\/#organization\",\"name\":\"Spinsahara\",\"url\":\"https:\\\/\\\/thespinsahara.com\\\/fr\\\/\",\"logo\":{\"@type\":\"ImageObject\",\"inLanguage\":\"fr-FR\",\"@id\":\"https:\\\/\\\/thespinsahara.com\\\/fr\\\/#\\\/schema\\\/logo\\\/image\\\/\",\"url\":\"https:\\\/\\\/thespinsahara.com\\\/wp-content\\\/uploads\\\/2026\\\/01\\\/logo.svg\",\"contentUrl\":\"https:\\\/\\\/thespinsahara.com\\\/wp-content\\\/uploads\\\/2026\\\/01\\\/logo.svg\",\"caption\":\"Spinsahara\"},\"image\":{\"@id\":\"https:\\\/\\\/thespinsahara.com\\\/fr\\\/#\\\/schema\\\/logo\\\/image\\\/\"}}]}<\/script>\n<!-- \/ Yoast SEO plugin. -->","yoast_head_json":{"title":"Spinsahara Connexion \u2013 Inscription et gestion du compte\ufeff","description":"Cr\u00e9ez, g\u00e9rez et v\u00e9rifiez votre compte Spinsahara Casino en toute simplicit\u00e9. Utilisez Spinsahara Login pour vous inscrire rapidement, r\u00e9cup\u00e9rer votre compte et le fermer en toute s\u00e9curit\u00e9 avec une protection garantie.","robots":{"index":"index","follow":"follow","max-snippet":"max-snippet:-1","max-image-preview":"max-image-preview:large","max-video-preview":"max-video-preview:-1"},"canonical":"https:\/\/thespinsahara.com\/fr\/connexion-et-inscription\/","og_locale":"fr_FR","og_type":"article","og_title":"Spinsahara Connexion \u2013 Inscription et gestion du compte\ufeff","og_description":"Cr\u00e9ez, g\u00e9rez et v\u00e9rifiez votre compte Spinsahara Casino en toute simplicit\u00e9. Utilisez Spinsahara Login pour vous inscrire rapidement, r\u00e9cup\u00e9rer votre compte et le fermer en toute s\u00e9curit\u00e9 avec une protection garantie.","og_url":"https:\/\/thespinsahara.com\/fr\/connexion-et-inscription\/","og_site_name":"spinsahara","article_modified_time":"2026-01-08T09:21:32+00:00","twitter_card":"summary_large_image","twitter_misc":{"Dur\u00e9e de lecture estim\u00e9e":"1 minute"},"schema":{"@context":"https:\/\/schema.org","@graph":[{"@type":"WebPage","@id":"https:\/\/thespinsahara.com\/fr\/connexion-et-inscription\/","url":"https:\/\/thespinsahara.com\/fr\/connexion-et-inscription\/","name":"Spinsahara Connexion \u2013 Inscription et gestion du compte\ufeff","isPartOf":{"@id":"https:\/\/thespinsahara.com\/fr\/#website"},"datePublished":"2026-01-08T08:10:55+00:00","dateModified":"2026-01-08T09:21:32+00:00","description":"Cr\u00e9ez, g\u00e9rez et v\u00e9rifiez votre compte Spinsahara Casino en toute simplicit\u00e9. Utilisez Spinsahara Login pour vous inscrire rapidement, r\u00e9cup\u00e9rer votre compte et le fermer en toute s\u00e9curit\u00e9 avec une protection garantie.","breadcrumb":{"@id":"https:\/\/thespinsahara.com\/fr\/connexion-et-inscription\/#breadcrumb"},"inLanguage":"fr-FR","potentialAction":[{"@type":"ReadAction","target":["https:\/\/thespinsahara.com\/fr\/connexion-et-inscription\/"]}]},{"@type":"BreadcrumbList","@id":"https:\/\/thespinsahara.com\/fr\/connexion-et-inscription\/#breadcrumb","itemListElement":[{"@type":"ListItem","position":1,"name":"Spinsahara","item":"https:\/\/thespinsahara.com\/fr\/"},{"@type":"ListItem","position":2,"name":"Connexion et inscription"}]},{"@type":"WebSite","@id":"https:\/\/thespinsahara.com\/fr\/#website","url":"https:\/\/thespinsahara.com\/fr\/","name":"Spinsahara","description":"","publisher":{"@id":"https:\/\/thespinsahara.com\/fr\/#organization"},"potentialAction":[{"@type":"SearchAction","target":{"@type":"EntryPoint","urlTemplate":"https:\/\/thespinsahara.com\/fr\/?s={search_term_string}"},"query-input":{"@type":"PropertyValueSpecification","valueRequired":true,"valueName":"search_term_string"}}],"inLanguage":"fr-FR"},{"@type":"Organization","@id":"https:\/\/thespinsahara.com\/fr\/#organization","name":"Spinsahara","url":"https:\/\/thespinsahara.com\/fr\/","logo":{"@type":"ImageObject","inLanguage":"fr-FR","@id":"https:\/\/thespinsahara.com\/fr\/#\/schema\/logo\/image\/","url":"https:\/\/thespinsahara.com\/wp-content\/uploads\/2026\/01\/logo.svg","contentUrl":"https:\/\/thespinsahara.com\/wp-content\/uploads\/2026\/01\/logo.svg","caption":"Spinsahara"},"image":{"@id":"https:\/\/thespinsahara.com\/fr\/#\/schema\/logo\/image\/"}}]}},"_links":{"self":[{"href":"https:\/\/thespinsahara.com\/fr\/wp-json\/wp\/v2\/pages\/1639","targetHints":{"allow":["GET"]}}],"collection":[{"href":"https:\/\/thespinsahara.com\/fr\/wp-json\/wp\/v2\/pages"}],"about":[{"href":"https:\/\/thespinsahara.com\/fr\/wp-json\/wp\/v2\/types\/page"}],"author":[{"embeddable":true,"href":"https:\/\/thespinsahara.com\/fr\/wp-json\/wp\/v2\/users\/1"}],"replies":[{"embeddable":true,"href":"https:\/\/thespinsahara.com\/fr\/wp-json\/wp\/v2\/comments?post=1639"}],"version-history":[{"count":2,"href":"https:\/\/thespinsahara.com\/fr\/wp-json\/wp\/v2\/pages\/1639\/revisions"}],"predecessor-version":[{"id":1709,"href":"https:\/\/thespinsahara.com\/fr\/wp-json\/wp\/v2\/pages\/1639\/revisions\/1709"}],"wp:attachment":[{"href":"https:\/\/thespinsahara.com\/fr\/wp-json\/wp\/v2\/media?parent=1639"}],"curies":[{"name":"wp","href":"https:\/\/api.w.org\/{rel}","templated":true}]}}