{"id":1623,"date":"2026-01-08T08:08:05","date_gmt":"2026-01-08T08:08:05","guid":{"rendered":"https:\/\/thespinsahara.com\/app\/"},"modified":"2026-01-08T12:05:00","modified_gmt":"2026-01-08T12:05:00","slug":"applicazione","status":"publish","type":"page","link":"https:\/\/thespinsahara.com\/it\/applicazione\/","title":{"rendered":"Applicazione"},"content":{"rendered":"<h1>App Spinsahara<\/h1>\n<p>La nuovissima Spinsahara app \u00e8 pronta a dimostrare al settore dei casin\u00f2 la nostra fluida esperienza di gioco mobile. Siamo lo strumento perfetto per chi ama giocare ai propri giochi da casin\u00f2 online preferiti senza interruzioni, sempre e ovunque. \u00c8 pensata per un utilizzo rapido e comodo e offre anche una piattaforma sicura e intuitiva che riproduce la versione desktop dei giochi sullo schermo pi\u00f9 piccolo dei dispositivi mobili. Indipendentemente dal fatto che si utilizzi un dispositivo Android o iOS, Spin Sahara garantisce un accesso rapido a un&#8217;ampia selezione di slot online, giochi da tavolo e opzioni di gioco dal vivo.<\/p>\n<div class=\"banner-wrap\" aria-label=\"Banner\"><img src=\"https:\/\/thespinsahara.com\/wp-content\/uploads\/2026\/01\/Spinsahara-banner-carousel-932\u0445400-12.webp\" class=\"w-100 d-none d-lg-block img-pc main-banner-img\" alt=\"Spinsahara banner carousel 932\u0445400-12\" fetchpriority=\"high\" decoding=\"async\"><img src=\"https:\/\/thespinsahara.com\/wp-content\/uploads\/2026\/01\/Frame-35.webp\" class=\"w-100 d-none d-md-block d-lg-none main-banner-img\" alt=\"Frame 35\" fetchpriority=\"high\" decoding=\"async\"><img src=\"https:\/\/thespinsahara.com\/wp-content\/uploads\/2026\/01\/Frame-35.webp\" class=\"w-100 d-md-none\" alt=\"Frame 35\" fetchpriority=\"high\" decoding=\"async\"><div class=\"banner-description\">\n<div class=\"banner-title\">Bonus di benvenuto<\/div>\n<p class=\"banner-header-title\">1500 \u20ac<\/p>\n<div class=\"banner-header-AdditionalText\">+ 250 Giri gratuiti<\/div>\n<button data-item=\"homepage_banner_link\" class=\"goto m-button m-gradient-border m-button--primary m-button--large banner-button btn-orange\">\n            <div class=\"m-button-content\">\n                <span>Iscriviti ora<\/span>\n                <span><\/span>\n            <\/div>\n        <\/button>\n<\/div>\n<div class=\"WelcomePack\">\n<p><img loading=\"lazy\" decoding=\"async\" class=\"alignnone size-full wp-image-1373\" src=\"https:\/\/thespinsahara.com\/wp-content\/uploads\/2026\/01\/welcome-crown.svg\" alt=\"welcome crown\" width=\"25\" height=\"26\" \/><\/p>\n<div class=\"WelcomePack-Info\">Cashback settimanale fino al 25%<\/div>\n<p><img loading=\"lazy\" decoding=\"async\" class=\"alignnone size-full wp-image-1373\" src=\"https:\/\/thespinsahara.com\/wp-content\/uploads\/2026\/01\/welcome-crown.svg\" alt=\"welcome crown\" width=\"25\" height=\"26\" \/><\/p>\n<\/div>\n<\/div>\n<h2>Spinsahara Casino nella tua tasca<\/h2>\n<p>La nostra app Spinsahara di nuova creazione trasforma il tuo dispositivo mobile in un casin\u00f2 a tutti gli effetti. Siamo in grado di offrirti un&#8217;esperienza di gioco veloce e fluida senza alcun requisito di PC. Di solito, per giocare ai giochi da casin\u00f2, era necessario avviare il computer, attendere il caricamento di tutto e infine divertirsi. Ma ora non pi\u00f9. Ci\u00f2 significa che puoi goderti fantastici giochi ovunque tu voglia, poich\u00e9 l&#8217;esperienza di gioco \u00e8 ai massimi livelli. Hai accesso immediato alle nostre numerose slot machine: All Lucky Clovers, Burning Chilli ti aspettano. Abbiamo creato servizi di pagamento mobile facili da usare e assistenza in tempo reale. Il funzionamento semplice della nostra app Spinsahara e le sue fantastiche immagini rendono il processo di gioco molto facile e interessante, indipendentemente dalle dimensioni del tuo dispositivo o dal suo sistema operativo. Oltre a questa comodit\u00e0 e grazie alle avanzate funzionalit\u00e0 di sicurezza, Spin Sahara \u00e8 la scelta migliore per gli amanti del gioco d&#8217;azzardo mobile.<\/p>\n<h3>Pro e contro del mobile<\/h3>\n<p>Dai un&#8217;occhiata alla tabella che mostra i pro e i contro dell&#8217;utilizzo della nostra versione mobile rispetto a quella completa e decidi tu stesso quale ti si addice di pi\u00f9:<\/p>\n<table>\n<tbody>\n<tr>\n<td>Pro<\/td>\n<td>Contro<\/td>\n<\/tr>\n<tr>\n<td>Facile installazione tramite PWA<\/td>\n<td>Richiede una connessione Internet stabile<\/td>\n<\/tr>\n<tr>\n<td>Accesso veloce<\/td>\n<td>Alcuni giochi non sono disponibili<\/td>\n<\/tr>\n<tr>\n<td>Supporta Android, iOS e dispositivi meno recenti<\/td>\n<td>Le prestazioni possono variare su dispositivi molto vecchi<\/td>\n<\/tr>\n<tr>\n<td>Transazioni sicure<\/td>\n<td><\/td>\n<\/tr>\n<tr>\n<td>Non \u00e8 necessario spazio di archiviazione<\/td>\n<td><\/td>\n<\/tr>\n<\/tbody>\n<\/table>\n<p><span style=\"font-size: 16px\"><div style=\"clear: both\"><\/div><div class=\"d-flex justify-content-center\"><button data-item=\"seo-link\" data-group=\"website_links\" class=\"goto fw-bold rounded-pill btn btn-orange\" aria-label=\"Scarica l&#039;app Spinsahara\" >Scarica l&#039;app Spinsahara<\/button><\/div><div class=\"scrollable-content-wrap my-5\"><div class=\"scrollable-content-inner\"><h2>App Spinsahara per Android<\/h2>\n<p>Dopo aver riflettuto a lungo con i nostri sviluppatori, l&#8217;app Spinsahara Casino per Android ha rilasciato alcune funzioni: una Progressive Web App (PWA) facile da installare che mira a fornire agli utenti un accesso veloce e senza problemi senza la necessit\u00e0 di scaricare un file APK Spinsahara di grandi dimensioni. Per l&#8217;installazione, clicca sul pulsante &#8220;Casino App&#8221; nella parte inferiore della pagina principale e l&#8217;app Spinsahara verr\u00e0 aggiunta alla tua schermata iniziale, fornendoti accesso immediato al tuo account di gioco. Il design della nostra app \u00e8 lo stesso della versione desktop. In questo modo, abbiamo fatto in modo che tutti i nostri utenti potessero godere di un&#8217;esperienza coerente con una navigazione e un layout di gioco semplici.<\/p>\n<p>Quali sono le caratteristiche principali della nostra app che potrebbero convincerti a installarla?<\/p>\n<ul>\n<li>Facile installazione come PWA senza scaricare un file APK di grandi dimensioni<\/li>\n<li>Accesso rapido ai nostri giochi e alla gestione dell&#8217;account<\/li>\n<li>Supporto per transazioni e prelievi con denaro reale<\/li>\n<li>Ottimizzata per qualsiasi dispositivo, anche le versioni precedenti<\/li>\n<li>Interfaccia intuitiva che qualsiasi giocatore pu\u00f2 navigare<\/li>\n<\/ul>\n<p>La nostra versione Android ha tutte le caratteristiche essenziali che servono per una buona esperienza utente. Quindi, ci sono possibilit\u00e0 di fare transazioni sicure con soldi veri, ottenere informazioni sulle promozioni in corso e avere pieno accesso ai giochi di slot, giochi da tavolo e casin\u00f2 dal vivo. L&#8217;app Spinsahara \u00e8 progettata per richiedere meno risorse, quindi si carica rapidamente e funziona senza intoppi anche sui dispositivi meno recenti. Il primo prelievo (per il quale \u00e8 necessaria la verifica, attenzione) viene effettuato direttamente nell&#8217;app, rendendo cos\u00ec il prelievo pi\u00f9 sicuro e conforme alle regole.<\/p>\n<h3>Spinsahara APK o PWA<\/h3>\n<p>Rispetto alle tradizionali app di casin\u00f2, Spinsahara Casino non si basa pi\u00f9 sul download manuale diretto di APK. Inoltre, chi vuole esaurire la propria memoria con il caricamento? La nostra piattaforma ha scelto un approccio Progressive Web App (PWA), che \u00e8 sicuro, leggero e molto facile da installare direttamente dal browser. I giocatori devono solo premere il pulsante &#8220;Casino App&#8221; sulla nostra pagina principale e l&#8217;app verr\u00e0 trasferita senza interruzioni. Questo metodo elimina le minacce alla sicurezza che derivano dai file APK e consente comunque all&#8217;app di aggiornarsi automaticamente, fornendo cos\u00ec sempre le ultime funzionalit\u00e0, giochi e patch di sicurezza.<\/p>\n<p>Le prestazioni della nostra PWA sono ottime, non c&#8217;\u00e8 alcun dubbio: si carica rapidamente e la grafica \u00e8 ottimizzata per tutti i dispositivi Android. Con questa soluzione non sono necessari aggiornamenti o download, quindi i giocatori di Spinsahara Casino possono utilizzare tutte le funzionalit\u00e0 e godersi un&#8217;esperienza di gioco senza interruzioni.<\/p>\n<p><img loading=\"lazy\" decoding=\"async\" class=\"alignnone size-full wp-image-1453\" src=\"https:\/\/thespinsahara.com\/wp-content\/uploads\/2026\/01\/Spinsahara-Android-App.webp\" alt=\"Spinsahara Android\" width=\"1248\" height=\"536\" srcset=\"https:\/\/thespinsahara.com\/wp-content\/uploads\/2026\/01\/Spinsahara-Android-App.webp 1248w, https:\/\/thespinsahara.com\/wp-content\/uploads\/2026\/01\/Spinsahara-Android-App-300x129.webp 300w, https:\/\/thespinsahara.com\/wp-content\/uploads\/2026\/01\/Spinsahara-Android-App-1024x440.webp 1024w, https:\/\/thespinsahara.com\/wp-content\/uploads\/2026\/01\/Spinsahara-Android-App-768x330.webp 768w\" sizes=\"auto, (max-width: 1248px) 100vw, 1248px\" \/><\/p>\n<\/div><\/div><div style=\"clear: both\"><\/div><div class=\"d-flex justify-content-center\"><button data-item=\"seo-link\" data-group=\"website_links\" class=\"goto fw-bold rounded-pill btn btn-orange\" aria-label=\"Scarica l&#039;app Spinsahara\" >Scarica l&#039;app Spinsahara<\/button><\/div><div class=\"scrollable-content-wrap my-5\"><div class=\"scrollable-content-inner\"><h2>Esperienza di gioco su Spinsahara iOS Casino<\/h2>\n<p>Spin Sahara offre anche una PWA per gli utenti iOS: il processo \u00e8 simile a quello per Android: basta cliccare sul pulsante &#8220;App Casin\u00f2&#8221; per essere reindirizzati. E per un accesso pi\u00f9 rapido, \u00e8 possibile aggiungere l&#8217;icona di collegamento alla schermata iniziale in Safari utilizzando la funzione &#8220;Aggiungi alla schermata iniziale&#8221;. Se hai seguito correttamente le istruzioni, cosa che siamo certi tu abbia fatto, sulla tua schermata iniziale apparir\u00e0 una nuova icona che ti consentir\u00e0 di accedere immediatamente a Spinsahara Casino come se fosse un&#8217;app. Inoltre, la funzionalit\u00e0 online di questa versione non \u00e8 limitata, quindi gli utenti sono ancora liberi di giocare alle slot online, ai giochi di casin\u00f2 dal vivo o ai giochi da tavolo come fanno di solito, tutti ottimizzati per funzionare senza problemi su iPhone e iPad.<\/p>\n<p>Oltre a ci\u00f2, i dispositivi iOS garantiscono la sicurezza attraverso connessioni crittografate. Prendiamo molto sul serio la sicurezza e garantiamo che le transazioni siano sicure e che i dati siano protetti durante tutto il processo di gioco. Dobbiamo aggiungere che la nostra interfaccia non solo \u00e8 completamente reattiva, ma offre anche un gameplay fluido e un&#8217;elaborazione rapida delle transazioni. Tutto ci\u00f2 rende Spin Sahara un casin\u00f2 mobile affidabile per gli utenti iOS pi\u00f9 esigenti.<\/p>\n<p><img loading=\"lazy\" decoding=\"async\" class=\"alignnone size-full wp-image-1533\" src=\"https:\/\/thespinsahara.com\/wp-content\/uploads\/2026\/01\/Spinsahara-iOS-App.webp\" alt=\"Spinsahara iOS\" width=\"1248\" height=\"536\" srcset=\"https:\/\/thespinsahara.com\/wp-content\/uploads\/2026\/01\/Spinsahara-iOS-App.webp 1248w, https:\/\/thespinsahara.com\/wp-content\/uploads\/2026\/01\/Spinsahara-iOS-App-300x129.webp 300w, https:\/\/thespinsahara.com\/wp-content\/uploads\/2026\/01\/Spinsahara-iOS-App-1024x440.webp 1024w, https:\/\/thespinsahara.com\/wp-content\/uploads\/2026\/01\/Spinsahara-iOS-App-768x330.webp 768w\" sizes=\"auto, (max-width: 1248px) 100vw, 1248px\" \/><\/p>\n<\/div><\/div><div style=\"clear: both\"><\/div><div class=\"d-flex justify-content-center\"><button data-item=\"seo-link\" data-group=\"website_links\" class=\"goto fw-bold rounded-pill btn btn-orange\" aria-label=\"Scarica l&#039;app Spinsahara\" >Scarica l&#039;app Spinsahara<\/button><\/div><div class=\"scrollable-content-wrap my-5\"><div class=\"scrollable-content-inner\"><h2>Download delle app per Windows e macOS<\/h2>\n<p>Oltre alle soluzioni mobili, Spin Sahara ha una propria applicazione desktop. Funziona sia con Windows che con macOS. La versione desktop pu\u00f2 fungere da piattaforma di gioco definitiva, offrendo una grafica di prim&#8217;ordine, una navigazione intuitiva e la gestione dell&#8217;account\/sicurezza. Inoltre, gli utenti possono accedere facilmente alla piattaforma tramite browser moderni o, se lo desiderano, possono semplicemente inserire un collegamento sul desktop per un accesso rapido.<\/p>\n<p>La nostra app desktop supporta tutti i tipi di gioco. Puoi giocare alle slot online, ai giochi con croupier dal vivo e a tutti i tipi di roulette e giochi da tavolo come al solito. Garantiamo un&#8217;esperienza coerente su tutti i dispositivi. Il nostro team di assistenza rimane accessibile tramite live chat per fornire assistenza in caso di problemi tecnici o gestione dell&#8217;account. Non ci stancheremo mai di mantenere un elevato standard di servizio clienti per renderti felice e soddisfatto nel nostro casin\u00f2.<\/p>\n<p><img loading=\"lazy\" decoding=\"async\" class=\"alignnone size-full wp-image-1525\" src=\"https:\/\/thespinsahara.com\/wp-content\/uploads\/2026\/01\/Spinsahara-Desktop-App.webp\" alt=\"Spinsahara Desktop\" width=\"1248\" height=\"536\" srcset=\"https:\/\/thespinsahara.com\/wp-content\/uploads\/2026\/01\/Spinsahara-Desktop-App.webp 1248w, https:\/\/thespinsahara.com\/wp-content\/uploads\/2026\/01\/Spinsahara-Desktop-App-300x129.webp 300w, https:\/\/thespinsahara.com\/wp-content\/uploads\/2026\/01\/Spinsahara-Desktop-App-1024x440.webp 1024w, https:\/\/thespinsahara.com\/wp-content\/uploads\/2026\/01\/Spinsahara-Desktop-App-768x330.webp 768w\" sizes=\"auto, (max-width: 1248px) 100vw, 1248px\" \/><\/p>\n<\/div><\/div><div style=\"clear: both\"><\/div><div class=\"d-flex justify-content-center\"><button data-item=\"seo-link\" data-group=\"website_links\" class=\"goto fw-bold rounded-pill btn btn-orange\" aria-label=\"Scarica l&#039;app Spinsahara\" >Scarica l&#039;app Spinsahara<\/button><\/div><div class=\"scrollable-content-wrap my-5\"><div class=\"scrollable-content-inner\"><h2>Domande frequenti<\/h2>\n<h3>L&#8217;app Spinsahara Casino offre assistenza clienti?<\/h3>\n<p>Spin Sahara offre un servizio di assistenza tramite chat live attivo 24 ore su 24, 7 giorni su 7, dedicato ad assistere gli utenti in caso di problemi tecnici, richieste relative alle transazioni o domande sul gioco. L&#8217;assistenza \u00e8 accessibile direttamente dall&#8217;app, garantendo risposte rapide e soluzioni a tutti i problemi.<\/p>\n<h3>\u00c8 necessario creare un account per utilizzare l&#8217;app Spinsahara?<\/h3>\n<p>Se desideri giocare a qualcosa di pi\u00f9 dei giochi demo, devi registrarti e verificare il tuo account per accedere a tutte le funzionalit\u00e0 di Spinsahara Casino, inclusi depositi, prelievi e gioco. Il processo di verifica \u00e8 importante per garantire la sicurezza e la conformit\u00e0 agli standard normativi.<\/p>\n<h3>Tutti i giochi sono disponibili nell&#8217;app Spinsahara?<\/h3>\n<p>Tutti i giochi disponibili sulla piattaforma desktop di Spinsahara Casino sono accessibili tramite l&#8217;app mobile. Tutti i giochi, comprese le nostre slot online, il casin\u00f2 dal vivo, la collezione di libri e i giochi da tavolo. La nostra piattaforma \u00e8 ottimizzata per un gameplay fluido su tutti i dispositivi.<\/p>\n<h3>Come posso aggiornare l&#8217;app Spinsahara Casino?<\/h3>\n<p>La nostra PWA si aggiorna automaticamente, fornendo ai giocatori le ultime funzionalit\u00e0 e miglioramenti di sicurezza senza intervento manuale, senza necessit\u00e0 di reinstallare nulla. Per le versioni desktop o iOS, gli aggiornamenti sono gestiti tramite l&#8217;app store o il browser del tuo dispositivo, assicurando che sia sempre in uso l&#8217;ultima versione, quindi non sono necessarie ulteriori azioni da parte tua.<\/p>\n<h3>Cosa devo fare se la mia app \u00e8 lenta?<\/h3>\n<p>Se l&#8217;app Spinsahara \u00e8 lenta o presenta problemi di prestazioni, assicurati innanzitutto che il tuo dispositivo soddisfi i requisiti di sistema consigliati e che la tua connessione Internet sia stabile. Anche la cancellazione della cache dell&#8217;app o dei dati del browser pu\u00f2 migliorare le prestazioni. Per tutti i nostri utenti PWA, l&#8217;aggiornamento dell&#8217;app tramite il browser garantisce l&#8217;utilizzo della versione pi\u00f9 recente, che potrebbe contenere miglioramenti delle prestazioni. Se i problemi persistono, contatta il nostro team di assistenza tramite la chat live per ulteriore assistenza.<\/p>\n<\/div><\/div><\/span><\/p>\n","protected":false},"excerpt":{"rendered":"<p>App Spinsahara La nuovissima Spinsahara app \u00e8 pronta a dimostrare al settore dei casin\u00f2 la nostra fluida esperienza di gioco mobile. Siamo lo strumento perfetto per chi ama giocare ai propri giochi da casin\u00f2 online preferiti senza interruzioni, sempre e ovunque. \u00c8 pensata per un utilizzo rapido e comodo e offre anche una piattaforma sicura [&hellip;]<\/p>\n","protected":false},"author":1,"featured_media":0,"parent":0,"menu_order":0,"comment_status":"closed","ping_status":"closed","template":"template-builder.php","meta":{"_acf_changed":false,"inline_featured_image":false,"footnotes":""},"class_list":["post-1623","page","type-page","status-publish","hentry"],"acf":[],"yoast_head":"<!-- This site is optimized with the Yoast SEO plugin v27.3 - https:\/\/yoast.com\/product\/yoast-seo-wordpress\/ -->\n<title>Download App Spinsahara | iOS e Android<\/title>\n<meta name=\"description\" content=\"L&#039;app Spinsahara offre un&#039;esperienza di gioco fluida su Android, iOS, Windows e macOS, con account sincronizzati, aggiornamenti regolari e assistenza clienti integrata per garantire un gioco senza intoppi.\" \/>\n<meta name=\"robots\" content=\"index, follow, max-snippet:-1, max-image-preview:large, max-video-preview:-1\" \/>\n<link rel=\"canonical\" href=\"https:\/\/thespinsahara.com\/it\/applicazione\/\" \/>\n<meta property=\"og:locale\" content=\"it_IT\" \/>\n<meta property=\"og:type\" content=\"article\" \/>\n<meta property=\"og:title\" content=\"Download App Spinsahara | iOS e Android\" \/>\n<meta property=\"og:description\" content=\"L&#039;app Spinsahara offre un&#039;esperienza di gioco fluida su Android, iOS, Windows e macOS, con account sincronizzati, aggiornamenti regolari e assistenza clienti integrata per garantire un gioco senza intoppi.\" \/>\n<meta property=\"og:url\" content=\"https:\/\/thespinsahara.com\/it\/applicazione\/\" \/>\n<meta property=\"og:site_name\" content=\"spinsahara\" \/>\n<meta property=\"article:modified_time\" content=\"2026-01-08T12:05:00+00:00\" \/>\n<meta name=\"twitter:card\" content=\"summary_large_image\" \/>\n<meta name=\"twitter:label1\" content=\"Est. reading time\" \/>\n\t<meta name=\"twitter:data1\" content=\"2 minuti\" \/>\n<script type=\"application\/ld+json\" class=\"yoast-schema-graph\">{\"@context\":\"https:\\\/\\\/schema.org\",\"@graph\":[{\"@type\":\"WebPage\",\"@id\":\"https:\\\/\\\/thespinsahara.com\\\/it\\\/applicazione\\\/\",\"url\":\"https:\\\/\\\/thespinsahara.com\\\/it\\\/applicazione\\\/\",\"name\":\"Download App Spinsahara | iOS e Android\",\"isPartOf\":{\"@id\":\"https:\\\/\\\/thespinsahara.com\\\/it\\\/#website\"},\"datePublished\":\"2026-01-08T08:08:05+00:00\",\"dateModified\":\"2026-01-08T12:05:00+00:00\",\"description\":\"L'app Spinsahara offre un'esperienza di gioco fluida su Android, iOS, Windows e macOS, con account sincronizzati, aggiornamenti regolari e assistenza clienti integrata per garantire un gioco senza intoppi.\",\"breadcrumb\":{\"@id\":\"https:\\\/\\\/thespinsahara.com\\\/it\\\/applicazione\\\/#breadcrumb\"},\"inLanguage\":\"it-IT\",\"potentialAction\":[{\"@type\":\"ReadAction\",\"target\":[\"https:\\\/\\\/thespinsahara.com\\\/it\\\/applicazione\\\/\"]}]},{\"@type\":\"BreadcrumbList\",\"@id\":\"https:\\\/\\\/thespinsahara.com\\\/it\\\/applicazione\\\/#breadcrumb\",\"itemListElement\":[{\"@type\":\"ListItem\",\"position\":1,\"name\":\"Spinsahara\",\"item\":\"https:\\\/\\\/thespinsahara.com\\\/it\\\/\"},{\"@type\":\"ListItem\",\"position\":2,\"name\":\"Applicazione\"}]},{\"@type\":\"WebSite\",\"@id\":\"https:\\\/\\\/thespinsahara.com\\\/it\\\/#website\",\"url\":\"https:\\\/\\\/thespinsahara.com\\\/it\\\/\",\"name\":\"Spinsahara\",\"description\":\"\",\"publisher\":{\"@id\":\"https:\\\/\\\/thespinsahara.com\\\/it\\\/#organization\"},\"potentialAction\":[{\"@type\":\"SearchAction\",\"target\":{\"@type\":\"EntryPoint\",\"urlTemplate\":\"https:\\\/\\\/thespinsahara.com\\\/it\\\/?s={search_term_string}\"},\"query-input\":{\"@type\":\"PropertyValueSpecification\",\"valueRequired\":true,\"valueName\":\"search_term_string\"}}],\"inLanguage\":\"it-IT\"},{\"@type\":\"Organization\",\"@id\":\"https:\\\/\\\/thespinsahara.com\\\/it\\\/#organization\",\"name\":\"Spinsahara\",\"url\":\"https:\\\/\\\/thespinsahara.com\\\/it\\\/\",\"logo\":{\"@type\":\"ImageObject\",\"inLanguage\":\"it-IT\",\"@id\":\"https:\\\/\\\/thespinsahara.com\\\/it\\\/#\\\/schema\\\/logo\\\/image\\\/\",\"url\":\"https:\\\/\\\/thespinsahara.com\\\/wp-content\\\/uploads\\\/2026\\\/01\\\/logo.svg\",\"contentUrl\":\"https:\\\/\\\/thespinsahara.com\\\/wp-content\\\/uploads\\\/2026\\\/01\\\/logo.svg\",\"caption\":\"Spinsahara\"},\"image\":{\"@id\":\"https:\\\/\\\/thespinsahara.com\\\/it\\\/#\\\/schema\\\/logo\\\/image\\\/\"}}]}<\/script>\n<!-- \/ Yoast SEO plugin. -->","yoast_head_json":{"title":"Download App Spinsahara | iOS e Android","description":"L'app Spinsahara offre un'esperienza di gioco fluida su Android, iOS, Windows e macOS, con account sincronizzati, aggiornamenti regolari e assistenza clienti integrata per garantire un gioco senza intoppi.","robots":{"index":"index","follow":"follow","max-snippet":"max-snippet:-1","max-image-preview":"max-image-preview:large","max-video-preview":"max-video-preview:-1"},"canonical":"https:\/\/thespinsahara.com\/it\/applicazione\/","og_locale":"it_IT","og_type":"article","og_title":"Download App Spinsahara | iOS e Android","og_description":"L'app Spinsahara offre un'esperienza di gioco fluida su Android, iOS, Windows e macOS, con account sincronizzati, aggiornamenti regolari e assistenza clienti integrata per garantire un gioco senza intoppi.","og_url":"https:\/\/thespinsahara.com\/it\/applicazione\/","og_site_name":"spinsahara","article_modified_time":"2026-01-08T12:05:00+00:00","twitter_card":"summary_large_image","twitter_misc":{"Est. reading time":"2 minuti"},"schema":{"@context":"https:\/\/schema.org","@graph":[{"@type":"WebPage","@id":"https:\/\/thespinsahara.com\/it\/applicazione\/","url":"https:\/\/thespinsahara.com\/it\/applicazione\/","name":"Download App Spinsahara | iOS e Android","isPartOf":{"@id":"https:\/\/thespinsahara.com\/it\/#website"},"datePublished":"2026-01-08T08:08:05+00:00","dateModified":"2026-01-08T12:05:00+00:00","description":"L'app Spinsahara offre un'esperienza di gioco fluida su Android, iOS, Windows e macOS, con account sincronizzati, aggiornamenti regolari e assistenza clienti integrata per garantire un gioco senza intoppi.","breadcrumb":{"@id":"https:\/\/thespinsahara.com\/it\/applicazione\/#breadcrumb"},"inLanguage":"it-IT","potentialAction":[{"@type":"ReadAction","target":["https:\/\/thespinsahara.com\/it\/applicazione\/"]}]},{"@type":"BreadcrumbList","@id":"https:\/\/thespinsahara.com\/it\/applicazione\/#breadcrumb","itemListElement":[{"@type":"ListItem","position":1,"name":"Spinsahara","item":"https:\/\/thespinsahara.com\/it\/"},{"@type":"ListItem","position":2,"name":"Applicazione"}]},{"@type":"WebSite","@id":"https:\/\/thespinsahara.com\/it\/#website","url":"https:\/\/thespinsahara.com\/it\/","name":"Spinsahara","description":"","publisher":{"@id":"https:\/\/thespinsahara.com\/it\/#organization"},"potentialAction":[{"@type":"SearchAction","target":{"@type":"EntryPoint","urlTemplate":"https:\/\/thespinsahara.com\/it\/?s={search_term_string}"},"query-input":{"@type":"PropertyValueSpecification","valueRequired":true,"valueName":"search_term_string"}}],"inLanguage":"it-IT"},{"@type":"Organization","@id":"https:\/\/thespinsahara.com\/it\/#organization","name":"Spinsahara","url":"https:\/\/thespinsahara.com\/it\/","logo":{"@type":"ImageObject","inLanguage":"it-IT","@id":"https:\/\/thespinsahara.com\/it\/#\/schema\/logo\/image\/","url":"https:\/\/thespinsahara.com\/wp-content\/uploads\/2026\/01\/logo.svg","contentUrl":"https:\/\/thespinsahara.com\/wp-content\/uploads\/2026\/01\/logo.svg","caption":"Spinsahara"},"image":{"@id":"https:\/\/thespinsahara.com\/it\/#\/schema\/logo\/image\/"}}]}},"_links":{"self":[{"href":"https:\/\/thespinsahara.com\/it\/wp-json\/wp\/v2\/pages\/1623","targetHints":{"allow":["GET"]}}],"collection":[{"href":"https:\/\/thespinsahara.com\/it\/wp-json\/wp\/v2\/pages"}],"about":[{"href":"https:\/\/thespinsahara.com\/it\/wp-json\/wp\/v2\/types\/page"}],"author":[{"embeddable":true,"href":"https:\/\/thespinsahara.com\/it\/wp-json\/wp\/v2\/users\/1"}],"replies":[{"embeddable":true,"href":"https:\/\/thespinsahara.com\/it\/wp-json\/wp\/v2\/comments?post=1623"}],"version-history":[{"count":2,"href":"https:\/\/thespinsahara.com\/it\/wp-json\/wp\/v2\/pages\/1623\/revisions"}],"predecessor-version":[{"id":1817,"href":"https:\/\/thespinsahara.com\/it\/wp-json\/wp\/v2\/pages\/1623\/revisions\/1817"}],"wp:attachment":[{"href":"https:\/\/thespinsahara.com\/it\/wp-json\/wp\/v2\/media?parent=1623"}],"curies":[{"name":"wp","href":"https:\/\/api.w.org\/{rel}","templated":true}]}}