{"id":1642,"date":"2026-01-08T08:10:55","date_gmt":"2026-01-08T08:10:55","guid":{"rendered":"https:\/\/thespinsahara.com\/login-and-registration\/"},"modified":"2026-01-08T12:12:55","modified_gmt":"2026-01-08T12:12:55","slug":"accesso-e-registrazione","status":"publish","type":"page","link":"https:\/\/thespinsahara.com\/it\/accesso-e-registrazione\/","title":{"rendered":"Accesso e registrazione"},"content":{"rendered":"<h1>Accesso a Spinsahara e gestione dell&#8217;account<\/h1>\n<p>Il Spinsahara login fornisce un accesso ininterrotto al tuo account di gioco privato. In questo modo, potrai giocare senza problemi ogni volta che accedi al nostro casin\u00f2. Il processo di registrazione \u00e8 semplice, in modo che i nuovi giocatori possano registrarsi in pochi secondi e iniziare immediatamente a giocare ai giochi di loro scelta. Il nostro obiettivo al casin\u00f2 Spinsahara \u00e8 quello di fornire un ambiente sicuro con una gestione efficace degli account e un&#8217;assistenza multilingue.<\/p>\n<p><span style=\"font-size: 16px\"><div class=\"banner-wrap\" aria-label=\"Banner\"><img src=\"https:\/\/thespinsahara.com\/wp-content\/uploads\/2026\/01\/Spinsahara-banner-carousel-932\u0445400-12.webp\" class=\"w-100 d-none d-lg-block img-pc main-banner-img\" alt=\"Spinsahara banner carousel 932\u0445400-12\" fetchpriority=\"high\" decoding=\"async\"><img src=\"https:\/\/thespinsahara.com\/wp-content\/uploads\/2026\/01\/Frame-35.webp\" class=\"w-100 d-none d-md-block d-lg-none main-banner-img\" alt=\"Frame 35\" fetchpriority=\"high\" decoding=\"async\"><img src=\"https:\/\/thespinsahara.com\/wp-content\/uploads\/2026\/01\/Frame-35.webp\" class=\"w-100 d-md-none\" alt=\"Frame 35\" fetchpriority=\"high\" decoding=\"async\"><div class=\"banner-description\">\n<div class=\"banner-title\">Bonus di benvenuto<\/div>\n<p class=\"banner-header-title\">1500 \u20ac<\/p>\n<div class=\"banner-header-AdditionalText\">+ 250 Giri gratuiti<\/div>\n<button data-item=\"homepage_banner_link\" class=\"goto m-button m-gradient-border m-button--primary m-button--large banner-button btn-orange\">\n            <div class=\"m-button-content\">\n                <span>Iscriviti ora<\/span>\n                <span><\/span>\n            <\/div>\n        <\/button>\n<\/div>\n<div class=\"WelcomePack\">\n<p><img loading=\"lazy\" decoding=\"async\" class=\"alignnone size-full wp-image-1373\" src=\"https:\/\/thespinsahara.com\/wp-content\/uploads\/2026\/01\/welcome-crown.svg\" alt=\"welcome crown\" width=\"25\" height=\"26\" \/><\/p>\n<div class=\"WelcomePack-Info\">Cashback settimanale fino al 25%<\/div>\n<p><img loading=\"lazy\" decoding=\"async\" class=\"alignnone size-full wp-image-1373\" src=\"https:\/\/thespinsahara.com\/wp-content\/uploads\/2026\/01\/welcome-crown.svg\" alt=\"welcome crown\" width=\"25\" height=\"26\" \/><\/p>\n<\/div>\n<\/div><div class=\"scrollable-content-wrap my-5\"><div class=\"scrollable-content-inner\"><h2>Registrazione dei giocatori al casin\u00f2 Spinsahara<\/h2>\n<p>La creazione di un account al casin\u00f2 Spinsahara ti d\u00e0 accesso a una serie di vantaggi molto interessanti che renderanno la tua esperienza di gioco ancora pi\u00f9 coinvolgente. Ai nostri nuovi giocatori offriamo un bonus di benvenuto di qualit\u00e0, offerte speciali e la possibilit\u00e0 di partecipare a giochi e tornei dal vivo. La registrazione ti consente inoltre di controllare facilmente i tuoi depositi e prelievi, nonch\u00e9 le tue informazioni personali, in un ambiente di gioco sicuro.<\/p>\n<p>I vantaggi della registrazione:<\/p>\n<ul>\n<li>Ti regaliamo un fantastico pacchetto bonus di benvenuto, che consiste in crediti bonus e giri gratuiti.<\/li>\n<li>Opportunit\u00e0 infinite con l&#8217;ampia lista di giochi del casin\u00f2 Spinsahara.<\/li>\n<li>Procedure di prelievo e risparmio sicure.<\/li>\n<li>Partecipazione a promozioni regolari e programmi fedelt\u00e0.<\/li>\n<li>Servizi multilingue per servire la clientela internazionale.<\/li>\n<li>Facile gestione e controllo del conto.<\/li>\n<\/ul>\n<h3>Crea il tuo account su Spinsahara Casino<\/h3>\n<p>I passaggi per creare un account Spin Sahara sono molto semplici e di solito non richiedono alcuna conoscenza particolare.<\/p>\n<p>Per iniziare, trova il pulsante di registrazione luminoso nella pagina principale, che di solito si trova nell&#8217;angolo in alto a destra, accanto al luogo di accesso; sono raggruppati insieme. Cliccando su questo pulsante, verrai indirizzato al modulo di registrazione di Spin Sahara. Compila le informazioni personali richieste, come l&#8217;indirizzo e-mail e una password sicura di almeno sei caratteri, che \u00e8 l&#8217;idea pi\u00f9 sicura, in modo che la tua password non sia facilmente indovinabile. Non utilizzare la tua data di nascita come password. Puoi anche utilizzare un codice promozionale per ottenere offerte speciali; c&#8217;\u00e8 una riga speciale per inserirlo.<\/p>\n<p>Assicurati di confermare la tua et\u00e0 dichiarando di avere almeno 18 anni e di accettare i Termini e condizioni e l&#8217;Informativa sulla privacy spuntando le caselle corrispondenti. Prendiamo molto sul serio questo punto perch\u00e9 abbiamo una politica rigorosa che vieta l&#8217;accesso ai minori. Completa la procedura di registrazione compilando il modulo. Riceverai un&#8217;e-mail di verifica all&#8217;indirizzo che hai registrato. La registrazione sar\u00e0 completata una volta cliccato sul link contenuto nell&#8217;e-mail. Una volta verificato, avrai accesso all&#8217;intero casin\u00f2 Spinsahara.<\/p>\n<h2>Accesso a Spinsahara e controllo dell&#8217;account<\/h2>\n<p>Accedere al tuo account Spin Sahara \u00e8 veloce. Il portale di accesso a Spinsahara \u00e8 disponibile nell&#8217;angolo in alto a destra della nostra homepage, mentre il pulsante per effettuare il login si trova nell&#8217;angolo in alto a sinistra. Quando clicchi su di esso, i due pulsanti si uniscono per consentire un cambio rapido (registrazione o login). Inserisci l&#8217;indirizzo e-mail e la password con cui ti sei registrato, quindi premi il pulsante di accesso. Una volta effettuato l&#8217;accesso al nostro sistema Spin Sahara, ti verr\u00e0 automaticamente presentata una dashboard dell&#8217;account, dove potrai amministrare il tuo account e accedere alla cronologia delle transazioni, oltre a poter controllare le tue azioni di gioco.<\/p>\n<p>Attraverso la dashboard del tuo account, potrai aggiornare le tue informazioni personali, stabilire limiti di deposito e prelievo, controllare la cronologia delle tue giocate e accedere a offerte speciali. Se hai problemi di autocontrollo, da l\u00ec potrai anche regolare la tua autoesclusione. Il nostro sito \u00e8 disponibile in diverse lingue, quindi potrai navigarlo facilmente indipendentemente dal tuo Paese di residenza. Inoltre, disponiamo di un team di assistenza con cui potrai comunicare tramite live chat per ricevere supporto o porre domande.<\/p>\n<h2>Processo di autenticazione dell&#8217;account di Spinsahara Casino<\/h2>\n<p>Al casin\u00f2 Spinsahara abbiamo adottato un sistema di verifica accurato e avanzato al fine di garantire la sicurezza e l&#8217;integrit\u00e0 della nostra piattaforma. Ci\u00f2 avviene fornendo documenti di identit\u00e0 validi per dimostrare la tua identit\u00e0 e il tuo indirizzo, poich\u00e9 dobbiamo assicurarci che, anche se il nostro casin\u00f2 \u00e8 online, i giocatori siano reali.<\/p>\n<p>Anche il processo di verifica \u00e8 semplice: \u00e8 necessario caricare i documenti richiesti nella dashboard del proprio account e seguire le istruzioni fornite. Il nostro team di assistenza Spin Sahara elabora le richieste in circa 48 ore, un tempo molto rapido rispetto ad altri casin\u00f2. Una volta approvata la richiesta, potrai usufruire di un limite di prelievo pi\u00f9 elevato e di una maggiore sicurezza del tuo account. Il processo di verifica \u00e8 conforme alle disposizioni di legge e alle misure di prevenzione delle frodi, garantendo un ambiente di gioco equo per i giocatori.<\/p>\n<table>\n<tbody>\n<tr>\n<td>Requisiti di verifica<\/td>\n<td>Descrizione<\/td>\n<\/tr>\n<tr>\n<td>Documento di identit\u00e0 valido<\/td>\n<td>Passaporto, patente di guida o carta d&#8217;identit\u00e0<\/td>\n<\/tr>\n<tr>\n<td>Prova di residenza<\/td>\n<td>Bolletta o estratto conto bancario (risalente a meno di 6 mesi fa)<\/td>\n<\/tr>\n<\/tbody>\n<\/table>\n<h3>Problemi di accesso a Spinsahara<\/h3>\n<p>Ci capita sempre di dimenticare qualcosa, \u00e8 normale. Se hai perso la password di accesso a Spinsahara, recuperarla \u00e8 facile e veloce. Nella homepage, utilizza il tuo nome utente e seleziona l&#8217;opzione &#8220;Hai dimenticato la password?&#8221; poco pi\u00f9 in basso. Inserisci il tuo indirizzo e-mail registrato e vai alla tua casella di posta elettronica per ottenere un link per reimpostare la password. Clicca sul link per creare una nuova password e riottenere l&#8217;accesso al tuo account Spinsahara. In questo modo il tuo account rimarr\u00e0 sicuro e privato e potrai continuare a giocare il prima possibile.<\/p>\n<h2>Domande frequenti<\/h2>\n<h3>Qual \u00e8 la procedura per verificare il mio account?<\/h3>\n<p>Il processo di verifica pu\u00f2 essere effettuato caricando il tuo passaporto reale e le prove dell&#8217;indirizzo attuale sotto forma di scansione chiara o foto attraverso il pannello di controllo del tuo account. Il nostro team di assistenza esamina le richieste entro 48 ore e le approva dopo che tutti i requisiti sono stati soddisfatti. Basta caricare le tue informazioni reali e tutto proceder\u00e0 senza intoppi. Il processo migliora la sicurezza del tuo account, oltre alla capacit\u00e0 di prelevare di pi\u00f9.<\/p>\n<h3>Posso cambiare la mia password o il mio indirizzo e-mail?<\/h3>\n<p>\u00c8 possibile modificarli facilmente quando necessario. Le informazioni che possono essere modificate nelle impostazioni dell&#8217;account includono l&#8217;aggiornamento dei dettagli di contatto e di sicurezza. Vai alla gestione dell&#8217;account e l\u00ec potrai scegliere di modificare la tua password o il tuo indirizzo e-mail. Per ulteriore assistenza, lascia un messaggio al nostro team di assistenza multilingue tramite la chat live.<\/p>\n<h3>Cosa devo fare se il mio account viene bloccato?<\/h3>\n<p>Se in qualche modo il nostro sistema sospetta un errore, c&#8217;\u00e8 la possibilit\u00e0 che venga bloccato. Ma se non sei coinvolto in alcuna attivit\u00e0 fraudolenta e puoi dimostrarlo, basta completare il login a Spinsahara e contattare il nostro team di assistenza tramite live chat o e-mail. Ti aiuteranno a identificarti e a riottenere l&#8217;accesso. I blocchi degli account sono solitamente il risultato di motivi di sicurezza o di verifiche in sospeso, e un&#8217;assistenza tempestiva eviter\u00e0 molti inconvenienti.<\/p>\n<h3>Come posso chiudere o sospendere temporaneamente il mio account?<\/h3>\n<p>\u00c8 possibile sia la cancellazione che la sospensione. Per una sospensione, basta chiedere al nostro team di assistenza di farlo tramite live chat o e-mail. Le richieste vengono gestite in breve tempo e con la massima riservatezza. Va notato che gli account che sono stati sospesi o chiusi non possono essere riattivati senza una nuova registrazione, e qualsiasi deposito o prelievo in sospeso deve essere effettuato prima. Quindi, ti preghiamo di prendere una decisione consapevole, perch\u00e9 in seguito, quando vorrai tornare a effettuare il login su Spinsahara, non sar\u00e0 pi\u00f9 possibile.<\/p>\n<\/div><\/div><\/span><\/p>\n","protected":false},"excerpt":{"rendered":"<p>Accesso a Spinsahara e gestione dell&#8217;account Il Spinsahara login fornisce un accesso ininterrotto al tuo account di gioco privato. In questo modo, potrai giocare senza problemi ogni volta che accedi al nostro casin\u00f2. Il processo di registrazione \u00e8 semplice, in modo che i nuovi giocatori possano registrarsi in pochi secondi e iniziare immediatamente a giocare [&hellip;]<\/p>\n","protected":false},"author":1,"featured_media":0,"parent":0,"menu_order":0,"comment_status":"closed","ping_status":"closed","template":"template-builder.php","meta":{"_acf_changed":false,"inline_featured_image":false,"footnotes":""},"class_list":["post-1642","page","type-page","status-publish","hentry"],"acf":[],"yoast_head":"<!-- This site is optimized with the Yoast SEO plugin v27.3 - https:\/\/yoast.com\/product\/yoast-seo-wordpress\/ -->\n<title>Spinsahara Accesso \u2013 Registrati e gestisci il tuo account\ufeff<\/title>\n<meta name=\"description\" content=\"Crea, gestisci e verifica il tuo account Spinsahara Casino senza alcuno sforzo. Utilizza Spinsahara Login per una registrazione rapida, il recupero dell&#039;account e la chiusura sicura con protezione garantita.\" \/>\n<meta name=\"robots\" content=\"index, follow, max-snippet:-1, max-image-preview:large, max-video-preview:-1\" \/>\n<link rel=\"canonical\" href=\"https:\/\/thespinsahara.com\/it\/accesso-e-registrazione\/\" \/>\n<meta property=\"og:locale\" content=\"it_IT\" \/>\n<meta property=\"og:type\" content=\"article\" \/>\n<meta property=\"og:title\" content=\"Spinsahara Accesso \u2013 Registrati e gestisci il tuo account\ufeff\" \/>\n<meta property=\"og:description\" content=\"Crea, gestisci e verifica il tuo account Spinsahara Casino senza alcuno sforzo. Utilizza Spinsahara Login per una registrazione rapida, il recupero dell&#039;account e la chiusura sicura con protezione garantita.\" \/>\n<meta property=\"og:url\" content=\"https:\/\/thespinsahara.com\/it\/accesso-e-registrazione\/\" \/>\n<meta property=\"og:site_name\" content=\"spinsahara\" \/>\n<meta property=\"article:modified_time\" content=\"2026-01-08T12:12:55+00:00\" \/>\n<meta name=\"twitter:card\" content=\"summary_large_image\" \/>\n<meta name=\"twitter:label1\" content=\"Est. reading time\" \/>\n\t<meta name=\"twitter:data1\" content=\"1 minuto\" \/>\n<script type=\"application\/ld+json\" class=\"yoast-schema-graph\">{\"@context\":\"https:\\\/\\\/schema.org\",\"@graph\":[{\"@type\":\"WebPage\",\"@id\":\"https:\\\/\\\/thespinsahara.com\\\/it\\\/accesso-e-registrazione\\\/\",\"url\":\"https:\\\/\\\/thespinsahara.com\\\/it\\\/accesso-e-registrazione\\\/\",\"name\":\"Spinsahara Accesso \u2013 Registrati e gestisci il tuo account\ufeff\",\"isPartOf\":{\"@id\":\"https:\\\/\\\/thespinsahara.com\\\/it\\\/#website\"},\"datePublished\":\"2026-01-08T08:10:55+00:00\",\"dateModified\":\"2026-01-08T12:12:55+00:00\",\"description\":\"Crea, gestisci e verifica il tuo account Spinsahara Casino senza alcuno sforzo. Utilizza Spinsahara Login per una registrazione rapida, il recupero dell'account e la chiusura sicura con protezione garantita.\",\"breadcrumb\":{\"@id\":\"https:\\\/\\\/thespinsahara.com\\\/it\\\/accesso-e-registrazione\\\/#breadcrumb\"},\"inLanguage\":\"it-IT\",\"potentialAction\":[{\"@type\":\"ReadAction\",\"target\":[\"https:\\\/\\\/thespinsahara.com\\\/it\\\/accesso-e-registrazione\\\/\"]}]},{\"@type\":\"BreadcrumbList\",\"@id\":\"https:\\\/\\\/thespinsahara.com\\\/it\\\/accesso-e-registrazione\\\/#breadcrumb\",\"itemListElement\":[{\"@type\":\"ListItem\",\"position\":1,\"name\":\"Spinsahara\",\"item\":\"https:\\\/\\\/thespinsahara.com\\\/it\\\/\"},{\"@type\":\"ListItem\",\"position\":2,\"name\":\"Accesso e registrazione\"}]},{\"@type\":\"WebSite\",\"@id\":\"https:\\\/\\\/thespinsahara.com\\\/it\\\/#website\",\"url\":\"https:\\\/\\\/thespinsahara.com\\\/it\\\/\",\"name\":\"Spinsahara\",\"description\":\"\",\"publisher\":{\"@id\":\"https:\\\/\\\/thespinsahara.com\\\/it\\\/#organization\"},\"potentialAction\":[{\"@type\":\"SearchAction\",\"target\":{\"@type\":\"EntryPoint\",\"urlTemplate\":\"https:\\\/\\\/thespinsahara.com\\\/it\\\/?s={search_term_string}\"},\"query-input\":{\"@type\":\"PropertyValueSpecification\",\"valueRequired\":true,\"valueName\":\"search_term_string\"}}],\"inLanguage\":\"it-IT\"},{\"@type\":\"Organization\",\"@id\":\"https:\\\/\\\/thespinsahara.com\\\/it\\\/#organization\",\"name\":\"Spinsahara\",\"url\":\"https:\\\/\\\/thespinsahara.com\\\/it\\\/\",\"logo\":{\"@type\":\"ImageObject\",\"inLanguage\":\"it-IT\",\"@id\":\"https:\\\/\\\/thespinsahara.com\\\/it\\\/#\\\/schema\\\/logo\\\/image\\\/\",\"url\":\"https:\\\/\\\/thespinsahara.com\\\/wp-content\\\/uploads\\\/2026\\\/01\\\/logo.svg\",\"contentUrl\":\"https:\\\/\\\/thespinsahara.com\\\/wp-content\\\/uploads\\\/2026\\\/01\\\/logo.svg\",\"caption\":\"Spinsahara\"},\"image\":{\"@id\":\"https:\\\/\\\/thespinsahara.com\\\/it\\\/#\\\/schema\\\/logo\\\/image\\\/\"}}]}<\/script>\n<!-- \/ Yoast SEO plugin. -->","yoast_head_json":{"title":"Spinsahara Accesso \u2013 Registrati e gestisci il tuo account\ufeff","description":"Crea, gestisci e verifica il tuo account Spinsahara Casino senza alcuno sforzo. Utilizza Spinsahara Login per una registrazione rapida, il recupero dell'account e la chiusura sicura con protezione garantita.","robots":{"index":"index","follow":"follow","max-snippet":"max-snippet:-1","max-image-preview":"max-image-preview:large","max-video-preview":"max-video-preview:-1"},"canonical":"https:\/\/thespinsahara.com\/it\/accesso-e-registrazione\/","og_locale":"it_IT","og_type":"article","og_title":"Spinsahara Accesso \u2013 Registrati e gestisci il tuo account\ufeff","og_description":"Crea, gestisci e verifica il tuo account Spinsahara Casino senza alcuno sforzo. Utilizza Spinsahara Login per una registrazione rapida, il recupero dell'account e la chiusura sicura con protezione garantita.","og_url":"https:\/\/thespinsahara.com\/it\/accesso-e-registrazione\/","og_site_name":"spinsahara","article_modified_time":"2026-01-08T12:12:55+00:00","twitter_card":"summary_large_image","twitter_misc":{"Est. reading time":"1 minuto"},"schema":{"@context":"https:\/\/schema.org","@graph":[{"@type":"WebPage","@id":"https:\/\/thespinsahara.com\/it\/accesso-e-registrazione\/","url":"https:\/\/thespinsahara.com\/it\/accesso-e-registrazione\/","name":"Spinsahara Accesso \u2013 Registrati e gestisci il tuo account\ufeff","isPartOf":{"@id":"https:\/\/thespinsahara.com\/it\/#website"},"datePublished":"2026-01-08T08:10:55+00:00","dateModified":"2026-01-08T12:12:55+00:00","description":"Crea, gestisci e verifica il tuo account Spinsahara Casino senza alcuno sforzo. Utilizza Spinsahara Login per una registrazione rapida, il recupero dell'account e la chiusura sicura con protezione garantita.","breadcrumb":{"@id":"https:\/\/thespinsahara.com\/it\/accesso-e-registrazione\/#breadcrumb"},"inLanguage":"it-IT","potentialAction":[{"@type":"ReadAction","target":["https:\/\/thespinsahara.com\/it\/accesso-e-registrazione\/"]}]},{"@type":"BreadcrumbList","@id":"https:\/\/thespinsahara.com\/it\/accesso-e-registrazione\/#breadcrumb","itemListElement":[{"@type":"ListItem","position":1,"name":"Spinsahara","item":"https:\/\/thespinsahara.com\/it\/"},{"@type":"ListItem","position":2,"name":"Accesso e registrazione"}]},{"@type":"WebSite","@id":"https:\/\/thespinsahara.com\/it\/#website","url":"https:\/\/thespinsahara.com\/it\/","name":"Spinsahara","description":"","publisher":{"@id":"https:\/\/thespinsahara.com\/it\/#organization"},"potentialAction":[{"@type":"SearchAction","target":{"@type":"EntryPoint","urlTemplate":"https:\/\/thespinsahara.com\/it\/?s={search_term_string}"},"query-input":{"@type":"PropertyValueSpecification","valueRequired":true,"valueName":"search_term_string"}}],"inLanguage":"it-IT"},{"@type":"Organization","@id":"https:\/\/thespinsahara.com\/it\/#organization","name":"Spinsahara","url":"https:\/\/thespinsahara.com\/it\/","logo":{"@type":"ImageObject","inLanguage":"it-IT","@id":"https:\/\/thespinsahara.com\/it\/#\/schema\/logo\/image\/","url":"https:\/\/thespinsahara.com\/wp-content\/uploads\/2026\/01\/logo.svg","contentUrl":"https:\/\/thespinsahara.com\/wp-content\/uploads\/2026\/01\/logo.svg","caption":"Spinsahara"},"image":{"@id":"https:\/\/thespinsahara.com\/it\/#\/schema\/logo\/image\/"}}]}},"_links":{"self":[{"href":"https:\/\/thespinsahara.com\/it\/wp-json\/wp\/v2\/pages\/1642","targetHints":{"allow":["GET"]}}],"collection":[{"href":"https:\/\/thespinsahara.com\/it\/wp-json\/wp\/v2\/pages"}],"about":[{"href":"https:\/\/thespinsahara.com\/it\/wp-json\/wp\/v2\/types\/page"}],"author":[{"embeddable":true,"href":"https:\/\/thespinsahara.com\/it\/wp-json\/wp\/v2\/users\/1"}],"replies":[{"embeddable":true,"href":"https:\/\/thespinsahara.com\/it\/wp-json\/wp\/v2\/comments?post=1642"}],"version-history":[{"count":2,"href":"https:\/\/thespinsahara.com\/it\/wp-json\/wp\/v2\/pages\/1642\/revisions"}],"predecessor-version":[{"id":1819,"href":"https:\/\/thespinsahara.com\/it\/wp-json\/wp\/v2\/pages\/1642\/revisions\/1819"}],"wp:attachment":[{"href":"https:\/\/thespinsahara.com\/it\/wp-json\/wp\/v2\/media?parent=1642"}],"curies":[{"name":"wp","href":"https:\/\/api.w.org\/{rel}","templated":true}]}}