{"id":1643,"date":"2026-01-08T08:10:55","date_gmt":"2026-01-08T08:10:55","guid":{"rendered":"https:\/\/thespinsahara.com\/login-and-registration\/"},"modified":"2026-01-08T12:45:08","modified_gmt":"2026-01-08T12:45:08","slug":"logowanie-i-rejestracja","status":"publish","type":"page","link":"https:\/\/thespinsahara.com\/pl\/logowanie-i-rejestracja\/","title":{"rendered":"Logowanie i rejestracja"},"content":{"rendered":"<h1>Logowanie do Spinsahara i zarz\u0105dzanie kontem<\/h1>\n<p>Spinsahara login zapewnia nieprzerwany dost\u0119p do prywatnego konta gracza. Dzi\u0119ki temu ka\u017cde logowanie do naszego kasyna b\u0119dzie przebiega\u0142o bez problem\u00f3w. Proces rejestracji jest prosty, dzi\u0119ki czemu nowi gracze mog\u0105 zarejestrowa\u0107 si\u0119 w ci\u0105gu kilku sekund i natychmiast rozpocz\u0105\u0107 gr\u0119 w wybrane przez siebie gry. W kasynie Spinsahara skupiamy si\u0119 na zapewnieniu bezpiecznego \u015brodowiska, w kt\u00f3rym mo\u017cliwe jest skuteczne zarz\u0105dzanie kontem i wieloj\u0119zyczna obs\u0142uga klienta.<\/p>\n<p><div class=\"banner-wrap\" aria-label=\"Banner\"><img src=\"https:\/\/thespinsahara.com\/wp-content\/uploads\/2026\/01\/Spinsahara-banner-carousel-932\u0445400-12.webp\" class=\"w-100 d-none d-lg-block img-pc main-banner-img\" alt=\"Spinsahara banner carousel 932\u0445400-12\" fetchpriority=\"high\" decoding=\"async\"><img src=\"https:\/\/thespinsahara.com\/wp-content\/uploads\/2026\/01\/Frame-35.webp\" class=\"w-100 d-none d-md-block d-lg-none main-banner-img\" alt=\"Frame 35\" fetchpriority=\"high\" decoding=\"async\"><img src=\"https:\/\/thespinsahara.com\/wp-content\/uploads\/2026\/01\/Frame-35.webp\" class=\"w-100 d-md-none\" alt=\"Frame 35\" fetchpriority=\"high\" decoding=\"async\"><div class=\"banner-description\">\n<div class=\"banner-title\">Bonusy powitalne<\/div>\n<p class=\"banner-header-title\">1500 \u20ac<\/p>\n<div class=\"banner-header-AdditionalText\">+ 250 Darmowe spiny<\/div>\n<button data-item=\"homepage_banner_link\" class=\"goto m-button m-gradient-border m-button--primary m-button--large banner-button btn-orange\">\n            <div class=\"m-button-content\">\n                <span>Zarejestruj si\u0119 teraz<\/span>\n                <span><\/span>\n            <\/div>\n        <\/button>\n<\/div>\n<div class=\"WelcomePack\">\n<p><img loading=\"lazy\" decoding=\"async\" class=\"alignnone size-full wp-image-1373\" src=\"https:\/\/thespinsahara.com\/wp-content\/uploads\/2026\/01\/welcome-crown.svg\" alt=\"welcome crown\" width=\"25\" height=\"26\" \/><\/p>\n<div class=\"WelcomePack-Info\">Cotygodniowy zwrot got\u00f3wki do 25%<\/div>\n<p><img loading=\"lazy\" decoding=\"async\" class=\"alignnone size-full wp-image-1373\" src=\"https:\/\/thespinsahara.com\/wp-content\/uploads\/2026\/01\/welcome-crown.svg\" alt=\"welcome crown\" width=\"25\" height=\"26\" \/><\/p>\n<\/div>\n<\/div><div class=\"scrollable-content-wrap my-5\"><div class=\"scrollable-content-inner\"><h2>Rejestracja gracza w kasynie Spinsahara<\/h2>\n<p>Utworzenie konta w kasynie Spinsahara otwiera szereg bardzo fajnych przywilej\u00f3w, kt\u00f3re sprawi\u0105, \u017ce proces gry b\u0119dzie bardziej interesuj\u0105cy. Nasi nowi gracze otrzymuj\u0105 wysokiej jako\u015bci bonus powitalny, dost\u0119p do ofert specjalnych oraz mo\u017cliwo\u015b\u0107 udzia\u0142u w grach kasynowych na \u017cywo i turniejach. Rejestracja umo\u017cliwia r\u00f3wnie\u017c \u0142atwe kontrolowanie wp\u0142at i wyp\u0142at, a tak\u017ce danych osobowych oraz zapewnia bezpieczne \u015brodowisko gry.<\/p>\n<p>Korzy\u015bci wynikaj\u0105ce z rejestracji:<\/p>\n<ul>\n<li>Rozdajemy atrakcyjny pakiet bonus\u00f3w powitalnych, kt\u00f3ry sk\u0142ada si\u0119 z kredyt\u00f3w bonusowych i darmowych spin\u00f3w.<\/li>\n<li>Nieograniczone mo\u017cliwo\u015bci dzi\u0119ki szerokiej li\u015bcie gier kasynowych Spinsahara.<\/li>\n<li>Bezpieczne procedury wyp\u0142at i oszcz\u0119dzania.<\/li>\n<li>Udzia\u0142 w regularnych promocjach i programach lojalno\u015bciowych.<\/li>\n<li>Wieloj\u0119zyczne us\u0142ugi dla mi\u0119dzynarodowej klienteli.<\/li>\n<li>\u0141atwe prowadzenie i sprawdzanie konta.<\/li>\n<\/ul>\n<h3>Za\u0142\u00f3\u017c konto w kasynie Spinsahara<\/h3>\n<p>Kroki niezb\u0119dne do utworzenia konta w Spin Sahara s\u0105 bardzo proste i zazwyczaj nie wymagaj\u0105 \u017cadnej specjalistycznej wiedzy.<\/p>\n<p>Na pocz\u0105tek znajd\u017a jasny przycisk rejestracji na stronie g\u0142\u00f3wnej, kt\u00f3ry zazwyczaj znajduje si\u0119 w prawym g\u00f3rnym rogu, obok miejsca logowania; s\u0105 one umieszczone obok siebie. Po klikni\u0119ciu tego przycisku zostaniesz przeniesiony do formularza rejestracji w Spin Sahara. Podaj wymagane dane osobowe, takie jak adres e-mail i bezpieczne has\u0142o sk\u0142adaj\u0105ce si\u0119 z co najmniej sze\u015bciu znak\u00f3w, co jest najbezpieczniejszym rozwi\u0105zaniem, aby Twoje has\u0142o nie by\u0142o \u0142atwe do odgadni\u0119cia. Nie u\u017cywaj swojej daty urodzenia jako has\u0142a. Mo\u017cesz r\u00f3wnie\u017c skorzysta\u0107 z kodu promocyjnego, aby uzyska\u0107 specjalne oferty; znajduje si\u0119 tam specjalna linia, w kt\u00f3rej mo\u017cna go wpisa\u0107.<\/p>\n<p>Lepiej upewnij si\u0119, \u017ce potwierdzi\u0142e\u015b sw\u00f3j wiek, o\u015bwiadczaj\u0105c, \u017ce masz uko\u0144czone 18 lat i akceptujesz Warunki i Polityk\u0119 prywatno\u015bci, zaznaczaj\u0105c odpowiednie pola. Podchodzimy do tej kwestii bardzo powa\u017cnie, poniewa\u017c stosujemy surow\u0105 polityk\u0119 zakazu udzia\u0142u os\u00f3b niepe\u0142noletnich. Zako\u0144cz proces rejestracji, wype\u0142niaj\u0105c formularz. Otrzymasz wiadomo\u015b\u0107 e-mail z linkiem weryfikacyjnym na adres podany podczas rejestracji. Rejestracja zostanie zako\u0144czona po klikni\u0119ciu linku w wiadomo\u015bci e-mail. Po weryfikacji uzyskasz dost\u0119p do ca\u0142ego kasyna Spinsahara.<\/p>\n<h2>Logowanie do Spinsahara i kontrola konta<\/h2>\n<p>Logowanie do konta Spin Sahara jest szybkie. Portal logowania Spinsahara znajduje si\u0119 w prawym g\u00f3rnym rogu naszej strony g\u0142\u00f3wnej, a przycisk logowania znajduje si\u0119 w lewym g\u00f3rnym rogu. Po klikni\u0119ciu s\u0105 one po\u0142\u0105czone, co pozwala na szybk\u0105 zmian\u0119 (rejestracja lub logowanie). Wprowad\u017a adres e-mail i has\u0142o, kt\u00f3re poda\u0142e\u015b podczas rejestracji, a nast\u0119pnie naci\u015bnij przycisk logowania. Po pomy\u015blnym zalogowaniu si\u0119 do naszego systemu Spin Sahara automatycznie wy\u015bwietli si\u0119 pulpit nawigacyjny konta, gdzie mo\u017cesz zarz\u0105dza\u0107 swoim kontem i uzyska\u0107 dost\u0119p do historii transakcji, a tak\u017ce kontrolowa\u0107 swoje dzia\u0142ania zwi\u0105zane z gr\u0105.<\/p>\n<p>Za po\u015brednictwem panelu konta mo\u017cna aktualizowa\u0107 dane osobowe, ustala\u0107 limity wp\u0142at i wyp\u0142at, sprawdza\u0107 histori\u0119 gier i uzyska\u0107 dost\u0119p do ofert specjalnych. Je\u015bli masz problemy z samokontrol\u0105, mo\u017cesz r\u00f3wnie\u017c regulowa\u0107 swoje wykluczenie z gry. Nasza strona jest dost\u0119pna w wielu j\u0119zykach, wi\u0119c niezale\u017cnie od kraju pochodzenia, mo\u017cesz z \u0142atwo\u015bci\u0105 porusza\u0107 si\u0119 po niej. Ponadto dysponujemy zespo\u0142em pomocy technicznej, z kt\u00f3rym mo\u017cesz porozmawia\u0107 na czacie na \u017cywo, aby uzyska\u0107 wsparcie lub zada\u0107 pytania.<\/p>\n<h2>Proces uwierzytelniania konta w kasynie Spinsahara<\/h2>\n<p>W kasynie Spinsahara wdro\u017cyli\u015bmy dok\u0142adny, zaawansowany system weryfikacji, aby zapewni\u0107 bezpiecze\u0144stwo i integralno\u015b\u0107 naszej platformy. Odbywa si\u0119 to poprzez dostarczenie wa\u017cnych dokument\u00f3w to\u017csamo\u015bci potwierdzaj\u0105cych Twoj\u0105 to\u017csamo\u015b\u0107 i adres, poniewa\u017c musimy mie\u0107 pewno\u015b\u0107, \u017ce nawet je\u015bli nasze kasyno jest kasynem online, gracze s\u0105 prawdziwi.<\/p>\n<p>Proces weryfikacji jest r\u00f3wnie\u017c prosty: nale\u017cy przes\u0142a\u0107 niezb\u0119dne dokumenty do panelu swojego konta, a proces ten jest dok\u0142adnie opisany. Nasz zesp\u00f3\u0142 pomocy technicznej Spin Sahara przetwarza zg\u0142oszenia w ci\u0105gu oko\u0142o 48 godzin, co jest bardzo szybkim czasem w por\u00f3wnaniu z innymi kasynami. Po zatwierdzeniu mo\u017cna cieszy\u0107 si\u0119 wy\u017cszym limitem wyp\u0142at i wi\u0119kszym bezpiecze\u0144stwem konta. Proces weryfikacji jest zgodny z przepisami prawnymi i \u015brodkami zapobiegania oszustwom, zapewniaj\u0105c graczom uczciwe \u015brodowisko gry.<\/p>\n<table>\n<tbody>\n<tr>\n<td>Wymagania dotycz\u0105ce weryfikacji<\/td>\n<td>Opis<\/td>\n<\/tr>\n<tr>\n<td>Wa\u017cny dokument to\u017csamo\u015bci<\/td>\n<td>Paszport, prawo jazdy lub dow\u00f3d osobisty<\/td>\n<\/tr>\n<tr>\n<td>Potwierdzenie adresu<\/td>\n<td>Rachunek za media lub wyci\u0105g z konta bankowego (nie starszy ni\u017c 6 miesi\u0119cy)<\/td>\n<\/tr>\n<\/tbody>\n<\/table>\n<h3>Problemy z logowaniem do Spinsahara<\/h3>\n<p>Wszyscy zapominamy o r\u00f3\u017cnych rzeczach, takie jest \u017cycie. Je\u015bli zgubi\u0142e\u015b has\u0142o do konta Spinsahara, jego odzyskanie jest szybkie i bezstresowe. Na stronie g\u0142\u00f3wnej u\u017cyj swojego loginu i wybierz opcj\u0119 \u201eNie pami\u0119tasz has\u0142a?\u201d znajduj\u0105c\u0105 si\u0119 nieco poni\u017cej. Wpisz sw\u00f3j zarejestrowany adres e-mail, a nast\u0119pnie przejd\u017a do skrzynki odbiorczej, aby uzyska\u0107 link do resetowania has\u0142a. Kliknij link, aby utworzy\u0107 nowe has\u0142o i odzyska\u0107 dost\u0119p do swojego konta w serwisie Spinsahara. Dzi\u0119ki temu Twoje konto b\u0119dzie bezpieczne i prywatne, a Ty b\u0119dziesz m\u00f3g\u0142 jak najszybciej kontynuowa\u0107 gr\u0119.<\/p>\n<h2>FAQ<\/h2>\n<h3>Jak wygl\u0105da proces weryfikacji mojego konta?<\/h3>\n<p>Proces weryfikacji mo\u017cna przeprowadzi\u0107, przesy\u0142aj\u0105c skan lub zdj\u0119cie swojego prawdziwego paszportu i aktualnego adresu zamieszkania za po\u015brednictwem panelu konta. Nasz zesp\u00f3\u0142 pomocy technicznej sprawdza przes\u0142ane dokumenty w ci\u0105gu 48 godzin i zatwierdza je po spe\u0142nieniu wszystkich wymaga\u0144. Wystarczy przes\u0142a\u0107 prawdziwe informacje, a wszystko p\u00f3jdzie g\u0142adko. Proces ten zwi\u0119ksza bezpiecze\u0144stwo konta, a tak\u017ce umo\u017cliwia wyp\u0142at\u0119 wi\u0119kszych kwot.<\/p>\n<h3>Czy mog\u0119 zmieni\u0107 has\u0142o lub adres e-mail?<\/h3>\n<p>W razie potrzeby mo\u017cna je \u0142atwo zmieni\u0107. Informacje, kt\u00f3re mo\u017cna zmieni\u0107 w ustawieniach konta, obejmuj\u0105 aktualizacj\u0119 danych kontaktowych i zabezpiecze\u0144. Przejd\u017a do zarz\u0105dzania kontem, gdzie mo\u017cesz zmieni\u0107 has\u0142o lub adres e-mail. Aby uzyska\u0107 dodatkow\u0105 pomoc, zostaw wiadomo\u015b\u0107 dla naszego wieloj\u0119zycznego zespo\u0142u wsparcia technicznego za po\u015brednictwem czatu na \u017cywo.<\/p>\n<h3>Co nale\u017cy zrobi\u0107, je\u015bli moje konto zosta\u0142o zablokowane?<\/h3>\n<p>Je\u015bli nasz system podejrzewa jakiekolwiek nieprawid\u0142owo\u015bci, istnieje ryzyko zablokowania konta. Je\u015bli jednak nie prowadzisz \u017cadnych nieuczciwych dzia\u0142a\u0144 i mo\u017cesz to udowodni\u0107, po prostu zaloguj si\u0119 do Spinsahara i skontaktuj si\u0119 z naszym zespo\u0142em pomocy technicznej za po\u015brednictwem czatu na \u017cywo lub poczty elektronicznej. Pomog\u0105 Ci oni zidentyfikowa\u0107 si\u0119 i odzyska\u0107 dost\u0119p. Blokady kont s\u0105 zazwyczaj wynikiem dzia\u0142a\u0144 zwi\u0105zanych z bezpiecze\u0144stwem lub oczekuj\u0105c\u0105 weryfikacj\u0105, a szybka pomoc techniczna pozwoli unikn\u0105\u0107 wielu niedogodno\u015bci.<\/p>\n<h3>Jak zamkn\u0105\u0107 lub tymczasowo zawiesi\u0107 swoje konto?<\/h3>\n<p>Mo\u017cliwe jest zar\u00f3wno usuni\u0119cie, jak i zawieszenie konta. Aby zawiesi\u0107 konto, wystarczy poprosi\u0107 nasz zesp\u00f3\u0142 pomocy technicznej o to za po\u015brednictwem czatu na \u017cywo lub poczty elektronicznej. Zlecenia s\u0105 realizowane w kr\u00f3tkim czasie i z zachowaniem prywatno\u015bci. Nale\u017cy pami\u0119ta\u0107, \u017ce konta, kt\u00f3re zosta\u0142y zawieszone lub zamkni\u0119te, nie mog\u0105 zosta\u0107 ponownie aktywowane bez ponownej rejestracji, a wszelkie zaleg\u0142e wp\u0142aty lub wyp\u0142aty musz\u0105 zosta\u0107 zrealizowane przedtem. Prosimy wi\u0119c o podj\u0119cie \u015bwiadomej decyzji, poniewa\u017c p\u00f3\u017aniej, gdy zechcesz ponownie zalogowa\u0107 si\u0119 do Spinsahara, nie b\u0119dzie to mo\u017cliwe.<\/p>\n<\/div><\/div><\/p>\n","protected":false},"excerpt":{"rendered":"<p>Logowanie do Spinsahara i zarz\u0105dzanie kontem Spinsahara login zapewnia nieprzerwany dost\u0119p do prywatnego konta gracza. Dzi\u0119ki temu ka\u017cde logowanie do naszego kasyna b\u0119dzie przebiega\u0142o bez problem\u00f3w. Proces rejestracji jest prosty, dzi\u0119ki czemu nowi gracze mog\u0105 zarejestrowa\u0107 si\u0119 w ci\u0105gu kilku sekund i natychmiast rozpocz\u0105\u0107 gr\u0119 w wybrane przez siebie gry. W kasynie Spinsahara skupiamy si\u0119 [&hellip;]<\/p>\n","protected":false},"author":1,"featured_media":0,"parent":0,"menu_order":0,"comment_status":"closed","ping_status":"closed","template":"template-builder.php","meta":{"_acf_changed":false,"inline_featured_image":false,"footnotes":""},"class_list":["post-1643","page","type-page","status-publish","hentry"],"acf":[],"yoast_head":"<!-- This site is optimized with the Yoast SEO plugin v27.3 - https:\/\/yoast.com\/product\/yoast-seo-wordpress\/ -->\n<title>Spinsahara Logowanie \u2013 Rejestracja i zarz\u0105dzanie kontem\ufeff<\/title>\n<meta name=\"description\" content=\"Tw\u00f3rz, zarz\u0105dzaj i weryfikuj swoje konto w kasynie Spinsahara bez wysi\u0142ku. Skorzystaj z funkcji logowania Spinsahara, aby szybko zarejestrowa\u0107 si\u0119, odzyska\u0107 konto i bezpiecznie je zamkn\u0105\u0107, maj\u0105c gwarancj\u0119 ochrony.\" \/>\n<meta name=\"robots\" content=\"index, follow, max-snippet:-1, max-image-preview:large, max-video-preview:-1\" \/>\n<link rel=\"canonical\" href=\"https:\/\/thespinsahara.com\/pl\/logowanie-i-rejestracja\/\" \/>\n<meta property=\"og:locale\" content=\"pl_PL\" \/>\n<meta property=\"og:type\" content=\"article\" \/>\n<meta property=\"og:title\" content=\"Spinsahara Logowanie \u2013 Rejestracja i zarz\u0105dzanie kontem\ufeff\" \/>\n<meta property=\"og:description\" content=\"Tw\u00f3rz, zarz\u0105dzaj i weryfikuj swoje konto w kasynie Spinsahara bez wysi\u0142ku. Skorzystaj z funkcji logowania Spinsahara, aby szybko zarejestrowa\u0107 si\u0119, odzyska\u0107 konto i bezpiecznie je zamkn\u0105\u0107, maj\u0105c gwarancj\u0119 ochrony.\" \/>\n<meta property=\"og:url\" content=\"https:\/\/thespinsahara.com\/pl\/logowanie-i-rejestracja\/\" \/>\n<meta property=\"og:site_name\" content=\"spinsahara\" \/>\n<meta property=\"article:modified_time\" content=\"2026-01-08T12:45:08+00:00\" \/>\n<meta name=\"twitter:card\" content=\"summary_large_image\" \/>\n<meta name=\"twitter:label1\" content=\"Est. reading time\" \/>\n\t<meta name=\"twitter:data1\" content=\"1 minuta\" \/>\n<script type=\"application\/ld+json\" class=\"yoast-schema-graph\">{\"@context\":\"https:\\\/\\\/schema.org\",\"@graph\":[{\"@type\":\"WebPage\",\"@id\":\"https:\\\/\\\/thespinsahara.com\\\/pl\\\/logowanie-i-rejestracja\\\/\",\"url\":\"https:\\\/\\\/thespinsahara.com\\\/pl\\\/logowanie-i-rejestracja\\\/\",\"name\":\"Spinsahara Logowanie \u2013 Rejestracja i zarz\u0105dzanie kontem\ufeff\",\"isPartOf\":{\"@id\":\"https:\\\/\\\/thespinsahara.com\\\/pl\\\/#website\"},\"datePublished\":\"2026-01-08T08:10:55+00:00\",\"dateModified\":\"2026-01-08T12:45:08+00:00\",\"description\":\"Tw\u00f3rz, zarz\u0105dzaj i weryfikuj swoje konto w kasynie Spinsahara bez wysi\u0142ku. Skorzystaj z funkcji logowania Spinsahara, aby szybko zarejestrowa\u0107 si\u0119, odzyska\u0107 konto i bezpiecznie je zamkn\u0105\u0107, maj\u0105c gwarancj\u0119 ochrony.\",\"breadcrumb\":{\"@id\":\"https:\\\/\\\/thespinsahara.com\\\/pl\\\/logowanie-i-rejestracja\\\/#breadcrumb\"},\"inLanguage\":\"pl-PL\",\"potentialAction\":[{\"@type\":\"ReadAction\",\"target\":[\"https:\\\/\\\/thespinsahara.com\\\/pl\\\/logowanie-i-rejestracja\\\/\"]}]},{\"@type\":\"BreadcrumbList\",\"@id\":\"https:\\\/\\\/thespinsahara.com\\\/pl\\\/logowanie-i-rejestracja\\\/#breadcrumb\",\"itemListElement\":[{\"@type\":\"ListItem\",\"position\":1,\"name\":\"Spinsahara\",\"item\":\"https:\\\/\\\/thespinsahara.com\\\/pl\\\/\"},{\"@type\":\"ListItem\",\"position\":2,\"name\":\"Logowanie i rejestracja\"}]},{\"@type\":\"WebSite\",\"@id\":\"https:\\\/\\\/thespinsahara.com\\\/pl\\\/#website\",\"url\":\"https:\\\/\\\/thespinsahara.com\\\/pl\\\/\",\"name\":\"Spinsahara\",\"description\":\"\",\"publisher\":{\"@id\":\"https:\\\/\\\/thespinsahara.com\\\/pl\\\/#organization\"},\"potentialAction\":[{\"@type\":\"SearchAction\",\"target\":{\"@type\":\"EntryPoint\",\"urlTemplate\":\"https:\\\/\\\/thespinsahara.com\\\/pl\\\/?s={search_term_string}\"},\"query-input\":{\"@type\":\"PropertyValueSpecification\",\"valueRequired\":true,\"valueName\":\"search_term_string\"}}],\"inLanguage\":\"pl-PL\"},{\"@type\":\"Organization\",\"@id\":\"https:\\\/\\\/thespinsahara.com\\\/pl\\\/#organization\",\"name\":\"Spinsahara\",\"url\":\"https:\\\/\\\/thespinsahara.com\\\/pl\\\/\",\"logo\":{\"@type\":\"ImageObject\",\"inLanguage\":\"pl-PL\",\"@id\":\"https:\\\/\\\/thespinsahara.com\\\/pl\\\/#\\\/schema\\\/logo\\\/image\\\/\",\"url\":\"https:\\\/\\\/thespinsahara.com\\\/wp-content\\\/uploads\\\/2026\\\/01\\\/logo.svg\",\"contentUrl\":\"https:\\\/\\\/thespinsahara.com\\\/wp-content\\\/uploads\\\/2026\\\/01\\\/logo.svg\",\"caption\":\"Spinsahara\"},\"image\":{\"@id\":\"https:\\\/\\\/thespinsahara.com\\\/pl\\\/#\\\/schema\\\/logo\\\/image\\\/\"}}]}<\/script>\n<!-- \/ Yoast SEO plugin. -->","yoast_head_json":{"title":"Spinsahara Logowanie \u2013 Rejestracja i zarz\u0105dzanie kontem\ufeff","description":"Tw\u00f3rz, zarz\u0105dzaj i weryfikuj swoje konto w kasynie Spinsahara bez wysi\u0142ku. Skorzystaj z funkcji logowania Spinsahara, aby szybko zarejestrowa\u0107 si\u0119, odzyska\u0107 konto i bezpiecznie je zamkn\u0105\u0107, maj\u0105c gwarancj\u0119 ochrony.","robots":{"index":"index","follow":"follow","max-snippet":"max-snippet:-1","max-image-preview":"max-image-preview:large","max-video-preview":"max-video-preview:-1"},"canonical":"https:\/\/thespinsahara.com\/pl\/logowanie-i-rejestracja\/","og_locale":"pl_PL","og_type":"article","og_title":"Spinsahara Logowanie \u2013 Rejestracja i zarz\u0105dzanie kontem\ufeff","og_description":"Tw\u00f3rz, zarz\u0105dzaj i weryfikuj swoje konto w kasynie Spinsahara bez wysi\u0142ku. Skorzystaj z funkcji logowania Spinsahara, aby szybko zarejestrowa\u0107 si\u0119, odzyska\u0107 konto i bezpiecznie je zamkn\u0105\u0107, maj\u0105c gwarancj\u0119 ochrony.","og_url":"https:\/\/thespinsahara.com\/pl\/logowanie-i-rejestracja\/","og_site_name":"spinsahara","article_modified_time":"2026-01-08T12:45:08+00:00","twitter_card":"summary_large_image","twitter_misc":{"Est. reading time":"1 minuta"},"schema":{"@context":"https:\/\/schema.org","@graph":[{"@type":"WebPage","@id":"https:\/\/thespinsahara.com\/pl\/logowanie-i-rejestracja\/","url":"https:\/\/thespinsahara.com\/pl\/logowanie-i-rejestracja\/","name":"Spinsahara Logowanie \u2013 Rejestracja i zarz\u0105dzanie kontem\ufeff","isPartOf":{"@id":"https:\/\/thespinsahara.com\/pl\/#website"},"datePublished":"2026-01-08T08:10:55+00:00","dateModified":"2026-01-08T12:45:08+00:00","description":"Tw\u00f3rz, zarz\u0105dzaj i weryfikuj swoje konto w kasynie Spinsahara bez wysi\u0142ku. Skorzystaj z funkcji logowania Spinsahara, aby szybko zarejestrowa\u0107 si\u0119, odzyska\u0107 konto i bezpiecznie je zamkn\u0105\u0107, maj\u0105c gwarancj\u0119 ochrony.","breadcrumb":{"@id":"https:\/\/thespinsahara.com\/pl\/logowanie-i-rejestracja\/#breadcrumb"},"inLanguage":"pl-PL","potentialAction":[{"@type":"ReadAction","target":["https:\/\/thespinsahara.com\/pl\/logowanie-i-rejestracja\/"]}]},{"@type":"BreadcrumbList","@id":"https:\/\/thespinsahara.com\/pl\/logowanie-i-rejestracja\/#breadcrumb","itemListElement":[{"@type":"ListItem","position":1,"name":"Spinsahara","item":"https:\/\/thespinsahara.com\/pl\/"},{"@type":"ListItem","position":2,"name":"Logowanie i rejestracja"}]},{"@type":"WebSite","@id":"https:\/\/thespinsahara.com\/pl\/#website","url":"https:\/\/thespinsahara.com\/pl\/","name":"Spinsahara","description":"","publisher":{"@id":"https:\/\/thespinsahara.com\/pl\/#organization"},"potentialAction":[{"@type":"SearchAction","target":{"@type":"EntryPoint","urlTemplate":"https:\/\/thespinsahara.com\/pl\/?s={search_term_string}"},"query-input":{"@type":"PropertyValueSpecification","valueRequired":true,"valueName":"search_term_string"}}],"inLanguage":"pl-PL"},{"@type":"Organization","@id":"https:\/\/thespinsahara.com\/pl\/#organization","name":"Spinsahara","url":"https:\/\/thespinsahara.com\/pl\/","logo":{"@type":"ImageObject","inLanguage":"pl-PL","@id":"https:\/\/thespinsahara.com\/pl\/#\/schema\/logo\/image\/","url":"https:\/\/thespinsahara.com\/wp-content\/uploads\/2026\/01\/logo.svg","contentUrl":"https:\/\/thespinsahara.com\/wp-content\/uploads\/2026\/01\/logo.svg","caption":"Spinsahara"},"image":{"@id":"https:\/\/thespinsahara.com\/pl\/#\/schema\/logo\/image\/"}}]}},"_links":{"self":[{"href":"https:\/\/thespinsahara.com\/pl\/wp-json\/wp\/v2\/pages\/1643","targetHints":{"allow":["GET"]}}],"collection":[{"href":"https:\/\/thespinsahara.com\/pl\/wp-json\/wp\/v2\/pages"}],"about":[{"href":"https:\/\/thespinsahara.com\/pl\/wp-json\/wp\/v2\/types\/page"}],"author":[{"embeddable":true,"href":"https:\/\/thespinsahara.com\/pl\/wp-json\/wp\/v2\/users\/1"}],"replies":[{"embeddable":true,"href":"https:\/\/thespinsahara.com\/pl\/wp-json\/wp\/v2\/comments?post=1643"}],"version-history":[{"count":2,"href":"https:\/\/thespinsahara.com\/pl\/wp-json\/wp\/v2\/pages\/1643\/revisions"}],"predecessor-version":[{"id":1868,"href":"https:\/\/thespinsahara.com\/pl\/wp-json\/wp\/v2\/pages\/1643\/revisions\/1868"}],"wp:attachment":[{"href":"https:\/\/thespinsahara.com\/pl\/wp-json\/wp\/v2\/media?parent=1643"}],"curies":[{"name":"wp","href":"https:\/\/api.w.org\/{rel}","templated":true}]}}